{"id":70440,"date":"2026-05-15T05:48:49","date_gmt":"2026-05-15T04:48:49","guid":{"rendered":"https:\/\/mafourniture.ma\/produit\/pince-agrafeuse-maped-expert-pour-agrafes-24-6-8-et-26-6-8-metal-450510\/"},"modified":"2026-05-15T06:34:24","modified_gmt":"2026-05-15T05:34:24","slug":"pince-agrafeuse-maped-expert-pour-agrafes-24-6-8-et-26-6-8-metal-450510","status":"publish","type":"product","link":"https:\/\/mafourniture.ma\/ar\/product\/pince-agrafeuse-maped-expert-pour-agrafes-24-6-8-et-26-6-8-metal-450510\/","title":{"rendered":"PINCE AGRAFEUSE MAPED EXPERT POUR AGRAFES 24\/6-8 ET 26\/6-8 METAL 450510"},"content":{"rendered":"<p>Expert<br \/>Pour un usage intensif.<br \/>M\u00e9canisme et corps m\u00e9tal. Anti-glisse sur zone d&rsquo;appui, visualisation du stock d&rsquo;agrafes restant et \u00f4te-agrafes int\u00e9gr\u00e9. Chargement des agrafes par l&rsquo;avant.<br \/>Profondeur de gorge : 60 mm. Coloris Gris.<br \/>Pour 24\/6-8 et 26\/6-8, m\u00e9canisme anti-blocage.<\/p>","protected":false},"excerpt":{"rendered":"<p>ExpertPour un usage intensif.M\u00e9canisme et corps m\u00e9tal. Anti-glisse sur zone d&rsquo;appui, visualisation du stock d&rsquo;agrafes restant et \u00f4te-agrafes int\u00e9gr\u00e9. Chargement<\/p>","protected":false},"featured_media":0,"comment_status":"open","ping_status":"closed","template":"","meta":[],"pwb-brand":[631],"product_brand":[],"product_cat":[1343,800,657,597],"product_tag":[],"class_list":{"0":"post-70440","1":"product","2":"type-product","3":"status-publish","5":"pwb-brand-maped","6":"product_cat-26-8","7":"product_cat-agrafeuse","8":"product_cat-attache-et-fixation","9":"product_cat-fournitures-de-bureau","11":"first","12":"instock","13":"taxable","14":"shipping-taxable","15":"purchasable","16":"product-type-simple"},"jetpack_sharing_enabled":true,"brands":[{"id":631,"name":"MAPED","slug":"maped"}],"_links":{"self":[{"href":"https:\/\/mafourniture.ma\/ar\/wp-json\/wp\/v2\/product\/70440","targetHints":{"allow":["GET"]}}],"collection":[{"href":"https:\/\/mafourniture.ma\/ar\/wp-json\/wp\/v2\/product"}],"about":[{"href":"https:\/\/mafourniture.ma\/ar\/wp-json\/wp\/v2\/types\/product"}],"replies":[{"embeddable":true,"href":"https:\/\/mafourniture.ma\/ar\/wp-json\/wp\/v2\/comments?post=70440"}],"version-history":[{"count":0,"href":"https:\/\/mafourniture.ma\/ar\/wp-json\/wp\/v2\/product\/70440\/revisions"}],"wp:attachment":[{"href":"https:\/\/mafourniture.ma\/ar\/wp-json\/wp\/v2\/media?parent=70440"}],"wp:term":[{"taxonomy":"pwb-brand","embeddable":true,"href":"https:\/\/mafourniture.ma\/ar\/wp-json\/wp\/v2\/pwb-brand?post=70440"},{"taxonomy":"product_brand","embeddable":true,"href":"https:\/\/mafourniture.ma\/ar\/wp-json\/wp\/v2\/product_brand?post=70440"},{"taxonomy":"product_cat","embeddable":true,"href":"https:\/\/mafourniture.ma\/ar\/wp-json\/wp\/v2\/product_cat?post=70440"},{"taxonomy":"product_tag","embeddable":true,"href":"https:\/\/mafourniture.ma\/ar\/wp-json\/wp\/v2\/product_tag?post=70440"}],"curies":[{"name":"wp","href":"https:\/\/api.w.org\/{rel}","templated":true}]}}