{"id":46805,"date":"2026-01-17T04:13:49","date_gmt":"2026-01-17T03:13:49","guid":{"rendered":"https:\/\/mafourniture.ma\/produit\/calculatrice-casio-ref-jw-200sc-we-12-digits-2\/"},"modified":"2026-05-02T06:29:54","modified_gmt":"2026-05-02T05:29:54","slug":"calculatrice-casio-ref-jw-200sc-we-12-digits-2","status":"publish","type":"product","link":"https:\/\/mafourniture.ma\/ar\/product\/calculatrice-casio-ref-jw-200sc-we-12-digits-2\/","title":{"rendered":"CALCULATRICE CASIO REF JW-200SC-WE 12 DIGITS"},"content":{"rendered":"<p>Source d&rsquo;alimentation: Baterie\/Solar<br \/>Marque: Casio<br \/>Couleur: Blanc<br \/>Nom de mod\u00e8le: JW-200SC-WE<br \/>Dimensions de l&rsquo;article L x l x H: 18.4 x 10.9 x 1.1 centim\u00e8tres<br \/>Type d&rsquo;affichage: LCD<\/p>\n<p>&#8211; Affichage 12 chiffres, Grand \u00e9cran inclinable, Double alimentation (pile + \u00e9nergie solaire), Conversions mon\u00e9taires (4 m\u00e9moires de conversion), Calcul de taxes<br \/>&#8211; M\u00e9moire \u00ab Total g\u00e9n\u00e9ral \u00bb, M\u00e9moire ind\u00e9pendante, S\u00e9lecteur d\u2019arrondis, Calcul de pourcentage, S\u00e9parateur de milliers<br \/>&#8211; Touche racine carr\u00e9e, Touche double z\u00e9ro, Touche changement de signe, Touche de correction rapide<\/p>","protected":false},"excerpt":{"rendered":"<p>Source d&rsquo;alimentation: Baterie\/SolarMarque: CasioCouleur: BlancNom de mod\u00e8le: JW-200SC-WEDimensions de l&rsquo;article L x l x H: 18.4 x 10.9 x 1.1<\/p>","protected":false},"featured_media":0,"comment_status":"open","ping_status":"closed","template":"","meta":[],"pwb-brand":[],"product_brand":[],"product_cat":[655,597,641],"product_tag":[],"class_list":{"0":"post-46805","1":"product","2":"type-product","3":"status-publish","5":"product_cat-calculatrices","6":"product_cat-fournitures-de-bureau","7":"product_cat-machines-de-bureau","9":"first","10":"instock","11":"taxable","12":"shipping-taxable","13":"purchasable","14":"product-type-simple"},"jetpack_sharing_enabled":true,"brands":[],"_links":{"self":[{"href":"https:\/\/mafourniture.ma\/ar\/wp-json\/wp\/v2\/product\/46805","targetHints":{"allow":["GET"]}}],"collection":[{"href":"https:\/\/mafourniture.ma\/ar\/wp-json\/wp\/v2\/product"}],"about":[{"href":"https:\/\/mafourniture.ma\/ar\/wp-json\/wp\/v2\/types\/product"}],"replies":[{"embeddable":true,"href":"https:\/\/mafourniture.ma\/ar\/wp-json\/wp\/v2\/comments?post=46805"}],"version-history":[{"count":0,"href":"https:\/\/mafourniture.ma\/ar\/wp-json\/wp\/v2\/product\/46805\/revisions"}],"wp:attachment":[{"href":"https:\/\/mafourniture.ma\/ar\/wp-json\/wp\/v2\/media?parent=46805"}],"wp:term":[{"taxonomy":"pwb-brand","embeddable":true,"href":"https:\/\/mafourniture.ma\/ar\/wp-json\/wp\/v2\/pwb-brand?post=46805"},{"taxonomy":"product_brand","embeddable":true,"href":"https:\/\/mafourniture.ma\/ar\/wp-json\/wp\/v2\/product_brand?post=46805"},{"taxonomy":"product_cat","embeddable":true,"href":"https:\/\/mafourniture.ma\/ar\/wp-json\/wp\/v2\/product_cat?post=46805"},{"taxonomy":"product_tag","embeddable":true,"href":"https:\/\/mafourniture.ma\/ar\/wp-json\/wp\/v2\/product_tag?post=46805"}],"curies":[{"name":"wp","href":"https:\/\/api.w.org\/{rel}","templated":true}]}}