{"id":46795,"date":"2026-01-15T04:14:03","date_gmt":"2026-01-15T03:14:03","guid":{"rendered":"https:\/\/mafourniture.ma\/produit\/imprimante-canon-mf3010-laser-230v-eu2\/"},"modified":"2026-05-16T06:49:59","modified_gmt":"2026-05-16T05:49:59","slug":"imprimante-canon-mf3010-laser-230v-eu2","status":"publish","type":"product","link":"https:\/\/mafourniture.ma\/ar\/product\/imprimante-canon-mf3010-laser-230v-eu2\/","title":{"rendered":"IMPRIMANTE CANON MF3010 LASER 230V EU2"},"content":{"rendered":"<p>i-SENSYS MF3010<br \/>Effectuez des impressions, des copies et des num\u00e9risations rapides comme bon vous semble, directement depuis votre bureau, avec cette imprimante laser noir et blanc compacte. Id\u00e9ale pour les particuliers et les bureaux de petite taille, elle est simple \u00e0 utiliser et \u00e9conome en \u00e9nergie.<\/p>\n<p>Points forts<br \/>Multifonction laser noir et blanc de bureau 3-en-1 : impression, copie et num\u00e9risation<br \/>Design moderne et irr\u00e9sistible<br \/>\u00c9cran vertical facile \u00e0 utiliser<br \/>18 ppm, premi\u00e8re sortie en 7,8 secondes<br \/>Faible consommation d&rsquo;\u00e9nergie<\/p>\n<p>Sp\u00e9cifications d&rsquo;impression<br \/>TYPE<br \/>Type d&rsquo;appareil<br \/>Multifonction laser noir et blanc tout-en-un<\/p>\n<p>Fonctions disponibles<br \/>Impression, copie et num\u00e9risation<\/p>\n<p>IMPRIMANTE<br \/>Vitesse d&rsquo;impression<br \/>Jusqu&rsquo;\u00e0 18 ppm (A4)<\/p>\n<p>M\u00e9thode d&rsquo;impression<br \/>Impression noir et blanc par syst\u00e8me \u00e0 faisceau laser<\/p>\n<p>Qualit\u00e9 d&rsquo;impression<br \/>Jusqu&rsquo;\u00e0 1200 x 600 dpi avec la fonction de lissage automatique de l&rsquo;image<\/p>\n<p>R\u00e9solution d&rsquo;impression<br \/>600 x 400 dpi<\/p>\n<p>Temps de sortie de la premi\u00e8re impression<br \/>7,8 sec.<\/p>\n<p>Langages de l&rsquo;imprimante<br \/>UFRII-LT<\/p>\n<p>Marges d&rsquo;impression<br \/>5 mm haut, 6 mm bas ; 5 mm gauche et droite<\/p>\n<p>Mode d&rsquo;\u00e9conomie d&rsquo;encre<br \/>Oui<\/p>\n<p>COPIEUR<br \/>Vitesse de copie<br \/>Jusqu&rsquo;\u00e0 18 ppm (A4)<\/p>\n<p>Temps de sortie de la premi\u00e8re copie<br \/>Environ 12 secondes maximum<\/p>\n<p>R\u00e9solution de copie<br \/>Jusqu&rsquo;\u00e0 600 \u00d7 600 dpi<\/p>\n<p>Modes de copie<br \/>Texte, Texte\/Photo, Texte\/Photo+, Photo<\/p>\n<p>Copies multiples<br \/>Jusqu&rsquo;\u00e0 9 copies<\/p>\n<p>R\u00e9duction \/ Agrandissement<br \/>50 \u00e0 200 % par incr\u00e9ments de 10 %<\/p>\n<p>Mode d&rsquo;\u00e9conomie d&rsquo;encre<br \/>Non<\/p>\n<p>Autres caract\u00e9ristiques<br \/>2 en 1, copie de cartes d&rsquo;identit\u00e9<\/p>\n<p>FONCTIONS D&rsquo;ENVOI<br \/>SCANNERS<br \/>Type<br \/>Couleur<\/p>\n<p>R\u00e9solution de num\u00e9risation<br \/>Optique : jusqu&rsquo;\u00e0 600 \u00d7 600 dpi<br \/>Am\u00e9lior\u00e9e : jusqu&rsquo;\u00e0 9600 \u00d7 9600 dpi<\/p>\n<p>Profondeur de num\u00e9risation de couleur<br \/>24 bits\/24 bits (entr\u00e9e\/sortie)<\/p>\n<p>Niveaux de gris<br \/>256 niveaux<\/p>\n<p>Compatibilit\u00e9<br \/>TWAIN, WIA<\/p>\n<p>Largeur de num\u00e9risation max.<br \/>216 mm<\/p>\n<p>T\u00c9L\u00c9COPIEUR<br \/>GESTION DES SUPPORTS<br \/>Type de scanner<br \/>Scanner \u00e0 plat<\/p>\n<p>Chargeur papier (Standard)<br \/>Bac de 150 feuilles<\/p>\n<p>Sortie papier<br \/>100 feuilles<\/p>\n<p>Types de support<br \/>Papier ordinaire, papier \u00e9pais, papier recycl\u00e9, transparent, \u00e9tiquette, enveloppe, fiche<\/p>\n<p>Formats de support<br \/>Bac :<br \/>A4, B5, A5, Executive, Enveloppe (COM10, Monarch, DL, B5, C5), LTR, LGL, Statement, formats personnalis\u00e9s : largeur 76 x 216 mm ; longueur 127 x 356 mm.<\/p>\n<p>Grammages de support<br \/>Bac : 60 \u00e0 163 g\/m<\/p>\n<p>INTERFACE &amp; LOGICIEL<br \/>Type d&rsquo;interface<br \/>USB 2.0 Haute-vitesse<\/p>\n<p>Compatibilit\u00e9 avec syst\u00e8mes d&rsquo;exploitation<br \/>Windows 7\/2000\/XP\/Vista<br \/>Mac OS X version 10.4.9 &#8211; 10.7.x<br \/>Linux\u00b2<\/p>\n<p>Gestion du logiciel et de l&rsquo;imprimante<br \/>Presto! Page Manager, MF Toolbox<\/p>\n<p>FONCTIONS G\u00c9N\u00c9RALE<br \/>Cycle de travail<br \/>Max. 8000 pages par mois<\/p>\n<p>Temps de pr\u00e9chauffage<br \/>Environ 10 secondes depuis la mise sous tension<\/p>\n<p>M\u00e9moire<br \/>64 Mo<\/p>\n<p>Panneau de commande<br \/>DEL \u00e0 1 chiffre<\/p>\n<p>Dimensions avec bacs (L x P x H)<br \/>372 x 276 x 254 mm<\/p>\n<p>Espace requis pour l&rsquo;installation (L x P x H)<br \/>572 x 632 x 608 mm<\/p>\n<p>Poids<br \/>8,2 kg<\/p>\n<p>Environnement de fonctionnement<br \/>Temp\u00e9rature : 10 \u00e0 30 \u00b0C<br \/>Humidit\u00e9 relative : 20 \u00e0 80 % (sans condensation)<\/p>\n<p>Alimentation<br \/>220-240 V (\u00b110 %), 50\/60 Hz (\u00b12 Hz)<\/p>\n<p>Consommation \u00e9lectrique<br \/>Maximum : environ 960 W<br \/>En fonctionnement : environ 450 W<br \/>En veille : environ 1,4 W<br \/>Consommation \u00e9lectrique typique : 0,6 kWh<br \/>Lot26 (http:\/\/www.canon-europe.com\/For_Work\/Lot26\/index.aspx)<\/p>\n<p>Niveaux de bruit<br \/>Puissance sonore<br \/>Pendant l&rsquo;utilisation : 65,3 dB maximum<br \/>En attente : 43 dB maximum<br \/>Pression sonore<br \/>Pendant l&rsquo;utilisation : 50,4 dB<br \/>En attente : inaudible<\/p>\n<p>CONSOMMABLES<br \/>Cartouches<br \/>Cartouche 725 (1 600 pages)<\/p>","protected":false},"excerpt":{"rendered":"<p>i-SENSYS MF3010Effectuez des impressions, des copies et des num\u00e9risations rapides comme bon vous semble, directement depuis votre bureau, avec cette<\/p>","protected":false},"featured_media":0,"comment_status":"open","ping_status":"closed","template":"","meta":[],"pwb-brand":[764],"product_brand":[],"product_cat":[711,710,585,1092],"product_tag":[],"class_list":{"0":"post-46795","1":"product","2":"type-product","3":"status-publish","5":"pwb-brand-canon","6":"product_cat-imprimantes-laser","7":"product_cat-materiel-dimpression","8":"product_cat-materiels-informatiques","9":"product_cat-multifonction-imprimantes-laser","11":"first","12":"instock","13":"taxable","14":"shipping-taxable","15":"purchasable","16":"product-type-simple"},"jetpack_sharing_enabled":true,"brands":[{"id":764,"name":"CANON","slug":"canon"}],"_links":{"self":[{"href":"https:\/\/mafourniture.ma\/ar\/wp-json\/wp\/v2\/product\/46795","targetHints":{"allow":["GET"]}}],"collection":[{"href":"https:\/\/mafourniture.ma\/ar\/wp-json\/wp\/v2\/product"}],"about":[{"href":"https:\/\/mafourniture.ma\/ar\/wp-json\/wp\/v2\/types\/product"}],"replies":[{"embeddable":true,"href":"https:\/\/mafourniture.ma\/ar\/wp-json\/wp\/v2\/comments?post=46795"}],"version-history":[{"count":1,"href":"https:\/\/mafourniture.ma\/ar\/wp-json\/wp\/v2\/product\/46795\/revisions"}],"predecessor-version":[{"id":46796,"href":"https:\/\/mafourniture.ma\/ar\/wp-json\/wp\/v2\/product\/46795\/revisions\/46796"}],"wp:attachment":[{"href":"https:\/\/mafourniture.ma\/ar\/wp-json\/wp\/v2\/media?parent=46795"}],"wp:term":[{"taxonomy":"pwb-brand","embeddable":true,"href":"https:\/\/mafourniture.ma\/ar\/wp-json\/wp\/v2\/pwb-brand?post=46795"},{"taxonomy":"product_brand","embeddable":true,"href":"https:\/\/mafourniture.ma\/ar\/wp-json\/wp\/v2\/product_brand?post=46795"},{"taxonomy":"product_cat","embeddable":true,"href":"https:\/\/mafourniture.ma\/ar\/wp-json\/wp\/v2\/product_cat?post=46795"},{"taxonomy":"product_tag","embeddable":true,"href":"https:\/\/mafourniture.ma\/ar\/wp-json\/wp\/v2\/product_tag?post=46795"}],"curies":[{"name":"wp","href":"https:\/\/api.w.org\/{rel}","templated":true}]}}