{"id":42307,"date":"2026-01-09T05:28:13","date_gmt":"2026-01-09T04:28:13","guid":{"rendered":"https:\/\/mafourniture.ma\/produit\/ciseaux-17cm-staedtler-noris-965-2\/"},"modified":"2026-04-29T06:25:13","modified_gmt":"2026-04-29T05:25:13","slug":"ciseaux-17cm-staedtler-noris-965-2","status":"publish","type":"product","link":"https:\/\/mafourniture.ma\/ar\/product\/ciseaux-17cm-staedtler-noris-965-2\/","title":{"rendered":"CISEAUX 17CM STAEDTLER NORIS 965"},"content":{"rendered":"<p>Blister d&rsquo;une paire de ciseaux avec lames 17 cm<\/p>\n<p>Pour d\u00e9coupage haute qualit\u00e9<br \/>Lames en acier inoxydable<br \/>Grip doux et ergonomique<br \/>Longue dur\u00e9e de vie<\/p>","protected":false},"excerpt":{"rendered":"<p>Blister d&rsquo;une paire de ciseaux avec lames 17 cm Pour d\u00e9coupage haute qualit\u00e9Lames en acier inoxydableGrip doux et ergonomiqueLongue dur\u00e9e<\/p>","protected":false},"featured_media":0,"comment_status":"open","ping_status":"closed","template":"","meta":[],"pwb-brand":[726],"product_brand":[],"product_cat":[803,593,628],"product_tag":[],"class_list":{"0":"post-42307","1":"product","2":"type-product","3":"status-publish","5":"pwb-brand-staedlter","6":"product_cat-ciseaux","7":"product_cat-fournitures-scolaires","8":"product_cat-petites-fournitures","10":"first","11":"instock","12":"purchasable","13":"product-type-simple"},"jetpack_sharing_enabled":true,"brands":[{"id":726,"name":"STAEDLTER","slug":"staedlter"}],"_links":{"self":[{"href":"https:\/\/mafourniture.ma\/ar\/wp-json\/wp\/v2\/product\/42307","targetHints":{"allow":["GET"]}}],"collection":[{"href":"https:\/\/mafourniture.ma\/ar\/wp-json\/wp\/v2\/product"}],"about":[{"href":"https:\/\/mafourniture.ma\/ar\/wp-json\/wp\/v2\/types\/product"}],"replies":[{"embeddable":true,"href":"https:\/\/mafourniture.ma\/ar\/wp-json\/wp\/v2\/comments?post=42307"}],"version-history":[{"count":0,"href":"https:\/\/mafourniture.ma\/ar\/wp-json\/wp\/v2\/product\/42307\/revisions"}],"wp:attachment":[{"href":"https:\/\/mafourniture.ma\/ar\/wp-json\/wp\/v2\/media?parent=42307"}],"wp:term":[{"taxonomy":"pwb-brand","embeddable":true,"href":"https:\/\/mafourniture.ma\/ar\/wp-json\/wp\/v2\/pwb-brand?post=42307"},{"taxonomy":"product_brand","embeddable":true,"href":"https:\/\/mafourniture.ma\/ar\/wp-json\/wp\/v2\/product_brand?post=42307"},{"taxonomy":"product_cat","embeddable":true,"href":"https:\/\/mafourniture.ma\/ar\/wp-json\/wp\/v2\/product_cat?post=42307"},{"taxonomy":"product_tag","embeddable":true,"href":"https:\/\/mafourniture.ma\/ar\/wp-json\/wp\/v2\/product_tag?post=42307"}],"curies":[{"name":"wp","href":"https:\/\/api.w.org\/{rel}","templated":true}]}}