{"id":41669,"date":"2025-11-15T04:14:28","date_gmt":"2025-11-15T03:14:28","guid":{"rendered":"https:\/\/mafourniture.ma\/produit\/ramette-papier-archer-80gr-a4\/"},"modified":"2026-04-30T10:42:32","modified_gmt":"2026-04-30T09:42:32","slug":"ramette-papier-archer-80gr-a4","status":"publish","type":"product","link":"https:\/\/mafourniture.ma\/ar\/product\/ramette-papier-archer-80gr-a4\/","title":{"rendered":"RAMETTE PAPIER ARCHER 80GR A4"},"content":{"rendered":"<p>Inacopia Elite, A4, 90g \/ m\u00b2, blanc, 500 feuilles<\/p>\n<p>Avec sa qualit\u00e9 exceptionnelle, Inacopia elite garantit des r\u00e9sultats d&rsquo;impression parfaits pour vos applications bureautiques exigeantes. Inacopia Elite convient \u00e0 tous les appareils laser, \u00e0 jet d&rsquo;encre et copieurs modernes. Gr\u00e2ce \u00e0 son opacit\u00e9 et \u00e0 son \u00e9paisseur \u00e9lev\u00e9es, Inacopia elite est le choix id\u00e9al pour les impressions recto verso sans transparence. La large gamme de grammages diff\u00e9rents en fait \u00e9galement le support id\u00e9al pour votre correspondance professionnelle. Obtenu le label \u00e9cologique de l&rsquo;UE et la certification FSC, il r\u00e9pond aux exigences les plus \u00e9lev\u00e9es en mati\u00e8re de production de papier durable.<\/p>","protected":false},"excerpt":{"rendered":"<p>Inacopia Elite, A4, 90g \/ m\u00b2, blanc, 500 feuilles Avec sa qualit\u00e9 exceptionnelle, Inacopia elite garantit des r\u00e9sultats d&rsquo;impression parfaits<\/p>","protected":false},"featured_media":0,"comment_status":"open","ping_status":"closed","template":"","meta":[],"pwb-brand":[713],"product_brand":[],"product_cat":[615,616,617],"product_tag":[],"class_list":{"0":"post-41669","1":"product","2":"type-product","3":"status-publish","5":"pwb-brand-inacopia","6":"product_cat-papeterie-et-fournitures-artistiques","7":"product_cat-papier","8":"product_cat-ramette-de-papier","10":"first","11":"instock","12":"taxable","13":"shipping-taxable","14":"purchasable","15":"product-type-simple"},"jetpack_sharing_enabled":true,"brands":[{"id":713,"name":"INACOPIA","slug":"inacopia"}],"_links":{"self":[{"href":"https:\/\/mafourniture.ma\/ar\/wp-json\/wp\/v2\/product\/41669","targetHints":{"allow":["GET"]}}],"collection":[{"href":"https:\/\/mafourniture.ma\/ar\/wp-json\/wp\/v2\/product"}],"about":[{"href":"https:\/\/mafourniture.ma\/ar\/wp-json\/wp\/v2\/types\/product"}],"replies":[{"embeddable":true,"href":"https:\/\/mafourniture.ma\/ar\/wp-json\/wp\/v2\/comments?post=41669"}],"version-history":[{"count":0,"href":"https:\/\/mafourniture.ma\/ar\/wp-json\/wp\/v2\/product\/41669\/revisions"}],"wp:attachment":[{"href":"https:\/\/mafourniture.ma\/ar\/wp-json\/wp\/v2\/media?parent=41669"}],"wp:term":[{"taxonomy":"pwb-brand","embeddable":true,"href":"https:\/\/mafourniture.ma\/ar\/wp-json\/wp\/v2\/pwb-brand?post=41669"},{"taxonomy":"product_brand","embeddable":true,"href":"https:\/\/mafourniture.ma\/ar\/wp-json\/wp\/v2\/product_brand?post=41669"},{"taxonomy":"product_cat","embeddable":true,"href":"https:\/\/mafourniture.ma\/ar\/wp-json\/wp\/v2\/product_cat?post=41669"},{"taxonomy":"product_tag","embeddable":true,"href":"https:\/\/mafourniture.ma\/ar\/wp-json\/wp\/v2\/product_tag?post=41669"}],"curies":[{"name":"wp","href":"https:\/\/api.w.org\/{rel}","templated":true}]}}