{"id":41188,"date":"2025-09-29T17:01:31","date_gmt":"2025-09-29T16:01:31","guid":{"rendered":"https:\/\/mafourniture.ma\/produit\/bic-marking-2300-ecolutions-marqueurs-permanents-a-pointe-moyenne-biseautee-rouge\/"},"modified":"2026-04-17T05:33:58","modified_gmt":"2026-04-17T04:33:58","slug":"bic-marking-2300-ecolutions-marqueurs-permanents-a-pointe-moyenne-biseautee-rouge","status":"publish","type":"product","link":"https:\/\/mafourniture.ma\/ar\/product\/bic-marking-2300-ecolutions-marqueurs-permanents-a-pointe-moyenne-biseautee-rouge\/","title":{"rendered":"BIC MARKING 2300 ECOLUTIONS MARQUEURS PERMANENTS A POINTE MOYENNE BISEAUTE &#8211; ROUGE"},"content":{"rendered":"<p>Marqueurs ind\u00e9l\u00e9biles id\u00e9al pour \u00e9crire sur la plupart des surfaces : cartons, plastiques, m\u00e9taux, CD<br \/>Leur pointe biseaut\u00e9e tr\u00e8s r\u00e9sistante permet de faire varier l&rsquo;\u00e9paisseur des trac\u00e9s entre 3,7 et 5,5 mm<br \/>Son encre est optimale : elle s\u00e8che rapidement sur tous les supports, son odeur est neutre et sa couleur r\u00e9siste \u00e0 la lumi\u00e8re<br \/>Longue vie \u00e0 ce feutre ind\u00e9l\u00e9bile : il \u00e9crit plus d&rsquo;1 km et peut rester d\u00e9capuchonn\u00e9 un mois sans s\u00e9cher<br \/>Eco-responsables, ces marqueurs permanents BIC utilisent 51% de mat\u00e9riaux recycl\u00e9s (\u00e0 l&rsquo;exception du syst\u00e8me d&rsquo;encre)<\/p>","protected":false},"excerpt":{"rendered":"<p>Marqueurs ind\u00e9l\u00e9biles id\u00e9al pour \u00e9crire sur la plupart des surfaces : cartons, plastiques, m\u00e9taux, CDLeur pointe biseaut\u00e9e tr\u00e8s r\u00e9sistante permet<\/p>","protected":false},"featured_media":0,"comment_status":"open","ping_status":"closed","template":"","meta":[],"pwb-brand":[690],"product_brand":[],"product_cat":[645,597,739],"product_tag":[],"class_list":{"0":"post-41188","1":"product","2":"type-product","3":"status-publish","5":"pwb-brand-bic","6":"product_cat-ecriture-et-correction","7":"product_cat-fournitures-de-bureau","8":"product_cat-marqueurs-ecriture-et-correction","10":"first","11":"instock","12":"taxable","13":"shipping-taxable","14":"purchasable","15":"product-type-simple"},"jetpack_sharing_enabled":true,"brands":[{"id":690,"name":"BIC","slug":"bic"}],"_links":{"self":[{"href":"https:\/\/mafourniture.ma\/ar\/wp-json\/wp\/v2\/product\/41188","targetHints":{"allow":["GET"]}}],"collection":[{"href":"https:\/\/mafourniture.ma\/ar\/wp-json\/wp\/v2\/product"}],"about":[{"href":"https:\/\/mafourniture.ma\/ar\/wp-json\/wp\/v2\/types\/product"}],"replies":[{"embeddable":true,"href":"https:\/\/mafourniture.ma\/ar\/wp-json\/wp\/v2\/comments?post=41188"}],"version-history":[{"count":1,"href":"https:\/\/mafourniture.ma\/ar\/wp-json\/wp\/v2\/product\/41188\/revisions"}],"predecessor-version":[{"id":41505,"href":"https:\/\/mafourniture.ma\/ar\/wp-json\/wp\/v2\/product\/41188\/revisions\/41505"}],"wp:attachment":[{"href":"https:\/\/mafourniture.ma\/ar\/wp-json\/wp\/v2\/media?parent=41188"}],"wp:term":[{"taxonomy":"pwb-brand","embeddable":true,"href":"https:\/\/mafourniture.ma\/ar\/wp-json\/wp\/v2\/pwb-brand?post=41188"},{"taxonomy":"product_brand","embeddable":true,"href":"https:\/\/mafourniture.ma\/ar\/wp-json\/wp\/v2\/product_brand?post=41188"},{"taxonomy":"product_cat","embeddable":true,"href":"https:\/\/mafourniture.ma\/ar\/wp-json\/wp\/v2\/product_cat?post=41188"},{"taxonomy":"product_tag","embeddable":true,"href":"https:\/\/mafourniture.ma\/ar\/wp-json\/wp\/v2\/product_tag?post=41188"}],"curies":[{"name":"wp","href":"https:\/\/api.w.org\/{rel}","templated":true}]}}