{"id":41158,"date":"2025-09-29T16:46:31","date_gmt":"2025-09-29T15:46:31","guid":{"rendered":"https:\/\/mafourniture.ma\/produit\/bic-cristal\/"},"modified":"2026-05-01T04:44:26","modified_gmt":"2026-05-01T03:44:26","slug":"bic-cristal","status":"publish","type":"product","link":"https:\/\/mafourniture.ma\/ar\/product\/bic-cristal\/","title":{"rendered":"bic cristal"},"content":{"rendered":"<p>Stylo \u00e0 bille Medium &#8211; Epaisseur de trait: 1.0 mm &#8211; Couleur Bleu &#8211; Forme ergonomique pour une tenue confortable et sans fatigue &#8211; Ecriture particuli\u00e8rement douce &#8211; Corps transparent &#8211; Capuchon et embout \u00e0 la couleur de l&rsquo;encre &#8211; Mati\u00e8re en plastique<\/p>","protected":false},"excerpt":{"rendered":"<p>Stylo \u00e0 bille Medium &#8211; Epaisseur de trait: 1.0 mm &#8211; Couleur Bleu &#8211; Forme ergonomique pour une tenue confortable<\/p>","protected":false},"featured_media":61530,"comment_status":"open","ping_status":"closed","template":"","meta":[],"pwb-brand":[690],"product_brand":[],"product_cat":[593,689,680],"product_tag":[],"class_list":{"0":"post-41158","1":"product","2":"type-product","3":"status-publish","4":"has-post-thumbnail","6":"pwb-brand-bic","7":"product_cat-fournitures-scolaires","8":"product_cat-stylos-stylos-et-crayons-scolaire","9":"product_cat-stylos-et-crayons-scolaire","11":"first","12":"instock","13":"purchasable","14":"product-type-simple"},"jetpack_sharing_enabled":true,"brands":[{"id":690,"name":"BIC","slug":"bic"}],"_links":{"self":[{"href":"https:\/\/mafourniture.ma\/ar\/wp-json\/wp\/v2\/product\/41158","targetHints":{"allow":["GET"]}}],"collection":[{"href":"https:\/\/mafourniture.ma\/ar\/wp-json\/wp\/v2\/product"}],"about":[{"href":"https:\/\/mafourniture.ma\/ar\/wp-json\/wp\/v2\/types\/product"}],"replies":[{"embeddable":true,"href":"https:\/\/mafourniture.ma\/ar\/wp-json\/wp\/v2\/comments?post=41158"}],"version-history":[{"count":0,"href":"https:\/\/mafourniture.ma\/ar\/wp-json\/wp\/v2\/product\/41158\/revisions"}],"wp:featuredmedia":[{"embeddable":true,"href":"https:\/\/mafourniture.ma\/ar\/wp-json\/wp\/v2\/media\/61530"}],"wp:attachment":[{"href":"https:\/\/mafourniture.ma\/ar\/wp-json\/wp\/v2\/media?parent=41158"}],"wp:term":[{"taxonomy":"pwb-brand","embeddable":true,"href":"https:\/\/mafourniture.ma\/ar\/wp-json\/wp\/v2\/pwb-brand?post=41158"},{"taxonomy":"product_brand","embeddable":true,"href":"https:\/\/mafourniture.ma\/ar\/wp-json\/wp\/v2\/product_brand?post=41158"},{"taxonomy":"product_cat","embeddable":true,"href":"https:\/\/mafourniture.ma\/ar\/wp-json\/wp\/v2\/product_cat?post=41158"},{"taxonomy":"product_tag","embeddable":true,"href":"https:\/\/mafourniture.ma\/ar\/wp-json\/wp\/v2\/product_tag?post=41158"}],"curies":[{"name":"wp","href":"https:\/\/api.w.org\/{rel}","templated":true}]}}