{"id":40991,"date":"2025-09-05T19:18:26","date_gmt":"2025-09-05T18:18:26","guid":{"rendered":"https:\/\/mafourniture.ma\/produit\/cahier-broche-288-pages-a5-17x22-cm-seyes-maped-2\/"},"modified":"2026-04-04T08:11:16","modified_gmt":"2026-04-04T07:11:16","slug":"cahier-broche-288-pages-a5-17x22-cm-seyes-maped-2","status":"publish","type":"product","link":"https:\/\/mafourniture.ma\/ar\/product\/cahier-broche-288-pages-a5-17x22-cm-seyes-maped-2\/","title":{"rendered":"CAHIER BROCHE 288 PAGES A5 17X22 CM SEYES MAPED"},"content":{"rendered":"<p>Cahier Broch\u00e9 288 Pages 17&#215;22 cm s\u00e9y\u00e8s MAPED<br \/>Papier offset blanc 72g\/m\u00b2 <br \/>couverture carte couch\u00e9e avec vernis lavable <\/p>","protected":false},"excerpt":{"rendered":"<p>Cahier Broch\u00e9 288 Pages 17&#215;22 cm s\u00e9y\u00e8s MAPEDPapier offset blanc 72g\/m\u00b2 couverture carte couch\u00e9e avec vernis lavable<\/p>","protected":false},"featured_media":0,"comment_status":"open","ping_status":"closed","template":"","meta":[],"pwb-brand":[631],"product_brand":[],"product_cat":[864,861,825,593],"product_tag":[],"class_list":{"0":"post-40991","1":"product","2":"type-product","3":"status-publish","5":"pwb-brand-maped","6":"product_cat-cahier-broche","7":"product_cat-cahiers","8":"product_cat-cahiers-et-bloc-notes-fournitures-scolaires","9":"product_cat-fournitures-scolaires","11":"first","12":"instock","13":"purchasable","14":"product-type-simple"},"jetpack_sharing_enabled":true,"brands":[{"id":631,"name":"MAPED","slug":"maped"}],"_links":{"self":[{"href":"https:\/\/mafourniture.ma\/ar\/wp-json\/wp\/v2\/product\/40991","targetHints":{"allow":["GET"]}}],"collection":[{"href":"https:\/\/mafourniture.ma\/ar\/wp-json\/wp\/v2\/product"}],"about":[{"href":"https:\/\/mafourniture.ma\/ar\/wp-json\/wp\/v2\/types\/product"}],"replies":[{"embeddable":true,"href":"https:\/\/mafourniture.ma\/ar\/wp-json\/wp\/v2\/comments?post=40991"}],"version-history":[{"count":1,"href":"https:\/\/mafourniture.ma\/ar\/wp-json\/wp\/v2\/product\/40991\/revisions"}],"predecessor-version":[{"id":44154,"href":"https:\/\/mafourniture.ma\/ar\/wp-json\/wp\/v2\/product\/40991\/revisions\/44154"}],"wp:attachment":[{"href":"https:\/\/mafourniture.ma\/ar\/wp-json\/wp\/v2\/media?parent=40991"}],"wp:term":[{"taxonomy":"pwb-brand","embeddable":true,"href":"https:\/\/mafourniture.ma\/ar\/wp-json\/wp\/v2\/pwb-brand?post=40991"},{"taxonomy":"product_brand","embeddable":true,"href":"https:\/\/mafourniture.ma\/ar\/wp-json\/wp\/v2\/product_brand?post=40991"},{"taxonomy":"product_cat","embeddable":true,"href":"https:\/\/mafourniture.ma\/ar\/wp-json\/wp\/v2\/product_cat?post=40991"},{"taxonomy":"product_tag","embeddable":true,"href":"https:\/\/mafourniture.ma\/ar\/wp-json\/wp\/v2\/product_tag?post=40991"}],"curies":[{"name":"wp","href":"https:\/\/api.w.org\/{rel}","templated":true}]}}