{"id":40631,"date":"2025-08-23T13:19:03","date_gmt":"2025-08-23T12:19:03","guid":{"rendered":"https:\/\/mafourniture.ma\/produit\/ramette-papier-laser-omnia-80gr-a3\/"},"modified":"2026-04-16T11:45:55","modified_gmt":"2026-04-16T10:45:55","slug":"ramette-papier-laser-omnia-80gr-a3","status":"publish","type":"product","link":"https:\/\/mafourniture.ma\/ar\/product\/ramette-papier-laser-omnia-80gr-a3\/","title":{"rendered":"RAMETTE PAPIER LASER OMNIA 80GR A3"},"content":{"rendered":"<p>Ramette de Papier Omnia A4 \u2013 80g \u2013 500 Feuilles<\/p>\n<p>?? Qualit\u00e9 et performance au quotidien !<\/p>\n<p>La ramette de papier Omnia A4 est id\u00e9ale pour tous vos besoins en impression et en copie. Avec ses 500 feuilles de papier blanc haute qualit\u00e9 et son grammage standard de 80g\/m\u00b2, elle garantit une excellente performance aussi bien en usage domestique, scolaire que professionnel.<\/p>\n<p>? Caract\u00e9ristiques :<\/p>\n<p>Format : A4 (210 x 297 mm)<\/p>\n<p>Grammage : 80 g\/m\u00b2<\/p>\n<p>Quantit\u00e9 : 500 feuilles par ramette<\/p>\n<p>Compatibilit\u00e9 : Imprimantes jet d&rsquo;encre, laser et copieurs<\/p>\n<p>Couleur : Blanc lumineux pour un rendu net et professionnel<\/p>\n<p>?? Avantages :<\/p>\n<p>Excellente glisse dans les machines.<\/p>\n<p>Impression nette et sans bavures.<\/p>\n<p>Papier polyvalent, parfait pour les documents, devoirs, rapports ou pr\u00e9sentations.<\/p>\n<p>?? Parfait pour les bureaux, \u00e9coles, \u00e9tudiants et entreprises qui recherchent un papier fiable au rapport qualit\u00e9\/prix imbattable.<\/p>","protected":false},"excerpt":{"rendered":"<p>Ramette de Papier Omnia A4 \u2013 80g \u2013 500 Feuilles ?? Qualit\u00e9 et performance au quotidien ! La ramette de<\/p>","protected":false},"featured_media":0,"comment_status":"open","ping_status":"closed","template":"","meta":[],"pwb-brand":[713],"product_brand":[],"product_cat":[615,616,617],"product_tag":[],"class_list":{"0":"post-40631","1":"product","2":"type-product","3":"status-publish","5":"pwb-brand-inacopia","6":"product_cat-papeterie-et-fournitures-artistiques","7":"product_cat-papier","8":"product_cat-ramette-de-papier","10":"first","11":"instock","12":"taxable","13":"shipping-taxable","14":"purchasable","15":"product-type-simple"},"jetpack_sharing_enabled":true,"brands":[{"id":713,"name":"INACOPIA","slug":"inacopia"}],"_links":{"self":[{"href":"https:\/\/mafourniture.ma\/ar\/wp-json\/wp\/v2\/product\/40631","targetHints":{"allow":["GET"]}}],"collection":[{"href":"https:\/\/mafourniture.ma\/ar\/wp-json\/wp\/v2\/product"}],"about":[{"href":"https:\/\/mafourniture.ma\/ar\/wp-json\/wp\/v2\/types\/product"}],"replies":[{"embeddable":true,"href":"https:\/\/mafourniture.ma\/ar\/wp-json\/wp\/v2\/comments?post=40631"}],"version-history":[{"count":1,"href":"https:\/\/mafourniture.ma\/ar\/wp-json\/wp\/v2\/product\/40631\/revisions"}],"predecessor-version":[{"id":45018,"href":"https:\/\/mafourniture.ma\/ar\/wp-json\/wp\/v2\/product\/40631\/revisions\/45018"}],"wp:attachment":[{"href":"https:\/\/mafourniture.ma\/ar\/wp-json\/wp\/v2\/media?parent=40631"}],"wp:term":[{"taxonomy":"pwb-brand","embeddable":true,"href":"https:\/\/mafourniture.ma\/ar\/wp-json\/wp\/v2\/pwb-brand?post=40631"},{"taxonomy":"product_brand","embeddable":true,"href":"https:\/\/mafourniture.ma\/ar\/wp-json\/wp\/v2\/product_brand?post=40631"},{"taxonomy":"product_cat","embeddable":true,"href":"https:\/\/mafourniture.ma\/ar\/wp-json\/wp\/v2\/product_cat?post=40631"},{"taxonomy":"product_tag","embeddable":true,"href":"https:\/\/mafourniture.ma\/ar\/wp-json\/wp\/v2\/product_tag?post=40631"}],"curies":[{"name":"wp","href":"https:\/\/api.w.org\/{rel}","templated":true}]}}