{"id":39467,"date":"2025-08-06T11:15:46","date_gmt":"2025-08-06T10:15:46","guid":{"rendered":"https:\/\/mafourniture.ma\/produit\/crayon-couleur-12-pcs-28-mm-vertex-ref-vs-0476\/"},"modified":"2026-05-15T09:08:40","modified_gmt":"2026-05-15T08:08:40","slug":"crayon-couleur-12-pcs-28-mm-vertex-ref-vs-0476","status":"publish","type":"product","link":"https:\/\/mafourniture.ma\/ar\/product\/crayon-couleur-12-pcs-28-mm-vertex-ref-vs-0476\/","title":{"rendered":"CRAYON COULEUR 12 PCS 2,8 MM  VERTEX REF VS-0476"},"content":{"rendered":"<p>Crayon de Couleur Color Max Mini Triangulaire 12 Crayons Vertex VS-0402 une boite de crayons de couleur des mati\u00e8res premi\u00e8res de haute qualit\u00e9 et du bois durable.<br \/>Avec le crayon de couleurs de la marque Vertex, les joies du coloriage se d\u00e9couvrent d\u00e8s le plus jeune \u00e2ge pour durer toute la vie.<br \/>Des couleurs de haute qualit\u00e9 de pigmentation, une ergonomie adapt\u00e9e pour tous les \u00e2ges et un r\u00e9el plaisir d\u2019utilisation.<\/p>","protected":false},"excerpt":{"rendered":"<p>Crayon de Couleur Color Max Mini Triangulaire 12 Crayons Vertex VS-0402 une boite de crayons de couleur des mati\u00e8res premi\u00e8res<\/p>","protected":false},"featured_media":0,"comment_status":"open","ping_status":"closed","template":"","meta":[],"pwb-brand":[939],"product_brand":[],"product_cat":[653,602,593],"product_tag":[],"class_list":{"0":"post-39467","1":"product","2":"type-product","3":"status-publish","5":"pwb-brand-vertex","6":"product_cat-crayons-de-couleur","7":"product_cat-dessin-et-peinture","8":"product_cat-fournitures-scolaires","10":"first","11":"instock","12":"purchasable","13":"product-type-simple"},"jetpack_sharing_enabled":true,"brands":[{"id":939,"name":"VERTEX","slug":"vertex"}],"_links":{"self":[{"href":"https:\/\/mafourniture.ma\/ar\/wp-json\/wp\/v2\/product\/39467","targetHints":{"allow":["GET"]}}],"collection":[{"href":"https:\/\/mafourniture.ma\/ar\/wp-json\/wp\/v2\/product"}],"about":[{"href":"https:\/\/mafourniture.ma\/ar\/wp-json\/wp\/v2\/types\/product"}],"replies":[{"embeddable":true,"href":"https:\/\/mafourniture.ma\/ar\/wp-json\/wp\/v2\/comments?post=39467"}],"version-history":[{"count":1,"href":"https:\/\/mafourniture.ma\/ar\/wp-json\/wp\/v2\/product\/39467\/revisions"}],"predecessor-version":[{"id":46915,"href":"https:\/\/mafourniture.ma\/ar\/wp-json\/wp\/v2\/product\/39467\/revisions\/46915"}],"wp:attachment":[{"href":"https:\/\/mafourniture.ma\/ar\/wp-json\/wp\/v2\/media?parent=39467"}],"wp:term":[{"taxonomy":"pwb-brand","embeddable":true,"href":"https:\/\/mafourniture.ma\/ar\/wp-json\/wp\/v2\/pwb-brand?post=39467"},{"taxonomy":"product_brand","embeddable":true,"href":"https:\/\/mafourniture.ma\/ar\/wp-json\/wp\/v2\/product_brand?post=39467"},{"taxonomy":"product_cat","embeddable":true,"href":"https:\/\/mafourniture.ma\/ar\/wp-json\/wp\/v2\/product_cat?post=39467"},{"taxonomy":"product_tag","embeddable":true,"href":"https:\/\/mafourniture.ma\/ar\/wp-json\/wp\/v2\/product_tag?post=39467"}],"curies":[{"name":"wp","href":"https:\/\/api.w.org\/{rel}","templated":true}]}}