{"id":39330,"date":"2025-08-06T09:46:54","date_gmt":"2025-08-06T08:46:54","guid":{"rendered":"https:\/\/mafourniture.ma\/produit\/kit-ardoise-blanche-effacable-1-porte-accessoires-1-brosse-1-feutre-ardoise-ardoise-double-faces-maped-ref-258500\/"},"modified":"2026-05-16T05:24:48","modified_gmt":"2026-05-16T04:24:48","slug":"kit-ardoise-blanche-effacable-1-porte-accessoires-1-brosse-1-feutre-ardoise-ardoise-double-faces-maped-ref-258500","status":"publish","type":"product","link":"https:\/\/mafourniture.ma\/ar\/product\/kit-ardoise-blanche-effacable-1-porte-accessoires-1-brosse-1-feutre-ardoise-ardoise-double-faces-maped-ref-258500\/","title":{"rendered":"KIT ARDOISE BLANCHE EFFA\u00c7ABLE + 1 PORTE-ACCESSOIRES + 1 BROSSE + 1 FEUTRE ARDOISE &#8211; ARDOISE DOUBLE FACES MAPED REF 258500"},"content":{"rendered":"<p>Kit Ardoise blanche effa\u00e7able. Coloris assortis. Kit comprenant une ardoise effa\u00e7able double faces (une face unie pour le dessin et une face quadrill\u00e9e pour l&rsquo;\u00e9criture), un porte-accessoires, une brosse et un feutre effa\u00e7able \u00e0 sec bleu. Ardoise incassable \/ anti-chocs. Ultra-propre \/ sans traces, m\u00eame apr\u00e8s de nombreuses utilisations. Choix des coloris al\u00e9atoire. R\u00e9f\u00e9rence fournisseur : 258500<\/p>","protected":false},"excerpt":{"rendered":"<p>Kit Ardoise blanche effa\u00e7able. Coloris assortis. Kit comprenant une ardoise effa\u00e7able double faces (une face unie pour le dessin et<\/p>","protected":false},"featured_media":0,"comment_status":"open","ping_status":"closed","template":"","meta":[],"pwb-brand":[631],"product_brand":[],"product_cat":[947,806,593],"product_tag":[],"class_list":{"0":"post-39330","1":"product","2":"type-product","3":"status-publish","5":"pwb-brand-maped","6":"product_cat-ardoises","7":"product_cat-ardoises-et-accessoires","8":"product_cat-fournitures-scolaires","10":"first","11":"instock","12":"purchasable","13":"product-type-simple"},"jetpack_sharing_enabled":true,"brands":[{"id":631,"name":"MAPED","slug":"maped"}],"_links":{"self":[{"href":"https:\/\/mafourniture.ma\/ar\/wp-json\/wp\/v2\/product\/39330","targetHints":{"allow":["GET"]}}],"collection":[{"href":"https:\/\/mafourniture.ma\/ar\/wp-json\/wp\/v2\/product"}],"about":[{"href":"https:\/\/mafourniture.ma\/ar\/wp-json\/wp\/v2\/types\/product"}],"replies":[{"embeddable":true,"href":"https:\/\/mafourniture.ma\/ar\/wp-json\/wp\/v2\/comments?post=39330"}],"version-history":[{"count":0,"href":"https:\/\/mafourniture.ma\/ar\/wp-json\/wp\/v2\/product\/39330\/revisions"}],"wp:attachment":[{"href":"https:\/\/mafourniture.ma\/ar\/wp-json\/wp\/v2\/media?parent=39330"}],"wp:term":[{"taxonomy":"pwb-brand","embeddable":true,"href":"https:\/\/mafourniture.ma\/ar\/wp-json\/wp\/v2\/pwb-brand?post=39330"},{"taxonomy":"product_brand","embeddable":true,"href":"https:\/\/mafourniture.ma\/ar\/wp-json\/wp\/v2\/product_brand?post=39330"},{"taxonomy":"product_cat","embeddable":true,"href":"https:\/\/mafourniture.ma\/ar\/wp-json\/wp\/v2\/product_cat?post=39330"},{"taxonomy":"product_tag","embeddable":true,"href":"https:\/\/mafourniture.ma\/ar\/wp-json\/wp\/v2\/product_tag?post=39330"}],"curies":[{"name":"wp","href":"https:\/\/api.w.org\/{rel}","templated":true}]}}