{"id":38699,"date":"2025-07-03T20:07:23","date_gmt":"2025-07-03T19:07:23","guid":{"rendered":"https:\/\/mafourniture.ma\/produit\/colle-stick-deli-7101-9g\/"},"modified":"2026-05-02T08:49:28","modified_gmt":"2026-05-02T07:49:28","slug":"colle-stick-deli-7101-9g","status":"publish","type":"product","link":"https:\/\/mafourniture.ma\/ar\/product\/colle-stick-deli-7101-9g\/","title":{"rendered":"COLLE STICK DELI 7101 9G"},"content":{"rendered":"<p>Facile \u00e0 \u00e9taler, glisse parfaitement<br \/>Colle propre et rapide.<br \/>Bouchon \u00e0 vis exclusif,garantie anti-s\u00e9chage (la colle ne s\u00e8che pas \u00e0 l\u2019int\u00e9rieur).<br \/>Sans solvant.<br \/>Couleur transparente.<br \/>Lavable \u00e0 l\u2019eau.<\/p>","protected":false},"excerpt":{"rendered":"<p>Facile \u00e0 \u00e9taler, glisse parfaitementColle propre et rapide.Bouchon \u00e0 vis exclusif,garantie anti-s\u00e9chage (la colle ne s\u00e8che pas \u00e0 l\u2019int\u00e9rieur).Sans solvant.Couleur<\/p>","protected":false},"featured_media":62024,"comment_status":"open","ping_status":"closed","template":"","meta":[],"pwb-brand":[659],"product_brand":[],"product_cat":[811,593,628],"product_tag":[],"class_list":{"0":"post-38699","1":"product","2":"type-product","3":"status-publish","4":"has-post-thumbnail","6":"pwb-brand-deli","7":"product_cat-colles","8":"product_cat-fournitures-scolaires","9":"product_cat-petites-fournitures","11":"first","12":"instock","13":"purchasable","14":"product-type-simple"},"jetpack_sharing_enabled":true,"brands":[{"id":659,"name":"DELI","slug":"deli"}],"_links":{"self":[{"href":"https:\/\/mafourniture.ma\/ar\/wp-json\/wp\/v2\/product\/38699","targetHints":{"allow":["GET"]}}],"collection":[{"href":"https:\/\/mafourniture.ma\/ar\/wp-json\/wp\/v2\/product"}],"about":[{"href":"https:\/\/mafourniture.ma\/ar\/wp-json\/wp\/v2\/types\/product"}],"replies":[{"embeddable":true,"href":"https:\/\/mafourniture.ma\/ar\/wp-json\/wp\/v2\/comments?post=38699"}],"version-history":[{"count":0,"href":"https:\/\/mafourniture.ma\/ar\/wp-json\/wp\/v2\/product\/38699\/revisions"}],"wp:featuredmedia":[{"embeddable":true,"href":"https:\/\/mafourniture.ma\/ar\/wp-json\/wp\/v2\/media\/62024"}],"wp:attachment":[{"href":"https:\/\/mafourniture.ma\/ar\/wp-json\/wp\/v2\/media?parent=38699"}],"wp:term":[{"taxonomy":"pwb-brand","embeddable":true,"href":"https:\/\/mafourniture.ma\/ar\/wp-json\/wp\/v2\/pwb-brand?post=38699"},{"taxonomy":"product_brand","embeddable":true,"href":"https:\/\/mafourniture.ma\/ar\/wp-json\/wp\/v2\/product_brand?post=38699"},{"taxonomy":"product_cat","embeddable":true,"href":"https:\/\/mafourniture.ma\/ar\/wp-json\/wp\/v2\/product_cat?post=38699"},{"taxonomy":"product_tag","embeddable":true,"href":"https:\/\/mafourniture.ma\/ar\/wp-json\/wp\/v2\/product_tag?post=38699"}],"curies":[{"name":"wp","href":"https:\/\/api.w.org\/{rel}","templated":true}]}}