{"id":38661,"date":"2025-07-03T20:00:24","date_gmt":"2025-07-03T19:00:24","guid":{"rendered":"https:\/\/mafourniture.ma\/produit\/ciseaux-diamond-maped-17cm-symetriques-ref-692310\/"},"modified":"2025-10-25T09:05:17","modified_gmt":"2025-10-25T08:05:17","slug":"ciseaux-diamond-maped-17cm-symetriques-ref-692310","status":"publish","type":"product","link":"https:\/\/mafourniture.ma\/ar\/product\/ciseaux-diamond-maped-17cm-symetriques-ref-692310\/","title":{"rendered":"CISEAUX DIAMOND MAPED 17CM SYMETRIQUES REF 692310"},"content":{"rendered":"<p>Maped &#8211; Ciseaux Sym\u00e9triques Diamond 17 cm &#8211; R\u00e9sistance extr\u00eame Garantie \u00e0 Vie &#8211; Ciseaux sym\u00e9triques anneaux double peau &#8211; Noir et Blanc &#8211; 17 cm<\/p>","protected":false},"excerpt":{"rendered":"<p>Maped &#8211; Ciseaux Sym\u00e9triques Diamond 17 cm &#8211; R\u00e9sistance extr\u00eame Garantie \u00e0 Vie &#8211; Ciseaux sym\u00e9triques anneaux double peau &#8211;<\/p>","protected":false},"featured_media":19726,"comment_status":"open","ping_status":"closed","template":"","meta":[],"pwb-brand":[631],"product_brand":[],"product_cat":[959,597,598],"product_tag":[],"class_list":{"0":"post-38661","1":"product","2":"type-product","3":"status-publish","4":"has-post-thumbnail","6":"pwb-brand-maped","7":"product_cat-ciseaux-petite-fourniture","8":"product_cat-fournitures-de-bureau","9":"product_cat-petite-fourniture","11":"first","12":"outofstock","13":"taxable","14":"shipping-taxable","15":"purchasable","16":"product-type-simple"},"jetpack_sharing_enabled":true,"brands":[{"id":631,"name":"MAPED","slug":"maped"}],"_links":{"self":[{"href":"https:\/\/mafourniture.ma\/ar\/wp-json\/wp\/v2\/product\/38661","targetHints":{"allow":["GET"]}}],"collection":[{"href":"https:\/\/mafourniture.ma\/ar\/wp-json\/wp\/v2\/product"}],"about":[{"href":"https:\/\/mafourniture.ma\/ar\/wp-json\/wp\/v2\/types\/product"}],"replies":[{"embeddable":true,"href":"https:\/\/mafourniture.ma\/ar\/wp-json\/wp\/v2\/comments?post=38661"}],"version-history":[{"count":0,"href":"https:\/\/mafourniture.ma\/ar\/wp-json\/wp\/v2\/product\/38661\/revisions"}],"wp:featuredmedia":[{"embeddable":true,"href":"https:\/\/mafourniture.ma\/ar\/wp-json\/wp\/v2\/media\/19726"}],"wp:attachment":[{"href":"https:\/\/mafourniture.ma\/ar\/wp-json\/wp\/v2\/media?parent=38661"}],"wp:term":[{"taxonomy":"pwb-brand","embeddable":true,"href":"https:\/\/mafourniture.ma\/ar\/wp-json\/wp\/v2\/pwb-brand?post=38661"},{"taxonomy":"product_brand","embeddable":true,"href":"https:\/\/mafourniture.ma\/ar\/wp-json\/wp\/v2\/product_brand?post=38661"},{"taxonomy":"product_cat","embeddable":true,"href":"https:\/\/mafourniture.ma\/ar\/wp-json\/wp\/v2\/product_cat?post=38661"},{"taxonomy":"product_tag","embeddable":true,"href":"https:\/\/mafourniture.ma\/ar\/wp-json\/wp\/v2\/product_tag?post=38661"}],"curies":[{"name":"wp","href":"https:\/\/api.w.org\/{rel}","templated":true}]}}