{"id":38632,"date":"2025-07-03T19:55:20","date_gmt":"2025-07-03T18:55:20","guid":{"rendered":"https:\/\/mafourniture.ma\/produit\/maped-perforateur-2-trous-advanced-a6203-metal-20-25-feuilles-620311\/"},"modified":"2026-05-15T07:38:29","modified_gmt":"2026-05-15T06:38:29","slug":"maped-perforateur-2-trous-advanced-a6203-metal-20-25-feuilles-620311","status":"publish","type":"product","link":"https:\/\/mafourniture.ma\/ar\/product\/maped-perforateur-2-trous-advanced-a6203-metal-20-25-feuilles-620311\/","title":{"rendered":"MAPED PERFORATEUR  2 TROUS ADVANCED A6203  METAL 20\/25 FEUILLES 620311"},"content":{"rendered":"<p>Maped Perforateur Advanced A6203, capacit\u00e9: 20 feuilles taupe, en m\u00e9tal, avec r\u00e9glette de but\u00e9e, perforation: 80 mm syst\u00e8me anti-enrayage de feuilles, r\u00e9servoir \u00e0 confettis \u00e0 charni\u00e8re, syst\u00e8me de centrage de papier \u00e0 l&rsquo;aide du m\u00e9canisme de classeur \u00e0 anneaux, dans un carton (M620311)<\/p>","protected":false},"excerpt":{"rendered":"<p>Maped Perforateur Advanced A6203, capacit\u00e9: 20 feuilles taupe, en m\u00e9tal, avec r\u00e9glette de but\u00e9e, perforation: 80 mm syst\u00e8me anti-enrayage de<\/p>","protected":false},"featured_media":70609,"comment_status":"open","ping_status":"closed","template":"","meta":[],"pwb-brand":[631],"product_brand":[],"product_cat":[657,597,796],"product_tag":[],"class_list":{"0":"post-38632","1":"product","2":"type-product","3":"status-publish","4":"has-post-thumbnail","6":"pwb-brand-maped","7":"product_cat-attache-et-fixation","8":"product_cat-fournitures-de-bureau","9":"product_cat-perforateur","11":"first","12":"instock","13":"featured","14":"taxable","15":"shipping-taxable","16":"purchasable","17":"product-type-simple"},"jetpack_sharing_enabled":true,"brands":[{"id":631,"name":"MAPED","slug":"maped"}],"_links":{"self":[{"href":"https:\/\/mafourniture.ma\/ar\/wp-json\/wp\/v2\/product\/38632","targetHints":{"allow":["GET"]}}],"collection":[{"href":"https:\/\/mafourniture.ma\/ar\/wp-json\/wp\/v2\/product"}],"about":[{"href":"https:\/\/mafourniture.ma\/ar\/wp-json\/wp\/v2\/types\/product"}],"replies":[{"embeddable":true,"href":"https:\/\/mafourniture.ma\/ar\/wp-json\/wp\/v2\/comments?post=38632"}],"version-history":[{"count":1,"href":"https:\/\/mafourniture.ma\/ar\/wp-json\/wp\/v2\/product\/38632\/revisions"}],"predecessor-version":[{"id":41510,"href":"https:\/\/mafourniture.ma\/ar\/wp-json\/wp\/v2\/product\/38632\/revisions\/41510"}],"wp:featuredmedia":[{"embeddable":true,"href":"https:\/\/mafourniture.ma\/ar\/wp-json\/wp\/v2\/media\/70609"}],"wp:attachment":[{"href":"https:\/\/mafourniture.ma\/ar\/wp-json\/wp\/v2\/media?parent=38632"}],"wp:term":[{"taxonomy":"pwb-brand","embeddable":true,"href":"https:\/\/mafourniture.ma\/ar\/wp-json\/wp\/v2\/pwb-brand?post=38632"},{"taxonomy":"product_brand","embeddable":true,"href":"https:\/\/mafourniture.ma\/ar\/wp-json\/wp\/v2\/product_brand?post=38632"},{"taxonomy":"product_cat","embeddable":true,"href":"https:\/\/mafourniture.ma\/ar\/wp-json\/wp\/v2\/product_cat?post=38632"},{"taxonomy":"product_tag","embeddable":true,"href":"https:\/\/mafourniture.ma\/ar\/wp-json\/wp\/v2\/product_tag?post=38632"}],"curies":[{"name":"wp","href":"https:\/\/api.w.org\/{rel}","templated":true}]}}