{"id":38582,"date":"2025-07-03T19:46:27","date_gmt":"2025-07-03T18:46:27","guid":{"rendered":"https:\/\/mafourniture.ma\/produit\/maped-office-402411-essentials-metal-e4024-perforateur-2-trous-20-25-feuilles\/"},"modified":"2026-05-16T06:30:01","modified_gmt":"2026-05-16T05:30:01","slug":"maped-office-402411-essentials-metal-e4024-perforateur-2-trous-20-25-feuilles","status":"publish","type":"product","link":"https:\/\/mafourniture.ma\/ar\/product\/maped-office-402411-essentials-metal-e4024-perforateur-2-trous-20-25-feuilles\/","title":{"rendered":"MAPED OFFICE 402411 ESSENTIALS METAL E4024 PERFORATEUR 2 TROUS 20\/25 FEUILLES"},"content":{"rendered":"<p>M\u00e9canisme 100% m\u00e9tal pour une durabilit\u00e9 optimale.<br \/>R\u00e9glette multi-formats: A4, US, AJ, F3x8, 3&#215;8.<br \/>R\u00e9serve \u00e0 confettis.<br \/>Perforation rapide et pr\u00e9cise par calage sur les anneaux du classeur.<\/p>","protected":false},"excerpt":{"rendered":"<p>M\u00e9canisme 100% m\u00e9tal pour une durabilit\u00e9 optimale.R\u00e9glette multi-formats: A4, US, AJ, F3x8, 3&#215;8.R\u00e9serve \u00e0 confettis.Perforation rapide et pr\u00e9cise par calage<\/p>","protected":false},"featured_media":71527,"comment_status":"open","ping_status":"closed","template":"","meta":[],"pwb-brand":[631],"product_brand":[],"product_cat":[657,597,796],"product_tag":[],"class_list":{"0":"post-38582","1":"product","2":"type-product","3":"status-publish","4":"has-post-thumbnail","6":"pwb-brand-maped","7":"product_cat-attache-et-fixation","8":"product_cat-fournitures-de-bureau","9":"product_cat-perforateur","11":"first","12":"instock","13":"taxable","14":"shipping-taxable","15":"purchasable","16":"product-type-simple"},"jetpack_sharing_enabled":true,"brands":[{"id":631,"name":"MAPED","slug":"maped"}],"_links":{"self":[{"href":"https:\/\/mafourniture.ma\/ar\/wp-json\/wp\/v2\/product\/38582","targetHints":{"allow":["GET"]}}],"collection":[{"href":"https:\/\/mafourniture.ma\/ar\/wp-json\/wp\/v2\/product"}],"about":[{"href":"https:\/\/mafourniture.ma\/ar\/wp-json\/wp\/v2\/types\/product"}],"replies":[{"embeddable":true,"href":"https:\/\/mafourniture.ma\/ar\/wp-json\/wp\/v2\/comments?post=38582"}],"version-history":[{"count":0,"href":"https:\/\/mafourniture.ma\/ar\/wp-json\/wp\/v2\/product\/38582\/revisions"}],"wp:featuredmedia":[{"embeddable":true,"href":"https:\/\/mafourniture.ma\/ar\/wp-json\/wp\/v2\/media\/71527"}],"wp:attachment":[{"href":"https:\/\/mafourniture.ma\/ar\/wp-json\/wp\/v2\/media?parent=38582"}],"wp:term":[{"taxonomy":"pwb-brand","embeddable":true,"href":"https:\/\/mafourniture.ma\/ar\/wp-json\/wp\/v2\/pwb-brand?post=38582"},{"taxonomy":"product_brand","embeddable":true,"href":"https:\/\/mafourniture.ma\/ar\/wp-json\/wp\/v2\/product_brand?post=38582"},{"taxonomy":"product_cat","embeddable":true,"href":"https:\/\/mafourniture.ma\/ar\/wp-json\/wp\/v2\/product_cat?post=38582"},{"taxonomy":"product_tag","embeddable":true,"href":"https:\/\/mafourniture.ma\/ar\/wp-json\/wp\/v2\/product_tag?post=38582"}],"curies":[{"name":"wp","href":"https:\/\/api.w.org\/{rel}","templated":true}]}}