{"id":38581,"date":"2025-07-03T19:46:10","date_gmt":"2025-07-03T18:46:10","guid":{"rendered":"https:\/\/mafourniture.ma\/produit\/maped-office-401111-essentials-metal-perforateur-2-trous-10-12-feuilles\/"},"modified":"2026-05-15T06:29:33","modified_gmt":"2026-05-15T05:29:33","slug":"maped-office-401111-essentials-metal-perforateur-2-trous-10-12-feuilles","status":"publish","type":"product","link":"https:\/\/mafourniture.ma\/ar\/product\/maped-office-401111-essentials-metal-perforateur-2-trous-10-12-feuilles\/","title":{"rendered":"MAPED OFFICE 401111 ESSENTIALS METAL PERFORATEUR 2 TROUS 10\/12 FEUILLES"},"content":{"rendered":"<p>M\u00e9canisme 100% m\u00e9tal;<br \/>Guide pour faciliter la perforation (diff\u00e9rents formats de papier);<br \/>Syst\u00e8me de fixation de perforation (brevet\u00e9) utilisant les anneaux de reliure \u00e0 anneaux;<br \/>Peinture noire mate;<br \/>Trou: 5,5 mm et distance entre les trous standard de 8 cm;<br \/>Perfore jusqu&rsquo;\u00e0 12 feuilles.<\/p>","protected":false},"excerpt":{"rendered":"<p>M\u00e9canisme 100% m\u00e9tal;Guide pour faciliter la perforation (diff\u00e9rents formats de papier);Syst\u00e8me de fixation de perforation (brevet\u00e9) utilisant les anneaux de<\/p>","protected":false},"featured_media":70428,"comment_status":"open","ping_status":"closed","template":"","meta":[],"pwb-brand":[631],"product_brand":[],"product_cat":[657,597,796],"product_tag":[],"class_list":{"0":"post-38581","1":"product","2":"type-product","3":"status-publish","4":"has-post-thumbnail","6":"pwb-brand-maped","7":"product_cat-attache-et-fixation","8":"product_cat-fournitures-de-bureau","9":"product_cat-perforateur","11":"first","12":"instock","13":"taxable","14":"shipping-taxable","15":"purchasable","16":"product-type-simple"},"jetpack_sharing_enabled":true,"brands":[{"id":631,"name":"MAPED","slug":"maped"}],"_links":{"self":[{"href":"https:\/\/mafourniture.ma\/ar\/wp-json\/wp\/v2\/product\/38581","targetHints":{"allow":["GET"]}}],"collection":[{"href":"https:\/\/mafourniture.ma\/ar\/wp-json\/wp\/v2\/product"}],"about":[{"href":"https:\/\/mafourniture.ma\/ar\/wp-json\/wp\/v2\/types\/product"}],"replies":[{"embeddable":true,"href":"https:\/\/mafourniture.ma\/ar\/wp-json\/wp\/v2\/comments?post=38581"}],"version-history":[{"count":0,"href":"https:\/\/mafourniture.ma\/ar\/wp-json\/wp\/v2\/product\/38581\/revisions"}],"wp:featuredmedia":[{"embeddable":true,"href":"https:\/\/mafourniture.ma\/ar\/wp-json\/wp\/v2\/media\/70428"}],"wp:attachment":[{"href":"https:\/\/mafourniture.ma\/ar\/wp-json\/wp\/v2\/media?parent=38581"}],"wp:term":[{"taxonomy":"pwb-brand","embeddable":true,"href":"https:\/\/mafourniture.ma\/ar\/wp-json\/wp\/v2\/pwb-brand?post=38581"},{"taxonomy":"product_brand","embeddable":true,"href":"https:\/\/mafourniture.ma\/ar\/wp-json\/wp\/v2\/product_brand?post=38581"},{"taxonomy":"product_cat","embeddable":true,"href":"https:\/\/mafourniture.ma\/ar\/wp-json\/wp\/v2\/product_cat?post=38581"},{"taxonomy":"product_tag","embeddable":true,"href":"https:\/\/mafourniture.ma\/ar\/wp-json\/wp\/v2\/product_tag?post=38581"}],"curies":[{"name":"wp","href":"https:\/\/api.w.org\/{rel}","templated":true}]}}