{"id":32933,"date":"2024-12-22T00:05:30","date_gmt":"2024-12-21T23:05:30","guid":{"rendered":"https:\/\/mafourniture.ma\/produit\/gouache-colorpeps-lavable-et-couvrante-6-bouteilles-ergonomiques-design-super-heros-75-ml-x-6-ref-810010-maped\/"},"modified":"2026-05-16T09:28:34","modified_gmt":"2026-05-16T08:28:34","slug":"gouache-colorpeps-lavable-et-couvrante-6-bouteilles-ergonomiques-design-super-heros-75-ml-x-6-ref-810010-maped","status":"publish","type":"product","link":"https:\/\/mafourniture.ma\/ar\/product\/gouache-colorpeps-lavable-et-couvrante-6-bouteilles-ergonomiques-design-super-heros-75-ml-x-6-ref-810010-maped\/","title":{"rendered":"GOUACHE COLOR&rsquo;PEPS LAVABLE ET COUVRANTE &#8211; 6 BOUTEILLES ERGONOMIQUES DESIGN SUPER HEROS &#8211;  75 ML X 6 &#8211; REF 810010 MAPED"},"content":{"rendered":"<p>LA GOUACHE, UNE ACTIVIT\u00c9 CR\u00c9ATIVE INTEMPORELLE : La peinture enfant est une activit\u00e9 id\u00e9ale pour d\u00e9couvrir les couleurs, stimuler l&rsquo;imagination, \u00e9veiller la cr\u00e9ativit\u00e9 et entra\u00eener la motricit\u00e9 fine. Utilisable sur diff\u00e9rents supports et facile \u00e0 utiliser, la gouache est la peinture pr\u00e9f\u00e9r\u00e9e des enfants qui peuvent l\u2019appliquer en couches \u00e9paisses, opaques et color\u00e9es ou la diluer l\u00e9g\u00e8rement avec de l\u2019eau pour des nuances plus l\u00e9g\u00e8res.<br \/>6 COULEURS PRIMAIRES : Ce kit de 6 bouteilles de peintures \u00e0 l\u2019eau offre des couleurs extr\u00eamement pigment\u00e9es, vives et miscibles entre elles pour cr\u00e9er des couleurs \u00e0 l\u2019infini. La gouache lavable Color\u2019Peps se pr\u00e9sente sous la forme de 6 bouteilles de 75 ml avec les couleurs Rouge, Jaune, Bleu, Rose, Blanc et Noir. Sont aussi disponibles dans cette m\u00eame gamme : un kit de 6 couleurs secondaires, un kit de 5 couleurs m\u00e9tallis\u00e9es et un kit de 5 couleurs fluo et m\u00e9tal<br \/>DES SUPER POUVOIRS : Avec leur formulation unique sur le march\u00e9 alliant lavabilit\u00e9 sur le coton et un pouvoir couvrant exceptionnel, les gouaches Maped partent au lavage en machine d\u00e8s 30\u00b0. Les peintures sont conditionn\u00e9es en petites bouteilles de 75 ml tr\u00e8s pratiques et faciles \u00e0 ouvrir. Leur bouchon \u00e0 clapet ne risque pas de se perdre et reste bien attach\u00e9 \u00e0 la bouteille. Design exclusif : collection al\u00e9atoire de 6 mini super h\u00e9ros.<br \/>QUALIT\u00c9 ET S\u00c9CURIT\u00c9 : La gouache Maped poss\u00e8de une texture onctueuse, elle est pr\u00eate \u00e0 l\u2019emploi pour r\u00e9pondre \u00e0 l\u2019impatience cr\u00e9ative bien naturelle des enfants. Les peintures Maped sont conformes \u00e0 la r\u00e9glementation des jouets pour une utilisation en toute s\u00e9curit\u00e9. MAPED propose une gamme de gouaches de qualit\u00e9 sup\u00e9rieure, pourvue de supers pouvoirs, elle ne passera pas inaper\u00e7ue !<\/p>","protected":false},"excerpt":{"rendered":"<p>LA GOUACHE, UNE ACTIVIT\u00c9 CR\u00c9ATIVE INTEMPORELLE : La peinture enfant est une activit\u00e9 id\u00e9ale pour d\u00e9couvrir les couleurs, stimuler l&rsquo;imagination,<\/p>","protected":false},"featured_media":71864,"comment_status":"open","ping_status":"closed","template":"","meta":[],"pwb-brand":[631],"product_brand":[],"product_cat":[602,593,661],"product_tag":[],"class_list":{"0":"post-32933","1":"product","2":"type-product","3":"status-publish","4":"has-post-thumbnail","6":"pwb-brand-maped","7":"product_cat-dessin-et-peinture","8":"product_cat-fournitures-scolaires","9":"product_cat-peinture-gouache","11":"first","12":"instock","13":"purchasable","14":"product-type-simple"},"jetpack_sharing_enabled":true,"brands":[{"id":631,"name":"MAPED","slug":"maped"}],"_links":{"self":[{"href":"https:\/\/mafourniture.ma\/ar\/wp-json\/wp\/v2\/product\/32933","targetHints":{"allow":["GET"]}}],"collection":[{"href":"https:\/\/mafourniture.ma\/ar\/wp-json\/wp\/v2\/product"}],"about":[{"href":"https:\/\/mafourniture.ma\/ar\/wp-json\/wp\/v2\/types\/product"}],"replies":[{"embeddable":true,"href":"https:\/\/mafourniture.ma\/ar\/wp-json\/wp\/v2\/comments?post=32933"}],"version-history":[{"count":2,"href":"https:\/\/mafourniture.ma\/ar\/wp-json\/wp\/v2\/product\/32933\/revisions"}],"predecessor-version":[{"id":36272,"href":"https:\/\/mafourniture.ma\/ar\/wp-json\/wp\/v2\/product\/32933\/revisions\/36272"}],"wp:featuredmedia":[{"embeddable":true,"href":"https:\/\/mafourniture.ma\/ar\/wp-json\/wp\/v2\/media\/71864"}],"wp:attachment":[{"href":"https:\/\/mafourniture.ma\/ar\/wp-json\/wp\/v2\/media?parent=32933"}],"wp:term":[{"taxonomy":"pwb-brand","embeddable":true,"href":"https:\/\/mafourniture.ma\/ar\/wp-json\/wp\/v2\/pwb-brand?post=32933"},{"taxonomy":"product_brand","embeddable":true,"href":"https:\/\/mafourniture.ma\/ar\/wp-json\/wp\/v2\/product_brand?post=32933"},{"taxonomy":"product_cat","embeddable":true,"href":"https:\/\/mafourniture.ma\/ar\/wp-json\/wp\/v2\/product_cat?post=32933"},{"taxonomy":"product_tag","embeddable":true,"href":"https:\/\/mafourniture.ma\/ar\/wp-json\/wp\/v2\/product_tag?post=32933"}],"curies":[{"name":"wp","href":"https:\/\/api.w.org\/{rel}","templated":true}]}}