{"id":32927,"date":"2024-12-22T00:03:58","date_gmt":"2024-12-21T23:03:58","guid":{"rendered":"https:\/\/mafourniture.ma\/produit\/pochette-12-feutres-pointe-fine-milan-ref-80158\/"},"modified":"2026-04-04T10:29:29","modified_gmt":"2026-04-04T09:29:29","slug":"pochette-12-feutres-pointe-fine-milan-ref-80158","status":"publish","type":"product","link":"https:\/\/mafourniture.ma\/ar\/product\/pochette-12-feutres-pointe-fine-milan-ref-80158\/","title":{"rendered":"POCHETTE 12 FEUTRES POINTE FINE MILAN REF 80158"},"content":{"rendered":"<p>Feutres \u00e0 pointe fine de 2 mm \u00d8, sp\u00e9cialement indiqu\u00e9s pour profiler et\u00e9crire avec des traits fins. Encre \u00e0 base d\u2019eau. Fournit des couleurs brillantes, facilement applicables et m\u00e9langeables entre elles. Facilement lavable sur la plupart destextiles(mouiller le tissu dans de l\u2019eau froide pendant une heure et laver en machine, \u00e0 l\u2019eau froide \u00e9galement). Avec capuchon de s\u00e9curit\u00e9 ventil\u00e9. 12 couleurs.<\/p>","protected":false},"excerpt":{"rendered":"<p>Feutres \u00e0 pointe fine de 2 mm \u00d8, sp\u00e9cialement indiqu\u00e9s pour profiler et\u00e9crire avec des traits fins. Encre \u00e0 base<\/p>","protected":false},"featured_media":57973,"comment_status":"open","ping_status":"closed","template":"","meta":[],"pwb-brand":[654],"product_brand":[],"product_cat":[645,675,597],"product_tag":[],"class_list":{"0":"post-32927","1":"product","2":"type-product","3":"status-publish","4":"has-post-thumbnail","6":"pwb-brand-milan","7":"product_cat-ecriture-et-correction","8":"product_cat-feutres","9":"product_cat-fournitures-de-bureau","11":"first","12":"instock","13":"taxable","14":"shipping-taxable","15":"purchasable","16":"product-type-simple"},"jetpack_sharing_enabled":true,"brands":[{"id":654,"name":"MILAN","slug":"milan"}],"_links":{"self":[{"href":"https:\/\/mafourniture.ma\/ar\/wp-json\/wp\/v2\/product\/32927","targetHints":{"allow":["GET"]}}],"collection":[{"href":"https:\/\/mafourniture.ma\/ar\/wp-json\/wp\/v2\/product"}],"about":[{"href":"https:\/\/mafourniture.ma\/ar\/wp-json\/wp\/v2\/types\/product"}],"replies":[{"embeddable":true,"href":"https:\/\/mafourniture.ma\/ar\/wp-json\/wp\/v2\/comments?post=32927"}],"version-history":[{"count":3,"href":"https:\/\/mafourniture.ma\/ar\/wp-json\/wp\/v2\/product\/32927\/revisions"}],"predecessor-version":[{"id":36266,"href":"https:\/\/mafourniture.ma\/ar\/wp-json\/wp\/v2\/product\/32927\/revisions\/36266"}],"wp:featuredmedia":[{"embeddable":true,"href":"https:\/\/mafourniture.ma\/ar\/wp-json\/wp\/v2\/media\/57973"}],"wp:attachment":[{"href":"https:\/\/mafourniture.ma\/ar\/wp-json\/wp\/v2\/media?parent=32927"}],"wp:term":[{"taxonomy":"pwb-brand","embeddable":true,"href":"https:\/\/mafourniture.ma\/ar\/wp-json\/wp\/v2\/pwb-brand?post=32927"},{"taxonomy":"product_brand","embeddable":true,"href":"https:\/\/mafourniture.ma\/ar\/wp-json\/wp\/v2\/product_brand?post=32927"},{"taxonomy":"product_cat","embeddable":true,"href":"https:\/\/mafourniture.ma\/ar\/wp-json\/wp\/v2\/product_cat?post=32927"},{"taxonomy":"product_tag","embeddable":true,"href":"https:\/\/mafourniture.ma\/ar\/wp-json\/wp\/v2\/product_tag?post=32927"}],"curies":[{"name":"wp","href":"https:\/\/api.w.org\/{rel}","templated":true}]}}