{"id":32922,"date":"2024-12-22T00:02:03","date_gmt":"2024-12-21T23:02:03","guid":{"rendered":"https:\/\/mafourniture.ma\/produit\/pochette-24-plastipastel-de-couleur-milan-ref-80025\/"},"modified":"2026-04-17T09:04:01","modified_gmt":"2026-04-17T08:04:01","slug":"pochette-24-plastipastel-de-couleur-milan-ref-80025","status":"publish","type":"product","link":"https:\/\/mafourniture.ma\/ar\/product\/pochette-24-plastipastel-de-couleur-milan-ref-80025\/","title":{"rendered":"POCHETTE 24 PLASTIPASTEL DE COULEUR MILAN REF 80025"},"content":{"rendered":"<p>24 Plastipastel de diff\u00e9rentes couleurs, avec plateau int\u00e9rieur. Les Plastipastel sont des crayons de couleur \u00e0 base de plastique de poly\u00e9thyl\u00e8ne inject\u00e9, propres et r\u00e9sistants, id\u00e9al pour les plus jeunes. Sa forme triangulaire pourvue d\u2019ar\u00eateshaded usest adapt\u00e9e pour les mains des \u00e9coliers, et emp\u00eache le crayon de rouler sur la surface de travail. Permet de tracer des lignes fines avec la pointe, des lignes \u00e9paisses avec la partie arri\u00e8re et de remplir des espaces larges.<\/p>","protected":false},"excerpt":{"rendered":"<p>24 Plastipastel de diff\u00e9rentes couleurs, avec plateau int\u00e9rieur. Les Plastipastel sont des crayons de couleur \u00e0 base de plastique de<\/p>","protected":false},"featured_media":57965,"comment_status":"open","ping_status":"closed","template":"","meta":[],"pwb-brand":[654],"product_brand":[],"product_cat":[653,602,593],"product_tag":[],"class_list":{"0":"post-32922","1":"product","2":"type-product","3":"status-publish","4":"has-post-thumbnail","6":"pwb-brand-milan","7":"product_cat-crayons-de-couleur","8":"product_cat-dessin-et-peinture","9":"product_cat-fournitures-scolaires","11":"first","12":"instock","13":"purchasable","14":"product-type-simple"},"jetpack_sharing_enabled":true,"brands":[{"id":654,"name":"MILAN","slug":"milan"}],"_links":{"self":[{"href":"https:\/\/mafourniture.ma\/ar\/wp-json\/wp\/v2\/product\/32922","targetHints":{"allow":["GET"]}}],"collection":[{"href":"https:\/\/mafourniture.ma\/ar\/wp-json\/wp\/v2\/product"}],"about":[{"href":"https:\/\/mafourniture.ma\/ar\/wp-json\/wp\/v2\/types\/product"}],"replies":[{"embeddable":true,"href":"https:\/\/mafourniture.ma\/ar\/wp-json\/wp\/v2\/comments?post=32922"}],"version-history":[{"count":2,"href":"https:\/\/mafourniture.ma\/ar\/wp-json\/wp\/v2\/product\/32922\/revisions"}],"predecessor-version":[{"id":36256,"href":"https:\/\/mafourniture.ma\/ar\/wp-json\/wp\/v2\/product\/32922\/revisions\/36256"}],"wp:featuredmedia":[{"embeddable":true,"href":"https:\/\/mafourniture.ma\/ar\/wp-json\/wp\/v2\/media\/57965"}],"wp:attachment":[{"href":"https:\/\/mafourniture.ma\/ar\/wp-json\/wp\/v2\/media?parent=32922"}],"wp:term":[{"taxonomy":"pwb-brand","embeddable":true,"href":"https:\/\/mafourniture.ma\/ar\/wp-json\/wp\/v2\/pwb-brand?post=32922"},{"taxonomy":"product_brand","embeddable":true,"href":"https:\/\/mafourniture.ma\/ar\/wp-json\/wp\/v2\/product_brand?post=32922"},{"taxonomy":"product_cat","embeddable":true,"href":"https:\/\/mafourniture.ma\/ar\/wp-json\/wp\/v2\/product_cat?post=32922"},{"taxonomy":"product_tag","embeddable":true,"href":"https:\/\/mafourniture.ma\/ar\/wp-json\/wp\/v2\/product_tag?post=32922"}],"curies":[{"name":"wp","href":"https:\/\/api.w.org\/{rel}","templated":true}]}}