{"id":32920,"date":"2024-12-22T00:01:18","date_gmt":"2024-12-21T23:01:18","guid":{"rendered":"https:\/\/mafourniture.ma\/produit\/pochette-12-crayons-de-couleur-hexagonaux-milan-ref-80012\/"},"modified":"2026-04-17T08:59:29","modified_gmt":"2026-04-17T07:59:29","slug":"pochette-12-crayons-de-couleur-hexagonaux-milan-ref-80012","status":"publish","type":"product","link":"https:\/\/mafourniture.ma\/ar\/product\/pochette-12-crayons-de-couleur-hexagonaux-milan-ref-80012\/","title":{"rendered":"POCHETTE 12 CRAYONS DE COULEUR HEXAGONAUX MILAN REF 80012"},"content":{"rendered":"<p>Crayons de couleur hexagonaux Mine de 2,9 mm \u00d8. La mine offre un trac\u00e9 uniforme et r\u00e9siste aux cassures gr\u00e2ce au syst\u00e8me LPS (Lead Protection System) qui prot\u00e8ge la mine en adh\u00e9rant au bois. Le bois provient de plantations durables. 12 couleurs. Chspcouleur poss\u00e8de son propre nom.<\/p>","protected":false},"excerpt":{"rendered":"<p>Crayons de couleur hexagonaux Mine de 2,9 mm \u00d8. La mine offre un trac\u00e9 uniforme et r\u00e9siste aux cassures gr\u00e2ce<\/p>","protected":false},"featured_media":57953,"comment_status":"open","ping_status":"closed","template":"","meta":[],"pwb-brand":[654],"product_brand":[],"product_cat":[653,602,593],"product_tag":[],"class_list":{"0":"post-32920","1":"product","2":"type-product","3":"status-publish","4":"has-post-thumbnail","6":"pwb-brand-milan","7":"product_cat-crayons-de-couleur","8":"product_cat-dessin-et-peinture","9":"product_cat-fournitures-scolaires","11":"first","12":"instock","13":"purchasable","14":"product-type-simple"},"jetpack_sharing_enabled":true,"brands":[{"id":654,"name":"MILAN","slug":"milan"}],"_links":{"self":[{"href":"https:\/\/mafourniture.ma\/ar\/wp-json\/wp\/v2\/product\/32920","targetHints":{"allow":["GET"]}}],"collection":[{"href":"https:\/\/mafourniture.ma\/ar\/wp-json\/wp\/v2\/product"}],"about":[{"href":"https:\/\/mafourniture.ma\/ar\/wp-json\/wp\/v2\/types\/product"}],"replies":[{"embeddable":true,"href":"https:\/\/mafourniture.ma\/ar\/wp-json\/wp\/v2\/comments?post=32920"}],"version-history":[{"count":3,"href":"https:\/\/mafourniture.ma\/ar\/wp-json\/wp\/v2\/product\/32920\/revisions"}],"predecessor-version":[{"id":36241,"href":"https:\/\/mafourniture.ma\/ar\/wp-json\/wp\/v2\/product\/32920\/revisions\/36241"}],"wp:featuredmedia":[{"embeddable":true,"href":"https:\/\/mafourniture.ma\/ar\/wp-json\/wp\/v2\/media\/57953"}],"wp:attachment":[{"href":"https:\/\/mafourniture.ma\/ar\/wp-json\/wp\/v2\/media?parent=32920"}],"wp:term":[{"taxonomy":"pwb-brand","embeddable":true,"href":"https:\/\/mafourniture.ma\/ar\/wp-json\/wp\/v2\/pwb-brand?post=32920"},{"taxonomy":"product_brand","embeddable":true,"href":"https:\/\/mafourniture.ma\/ar\/wp-json\/wp\/v2\/product_brand?post=32920"},{"taxonomy":"product_cat","embeddable":true,"href":"https:\/\/mafourniture.ma\/ar\/wp-json\/wp\/v2\/product_cat?post=32920"},{"taxonomy":"product_tag","embeddable":true,"href":"https:\/\/mafourniture.ma\/ar\/wp-json\/wp\/v2\/product_tag?post=32920"}],"curies":[{"name":"wp","href":"https:\/\/api.w.org\/{rel}","templated":true}]}}