{"id":32919,"date":"2024-12-22T00:00:58","date_gmt":"2024-12-21T23:00:58","guid":{"rendered":"https:\/\/mafourniture.ma\/produit\/pastilles-daquarelle-primo-30-mm-palette-24-couleurs-avec-pinceau-ref-127a24fn\/"},"modified":"2026-05-01T04:44:26","modified_gmt":"2026-05-01T03:44:26","slug":"pastilles-daquarelle-primo-30-mm-palette-24-couleurs-avec-pinceau-ref-127a24fn","status":"publish","type":"product","link":"https:\/\/mafourniture.ma\/ar\/product\/pastilles-daquarelle-primo-30-mm-palette-24-couleurs-avec-pinceau-ref-127a24fn\/","title":{"rendered":"PASTILLES D\u2019AQUARELLE PRIMO 30 MM PALETTE 24 COULEURS AVEC PINCEAU REF 127A24FN"},"content":{"rendered":"<p>Pastilles d&rsquo;aquarelle obtenues en pressant des poudres \u00e0 haute teneur en pigments de qualit\u00e9 fine, dans une boite de 24 couleurs, avec couvercle\/palette et pinceau. Avec un peu d&rsquo;eau il est possible d&rsquo;obtenir des effets couvrants et brillants, avec plus d\u2019eau des effets transparents. Utilisables pour la technique classique sur feuille de papier ou sur papier cartonn\u00e9, mais aussi sur des supports diff\u00e9rents pour d&rsquo;autres techniques. Compatibles avec les autres produits \u00e0 l&rsquo;eau de la ligne Morocolor.<br \/>La couleur de l&rsquo;aquarelle pour ses caract\u00e9ristiques peut \u00eatre fix\u00e9e sur certains tissus, c\u2019est pr\u00e9f\u00e9rable de laver imm\u00e9diatement les tissus \u00e0 l&rsquo;eau et au savon.<\/p>","protected":false},"excerpt":{"rendered":"<p>Pastilles d&rsquo;aquarelle obtenues en pressant des poudres \u00e0 haute teneur en pigments de qualit\u00e9 fine, dans une boite de 24<\/p>","protected":false},"featured_media":0,"comment_status":"open","ping_status":"closed","template":"","meta":[],"pwb-brand":[768],"product_brand":[],"product_cat":[602,593,766,1121],"product_tag":[],"class_list":{"0":"post-32919","1":"product","2":"type-product","3":"status-publish","5":"pwb-brand-primo","6":"product_cat-dessin-et-peinture","7":"product_cat-fournitures-scolaires","8":"product_cat-peinture-dessin-et-peinture","9":"product_cat-peinture-aquarelle-peinture-dessin-et-peinture","11":"first","12":"instock","13":"purchasable","14":"product-type-simple"},"jetpack_sharing_enabled":true,"brands":[{"id":768,"name":"PRIMO","slug":"primo"}],"_links":{"self":[{"href":"https:\/\/mafourniture.ma\/ar\/wp-json\/wp\/v2\/product\/32919","targetHints":{"allow":["GET"]}}],"collection":[{"href":"https:\/\/mafourniture.ma\/ar\/wp-json\/wp\/v2\/product"}],"about":[{"href":"https:\/\/mafourniture.ma\/ar\/wp-json\/wp\/v2\/types\/product"}],"replies":[{"embeddable":true,"href":"https:\/\/mafourniture.ma\/ar\/wp-json\/wp\/v2\/comments?post=32919"}],"version-history":[{"count":2,"href":"https:\/\/mafourniture.ma\/ar\/wp-json\/wp\/v2\/product\/32919\/revisions"}],"predecessor-version":[{"id":35141,"href":"https:\/\/mafourniture.ma\/ar\/wp-json\/wp\/v2\/product\/32919\/revisions\/35141"}],"wp:attachment":[{"href":"https:\/\/mafourniture.ma\/ar\/wp-json\/wp\/v2\/media?parent=32919"}],"wp:term":[{"taxonomy":"pwb-brand","embeddable":true,"href":"https:\/\/mafourniture.ma\/ar\/wp-json\/wp\/v2\/pwb-brand?post=32919"},{"taxonomy":"product_brand","embeddable":true,"href":"https:\/\/mafourniture.ma\/ar\/wp-json\/wp\/v2\/product_brand?post=32919"},{"taxonomy":"product_cat","embeddable":true,"href":"https:\/\/mafourniture.ma\/ar\/wp-json\/wp\/v2\/product_cat?post=32919"},{"taxonomy":"product_tag","embeddable":true,"href":"https:\/\/mafourniture.ma\/ar\/wp-json\/wp\/v2\/product_tag?post=32919"}],"curies":[{"name":"wp","href":"https:\/\/api.w.org\/{rel}","templated":true}]}}