{"id":32742,"date":"2024-12-18T20:05:36","date_gmt":"2024-12-18T19:05:36","guid":{"rendered":"https:\/\/mafourniture.ma\/produit\/colle-liquide-65ml-stick-up-deli-a21410\/"},"modified":"2026-04-11T09:58:50","modified_gmt":"2026-04-11T08:58:50","slug":"colle-liquide-65ml-stick-up-deli-a21410","status":"publish","type":"product","link":"https:\/\/mafourniture.ma\/ar\/product\/colle-liquide-65ml-stick-up-deli-a21410\/","title":{"rendered":"COLLE LIQUIDE 65ML STICK UP DELI A21410"},"content":{"rendered":"<p>Colle adh\u00e9sive forte \u00e0 haute viscosit\u00e9 et au design coud\u00e9 facile \u00e0 utiliser<br \/>M\u00e9nage | Bureau | \u00c9cole<br \/>Points de vente :<br \/>&#8211; Conception coud\u00e9e pour une utilisation pratique<br \/>&#8211; Distribution de colle douce et r\u00e9guli\u00e8re<br \/>&#8211; Colle liquide forte pour le collage de diff\u00e9rents papiers<br \/>&#8211; Colle liquide tr\u00e8s visqueuse pour tous les types de papier, factures, enveloppes et p\u00e2tes \u00e0 cartes,<\/p>","protected":false},"excerpt":{"rendered":"<p>Colle adh\u00e9sive forte \u00e0 haute viscosit\u00e9 et au design coud\u00e9 facile \u00e0 utiliserM\u00e9nage | Bureau | \u00c9colePoints de vente :&#8211;<\/p>","protected":false},"featured_media":58195,"comment_status":"open","ping_status":"closed","template":"","meta":[],"pwb-brand":[659],"product_brand":[],"product_cat":[811,593,628],"product_tag":[],"class_list":{"0":"post-32742","1":"product","2":"type-product","3":"status-publish","4":"has-post-thumbnail","6":"pwb-brand-deli","7":"product_cat-colles","8":"product_cat-fournitures-scolaires","9":"product_cat-petites-fournitures","11":"first","12":"instock","13":"purchasable","14":"product-type-simple"},"jetpack_sharing_enabled":true,"brands":[{"id":659,"name":"DELI","slug":"deli"}],"_links":{"self":[{"href":"https:\/\/mafourniture.ma\/ar\/wp-json\/wp\/v2\/product\/32742","targetHints":{"allow":["GET"]}}],"collection":[{"href":"https:\/\/mafourniture.ma\/ar\/wp-json\/wp\/v2\/product"}],"about":[{"href":"https:\/\/mafourniture.ma\/ar\/wp-json\/wp\/v2\/types\/product"}],"replies":[{"embeddable":true,"href":"https:\/\/mafourniture.ma\/ar\/wp-json\/wp\/v2\/comments?post=32742"}],"version-history":[{"count":2,"href":"https:\/\/mafourniture.ma\/ar\/wp-json\/wp\/v2\/product\/32742\/revisions"}],"predecessor-version":[{"id":36508,"href":"https:\/\/mafourniture.ma\/ar\/wp-json\/wp\/v2\/product\/32742\/revisions\/36508"}],"wp:featuredmedia":[{"embeddable":true,"href":"https:\/\/mafourniture.ma\/ar\/wp-json\/wp\/v2\/media\/58195"}],"wp:attachment":[{"href":"https:\/\/mafourniture.ma\/ar\/wp-json\/wp\/v2\/media?parent=32742"}],"wp:term":[{"taxonomy":"pwb-brand","embeddable":true,"href":"https:\/\/mafourniture.ma\/ar\/wp-json\/wp\/v2\/pwb-brand?post=32742"},{"taxonomy":"product_brand","embeddable":true,"href":"https:\/\/mafourniture.ma\/ar\/wp-json\/wp\/v2\/product_brand?post=32742"},{"taxonomy":"product_cat","embeddable":true,"href":"https:\/\/mafourniture.ma\/ar\/wp-json\/wp\/v2\/product_cat?post=32742"},{"taxonomy":"product_tag","embeddable":true,"href":"https:\/\/mafourniture.ma\/ar\/wp-json\/wp\/v2\/product_tag?post=32742"}],"curies":[{"name":"wp","href":"https:\/\/api.w.org\/{rel}","templated":true}]}}