{"id":32738,"date":"2024-12-18T20:04:21","date_gmt":"2024-12-18T19:04:21","guid":{"rendered":"https:\/\/mafourniture.ma\/produit\/destructeur-deli-9928-a4-220mm-6f-15l-pape-shredder\/"},"modified":"2026-04-11T09:54:21","modified_gmt":"2026-04-11T08:54:21","slug":"destructeur-deli-9928-a4-220mm-6f-15l-pape-shredder","status":"publish","type":"product","link":"https:\/\/mafourniture.ma\/ar\/product\/destructeur-deli-9928-a4-220mm-6f-15l-pape-shredder\/","title":{"rendered":"DESTRUCTEUR DELI 9928 A4 220mm 6F 15L PAPE SHREDDER"},"content":{"rendered":"<p>Destructeur de documents Deli 9928 coupe crois\u00e9e -Peut d\u00e9truire: Papier, carte de cr\u00e9dit -Taille de coupe: 5 x 40 mm -Capacit\u00e9 d&rsquo;entr\u00e9e: 6 feuilles (70 g \/ m\u00b2)-Largeur d&rsquo;entr\u00e9e: 220 mm A4 -Capacit\u00e9 de la corbeille:15L-Vitesse de destruction:1.6 m\/min- Faible bruit:60 dB-Protection contre la surchauffe:5 min -Dimensions:325 x 193 x 360 mm -Couleur:Gris clair-Garantie 1 an<\/p>","protected":false},"excerpt":{"rendered":"<p>Destructeur de documents Deli 9928 coupe crois\u00e9e -Peut d\u00e9truire: Papier, carte de cr\u00e9dit -Taille de coupe: 5 x 40 mm<\/p>","protected":false},"featured_media":58189,"comment_status":"open","ping_status":"closed","template":"","meta":[],"pwb-brand":[659],"product_brand":[],"product_cat":[698,597,641],"product_tag":[],"class_list":{"0":"post-32738","1":"product","2":"type-product","3":"status-publish","4":"has-post-thumbnail","6":"pwb-brand-deli","7":"product_cat-destructeurs","8":"product_cat-fournitures-de-bureau","9":"product_cat-machines-de-bureau","11":"first","12":"instock","13":"taxable","14":"shipping-taxable","15":"purchasable","16":"product-type-simple"},"jetpack_sharing_enabled":true,"brands":[{"id":659,"name":"DELI","slug":"deli"}],"_links":{"self":[{"href":"https:\/\/mafourniture.ma\/ar\/wp-json\/wp\/v2\/product\/32738","targetHints":{"allow":["GET"]}}],"collection":[{"href":"https:\/\/mafourniture.ma\/ar\/wp-json\/wp\/v2\/product"}],"about":[{"href":"https:\/\/mafourniture.ma\/ar\/wp-json\/wp\/v2\/types\/product"}],"replies":[{"embeddable":true,"href":"https:\/\/mafourniture.ma\/ar\/wp-json\/wp\/v2\/comments?post=32738"}],"version-history":[{"count":2,"href":"https:\/\/mafourniture.ma\/ar\/wp-json\/wp\/v2\/product\/32738\/revisions"}],"predecessor-version":[{"id":36499,"href":"https:\/\/mafourniture.ma\/ar\/wp-json\/wp\/v2\/product\/32738\/revisions\/36499"}],"wp:featuredmedia":[{"embeddable":true,"href":"https:\/\/mafourniture.ma\/ar\/wp-json\/wp\/v2\/media\/58189"}],"wp:attachment":[{"href":"https:\/\/mafourniture.ma\/ar\/wp-json\/wp\/v2\/media?parent=32738"}],"wp:term":[{"taxonomy":"pwb-brand","embeddable":true,"href":"https:\/\/mafourniture.ma\/ar\/wp-json\/wp\/v2\/pwb-brand?post=32738"},{"taxonomy":"product_brand","embeddable":true,"href":"https:\/\/mafourniture.ma\/ar\/wp-json\/wp\/v2\/product_brand?post=32738"},{"taxonomy":"product_cat","embeddable":true,"href":"https:\/\/mafourniture.ma\/ar\/wp-json\/wp\/v2\/product_cat?post=32738"},{"taxonomy":"product_tag","embeddable":true,"href":"https:\/\/mafourniture.ma\/ar\/wp-json\/wp\/v2\/product_tag?post=32738"}],"curies":[{"name":"wp","href":"https:\/\/api.w.org\/{rel}","templated":true}]}}