{"id":32683,"date":"2024-12-16T00:05:27","date_gmt":"2024-12-15T23:05:27","guid":{"rendered":"https:\/\/mafourniture.ma\/produit\/stylos-feutres-12-couleurs-deli-felt-pen-u-touch-c10604\/"},"modified":"2026-04-11T10:12:12","modified_gmt":"2026-04-11T09:12:12","slug":"stylos-feutres-12-couleurs-deli-felt-pen-u-touch-c10604","status":"publish","type":"product","link":"https:\/\/mafourniture.ma\/ar\/product\/stylos-feutres-12-couleurs-deli-felt-pen-u-touch-c10604\/","title":{"rendered":"STYLOS FEUTRES 12 COULEURS DELI FELT PEN U-TOUCH C10604"},"content":{"rendered":"<p>EC10604 Stylo feutre lavable 1.0-5.0mm 12 Couleurs<br \/>Taille et sp\u00e9cification : f10\u00d7140mm<br \/>Mat\u00e9riel : PP<br \/>12 couleurs : Jaune citron, prune, bleu indigo, orange tangelo, rouge espoir, bleu cyan, fushia, violet, vert citron, vert for\u00eat, brun chocolat, noir.<br \/>Baril triangulaire<br \/>Pointe en d\u00f4me en fibre, 5.0mm<\/p>","protected":false},"excerpt":{"rendered":"<p>EC10604 Stylo feutre lavable 1.0-5.0mm 12 CouleursTaille et sp\u00e9cification : f10\u00d7140mmMat\u00e9riel : PP12 couleurs : Jaune citron, prune, bleu indigo,<\/p>","protected":false},"featured_media":58243,"comment_status":"open","ping_status":"closed","template":"","meta":[],"pwb-brand":[659],"product_brand":[],"product_cat":[645,675,597],"product_tag":[],"class_list":{"0":"post-32683","1":"product","2":"type-product","3":"status-publish","4":"has-post-thumbnail","6":"pwb-brand-deli","7":"product_cat-ecriture-et-correction","8":"product_cat-feutres","9":"product_cat-fournitures-de-bureau","11":"first","12":"instock","13":"taxable","14":"shipping-taxable","15":"purchasable","16":"product-type-simple"},"jetpack_sharing_enabled":true,"brands":[{"id":659,"name":"DELI","slug":"deli"}],"_links":{"self":[{"href":"https:\/\/mafourniture.ma\/ar\/wp-json\/wp\/v2\/product\/32683","targetHints":{"allow":["GET"]}}],"collection":[{"href":"https:\/\/mafourniture.ma\/ar\/wp-json\/wp\/v2\/product"}],"about":[{"href":"https:\/\/mafourniture.ma\/ar\/wp-json\/wp\/v2\/types\/product"}],"replies":[{"embeddable":true,"href":"https:\/\/mafourniture.ma\/ar\/wp-json\/wp\/v2\/comments?post=32683"}],"version-history":[{"count":2,"href":"https:\/\/mafourniture.ma\/ar\/wp-json\/wp\/v2\/product\/32683\/revisions"}],"predecessor-version":[{"id":36567,"href":"https:\/\/mafourniture.ma\/ar\/wp-json\/wp\/v2\/product\/32683\/revisions\/36567"}],"wp:featuredmedia":[{"embeddable":true,"href":"https:\/\/mafourniture.ma\/ar\/wp-json\/wp\/v2\/media\/58243"}],"wp:attachment":[{"href":"https:\/\/mafourniture.ma\/ar\/wp-json\/wp\/v2\/media?parent=32683"}],"wp:term":[{"taxonomy":"pwb-brand","embeddable":true,"href":"https:\/\/mafourniture.ma\/ar\/wp-json\/wp\/v2\/pwb-brand?post=32683"},{"taxonomy":"product_brand","embeddable":true,"href":"https:\/\/mafourniture.ma\/ar\/wp-json\/wp\/v2\/product_brand?post=32683"},{"taxonomy":"product_cat","embeddable":true,"href":"https:\/\/mafourniture.ma\/ar\/wp-json\/wp\/v2\/product_cat?post=32683"},{"taxonomy":"product_tag","embeddable":true,"href":"https:\/\/mafourniture.ma\/ar\/wp-json\/wp\/v2\/product_tag?post=32683"}],"curies":[{"name":"wp","href":"https:\/\/api.w.org\/{rel}","templated":true}]}}