{"id":32636,"date":"2024-12-15T00:19:58","date_gmt":"2024-12-14T23:19:58","guid":{"rendered":"https:\/\/mafourniture.ma\/produit\/stylo-correcteur-scolaire-pointe-en-metal-deli-h10100-cover-up-bumpees-8ml\/"},"modified":"2026-04-11T10:43:09","modified_gmt":"2026-04-11T09:43:09","slug":"stylo-correcteur-scolaire-pointe-en-metal-deli-h10100-cover-up-bumpees-8ml","status":"publish","type":"product","link":"https:\/\/mafourniture.ma\/ar\/product\/stylo-correcteur-scolaire-pointe-en-metal-deli-h10100-cover-up-bumpees-8ml\/","title":{"rendered":"STYLO CORRECTEUR SCOLAIRE POINTE EN METAL DELI H10100 COVER UP \u00ab\u00a0BUMPEES\u00a0\u00bb 8ML"},"content":{"rendered":"<p>8 ml, \u00a0\u00bb Bumpees \u00ab\u00a0<br \/>Poids\t25 g<br \/>Dimensions\t130 x 20 mm<br \/>Couleur\tBlanc<br \/>Type de correcteur\tStylo \u00e0 t\u00eate m\u00e9talique<\/p>","protected":false},"excerpt":{"rendered":"<p>8 ml, \u00a0\u00bb Bumpees \u00ab\u00a0Poids 25 gDimensions 130 x 20 mmCouleur BlancType de correcteur Stylo \u00e0 t\u00eate m\u00e9talique<\/p>","protected":false},"featured_media":58375,"comment_status":"open","ping_status":"closed","template":"","meta":[],"pwb-brand":[659],"product_brand":[],"product_cat":[929,645,597],"product_tag":[],"class_list":{"0":"post-32636","1":"product","2":"type-product","3":"status-publish","4":"has-post-thumbnail","6":"pwb-brand-deli","7":"product_cat-correction","8":"product_cat-ecriture-et-correction","9":"product_cat-fournitures-de-bureau","11":"first","12":"instock","13":"taxable","14":"shipping-taxable","15":"purchasable","16":"product-type-simple"},"jetpack_sharing_enabled":true,"brands":[{"id":659,"name":"DELI","slug":"deli"}],"_links":{"self":[{"href":"https:\/\/mafourniture.ma\/ar\/wp-json\/wp\/v2\/product\/32636","targetHints":{"allow":["GET"]}}],"collection":[{"href":"https:\/\/mafourniture.ma\/ar\/wp-json\/wp\/v2\/product"}],"about":[{"href":"https:\/\/mafourniture.ma\/ar\/wp-json\/wp\/v2\/types\/product"}],"replies":[{"embeddable":true,"href":"https:\/\/mafourniture.ma\/ar\/wp-json\/wp\/v2\/comments?post=32636"}],"version-history":[{"count":2,"href":"https:\/\/mafourniture.ma\/ar\/wp-json\/wp\/v2\/product\/32636\/revisions"}],"predecessor-version":[{"id":36693,"href":"https:\/\/mafourniture.ma\/ar\/wp-json\/wp\/v2\/product\/32636\/revisions\/36693"}],"wp:featuredmedia":[{"embeddable":true,"href":"https:\/\/mafourniture.ma\/ar\/wp-json\/wp\/v2\/media\/58375"}],"wp:attachment":[{"href":"https:\/\/mafourniture.ma\/ar\/wp-json\/wp\/v2\/media?parent=32636"}],"wp:term":[{"taxonomy":"pwb-brand","embeddable":true,"href":"https:\/\/mafourniture.ma\/ar\/wp-json\/wp\/v2\/pwb-brand?post=32636"},{"taxonomy":"product_brand","embeddable":true,"href":"https:\/\/mafourniture.ma\/ar\/wp-json\/wp\/v2\/product_brand?post=32636"},{"taxonomy":"product_cat","embeddable":true,"href":"https:\/\/mafourniture.ma\/ar\/wp-json\/wp\/v2\/product_cat?post=32636"},{"taxonomy":"product_tag","embeddable":true,"href":"https:\/\/mafourniture.ma\/ar\/wp-json\/wp\/v2\/product_tag?post=32636"}],"curies":[{"name":"wp","href":"https:\/\/api.w.org\/{rel}","templated":true}]}}