{"id":32632,"date":"2024-12-15T00:19:02","date_gmt":"2024-12-14T23:19:02","guid":{"rendered":"https:\/\/mafourniture.ma\/produit\/casio-fx-991ex-classwiz-fonctionnalites-avancees-calculatrice-scientifique-552-fonctions\/"},"modified":"2025-10-23T13:15:12","modified_gmt":"2025-10-23T12:15:12","slug":"casio-fx-991ex-classwiz-fonctionnalites-avancees-calculatrice-scientifique-552-fonctions","status":"publish","type":"product","link":"https:\/\/mafourniture.ma\/ar\/product\/casio-fx-991ex-classwiz-fonctionnalites-avancees-calculatrice-scientifique-552-fonctions\/","title":{"rendered":"CASIO FX-991EX CLASSWIZ FONCTIONNALITES AVANCEES CALCULATRICE SCIENTIFIQUE 552 FONCTIONS"},"content":{"rendered":"<p>Source d&rsquo;alimentation: solaire, taille de cl\u00e9: r\u00e9guli\u00e8re<br \/>Marque: Casio, Type: Scientifique<br \/>Mod\u00e8le: FX-991EX, Taille de l&rsquo;\u00e9cran: R\u00e9gulier<br \/>Taille: Portable<br \/>Caract\u00e9ristiques: \u00e9cran LCD<\/p>","protected":false},"excerpt":{"rendered":"<p>Source d&rsquo;alimentation: solaire, taille de cl\u00e9: r\u00e9guli\u00e8reMarque: Casio, Type: ScientifiqueMod\u00e8le: FX-991EX, Taille de l&rsquo;\u00e9cran: R\u00e9gulierTaille: PortableCaract\u00e9ristiques: \u00e9cran LCD<\/p>","protected":false},"featured_media":38092,"comment_status":"open","ping_status":"closed","template":"","meta":[],"pwb-brand":[656],"product_brand":[],"product_cat":[655,597,641],"product_tag":[],"class_list":{"0":"post-32632","1":"product","2":"type-product","3":"status-publish","4":"has-post-thumbnail","6":"pwb-brand-casio","7":"product_cat-calculatrices","8":"product_cat-fournitures-de-bureau","9":"product_cat-machines-de-bureau","11":"first","12":"outofstock","13":"taxable","14":"shipping-taxable","15":"purchasable","16":"product-type-simple"},"jetpack_sharing_enabled":true,"brands":[{"id":656,"name":"CASIO","slug":"casio"}],"_links":{"self":[{"href":"https:\/\/mafourniture.ma\/ar\/wp-json\/wp\/v2\/product\/32632","targetHints":{"allow":["GET"]}}],"collection":[{"href":"https:\/\/mafourniture.ma\/ar\/wp-json\/wp\/v2\/product"}],"about":[{"href":"https:\/\/mafourniture.ma\/ar\/wp-json\/wp\/v2\/types\/product"}],"replies":[{"embeddable":true,"href":"https:\/\/mafourniture.ma\/ar\/wp-json\/wp\/v2\/comments?post=32632"}],"version-history":[{"count":3,"href":"https:\/\/mafourniture.ma\/ar\/wp-json\/wp\/v2\/product\/32632\/revisions"}],"predecessor-version":[{"id":36685,"href":"https:\/\/mafourniture.ma\/ar\/wp-json\/wp\/v2\/product\/32632\/revisions\/36685"}],"wp:featuredmedia":[{"embeddable":true,"href":"https:\/\/mafourniture.ma\/ar\/wp-json\/wp\/v2\/media\/38092"}],"wp:attachment":[{"href":"https:\/\/mafourniture.ma\/ar\/wp-json\/wp\/v2\/media?parent=32632"}],"wp:term":[{"taxonomy":"pwb-brand","embeddable":true,"href":"https:\/\/mafourniture.ma\/ar\/wp-json\/wp\/v2\/pwb-brand?post=32632"},{"taxonomy":"product_brand","embeddable":true,"href":"https:\/\/mafourniture.ma\/ar\/wp-json\/wp\/v2\/product_brand?post=32632"},{"taxonomy":"product_cat","embeddable":true,"href":"https:\/\/mafourniture.ma\/ar\/wp-json\/wp\/v2\/product_cat?post=32632"},{"taxonomy":"product_tag","embeddable":true,"href":"https:\/\/mafourniture.ma\/ar\/wp-json\/wp\/v2\/product_tag?post=32632"}],"curies":[{"name":"wp","href":"https:\/\/api.w.org\/{rel}","templated":true}]}}