{"id":32631,"date":"2024-12-15T00:18:45","date_gmt":"2024-12-14T23:18:45","guid":{"rendered":"https:\/\/mafourniture.ma\/produit\/calculatrice-casio-fx-82es-plus-2-bk\/"},"modified":"2026-04-29T11:31:13","modified_gmt":"2026-04-29T10:31:13","slug":"calculatrice-casio-fx-82es-plus-2-bk","status":"publish","type":"product","link":"https:\/\/mafourniture.ma\/ar\/product\/calculatrice-casio-fx-82es-plus-2-bk\/","title":{"rendered":"CALC CASIO FX-82ES PLUS -2-WDV"},"content":{"rendered":"<p>Fonctionnalit\u00e9s<br \/>Simple et facile \u00e0 utiliser<br \/>Outils p\u00e9dagogiques optimaux r\u00e9alis\u00e9s gr\u00e2ce \u00e0 une conception qui met l&rsquo;accent sur le confort de la main, la lisibilit\u00e9 et la convivialit\u00e9 gr\u00e2ce \u00e0 la recherche de la simplicit\u00e9<\/p>\n<p>Affichage de manuel naturel<br \/>Caract\u00e9ristiques Format d&rsquo;affichage des manuels naturels pour afficher les \u00e9quations et les r\u00e9sultats des calculs tels qu&rsquo;ils apparaissent dans les manuels<\/p>\n<p>Qualit\u00e9 authentique<br \/>L&rsquo;excellente qualit\u00e9 et l&rsquo;authentification garantissent la confiance et la tranquillit\u00e9 d&rsquo;esprit pour une utilisation dans des environnements \u00e9ducatifs<\/p>\n<p>Fonctions principales<br \/>Factorisations Prime<br \/>Entiers al\u00e9atoires<br \/>Calculs de fractions<br \/>Combinaison et permutation<br \/>Statistiques (\u00e9diteur de donn\u00e9es STAT bas\u00e9 sur des listes, \u00e9cart type, analyse de r\u00e9gression)<br \/>9 variables<br \/>Fonction de table<br \/>Livr\u00e9 avec un nouvel \u00e9tui rigide \u00e0 glissi\u00e8re<\/p>\n<p>Caract\u00e9ristiques<br \/>Non programmable<br \/>Nombre de fonctions: 252<br \/>Affichage naturel des manuels<br \/>Afficher l&rsquo;expression identique \u00e0 celle du manuel.<\/p>\n<p>AAA \u00d7 1 (R03)<br \/>CHIFFRE    10 + 2 chiffres<br \/>Mantisse \u00e0 10 chiffres + affichage exponentiel \u00e0 2 chiffres.<\/p>\n<p>Affichage \u00e0 matrice de points<br \/>L&rsquo;\u00e9cran haute r\u00e9solution fournit de beaux graphiques \u00e0 chaque fois.<\/p>\n<p>Multi-relecture<br \/>Rappel rapide et facile des formules pr\u00e9c\u00e9demment ex\u00e9cut\u00e9es pour l&rsquo;\u00e9dition et la r\u00e9ex\u00e9cution.<\/p>\n<p>Cl\u00e9s en plastique<br \/>Con\u00e7u et fabriqu\u00e9 pour une utilisation facile.<br \/>G\u00e9n\u00e9ration de table<br \/>Vous pouvez cr\u00e9er une table num\u00e9rique bas\u00e9e sur cette expression en enregistrant une expression de fonction. De plus, les fonctions graphiques peuvent \u00eatre repr\u00e9sent\u00e9es par des graphiques.<br \/>Fonctions math\u00e9matiques de base<br \/>Trigonom\u00e9trique, logarithmique exponentielle, etc.<br \/>Statistiques de base<br \/>Fonctions de statistiques standard telles que la moyenne, la somme, l&rsquo;\u00e9cart type et la r\u00e9gression<\/p>\n<p>\u00c9diteur de donn\u00e9es STAT bas\u00e9 sur une liste<br \/>Affichage et \u00e9dition des donn\u00e9es d&rsquo;entr\u00e9e au format liste, montrant les groupes de donn\u00e9es (donn\u00e9es x, donn\u00e9es y, fr\u00e9quence) et les donn\u00e9es environnantes.<br \/>Pile de taille AAA<br \/>Non graphique<\/p>","protected":false},"excerpt":{"rendered":"<p>Fonctionnalit\u00e9sSimple et facile \u00e0 utiliserOutils p\u00e9dagogiques optimaux r\u00e9alis\u00e9s gr\u00e2ce \u00e0 une conception qui met l&rsquo;accent sur le confort de la<\/p>","protected":false},"featured_media":60121,"comment_status":"open","ping_status":"closed","template":"","meta":[],"pwb-brand":[656],"product_brand":[],"product_cat":[655,597,641],"product_tag":[],"class_list":{"0":"post-32631","1":"product","2":"type-product","3":"status-publish","4":"has-post-thumbnail","6":"pwb-brand-casio","7":"product_cat-calculatrices","8":"product_cat-fournitures-de-bureau","9":"product_cat-machines-de-bureau","11":"first","12":"instock","13":"taxable","14":"shipping-taxable","15":"purchasable","16":"product-type-simple"},"jetpack_sharing_enabled":true,"brands":[{"id":656,"name":"CASIO","slug":"casio"}],"_links":{"self":[{"href":"https:\/\/mafourniture.ma\/ar\/wp-json\/wp\/v2\/product\/32631","targetHints":{"allow":["GET"]}}],"collection":[{"href":"https:\/\/mafourniture.ma\/ar\/wp-json\/wp\/v2\/product"}],"about":[{"href":"https:\/\/mafourniture.ma\/ar\/wp-json\/wp\/v2\/types\/product"}],"replies":[{"embeddable":true,"href":"https:\/\/mafourniture.ma\/ar\/wp-json\/wp\/v2\/comments?post=32631"}],"version-history":[{"count":4,"href":"https:\/\/mafourniture.ma\/ar\/wp-json\/wp\/v2\/product\/32631\/revisions"}],"predecessor-version":[{"id":43218,"href":"https:\/\/mafourniture.ma\/ar\/wp-json\/wp\/v2\/product\/32631\/revisions\/43218"}],"wp:featuredmedia":[{"embeddable":true,"href":"https:\/\/mafourniture.ma\/ar\/wp-json\/wp\/v2\/media\/60121"}],"wp:attachment":[{"href":"https:\/\/mafourniture.ma\/ar\/wp-json\/wp\/v2\/media?parent=32631"}],"wp:term":[{"taxonomy":"pwb-brand","embeddable":true,"href":"https:\/\/mafourniture.ma\/ar\/wp-json\/wp\/v2\/pwb-brand?post=32631"},{"taxonomy":"product_brand","embeddable":true,"href":"https:\/\/mafourniture.ma\/ar\/wp-json\/wp\/v2\/product_brand?post=32631"},{"taxonomy":"product_cat","embeddable":true,"href":"https:\/\/mafourniture.ma\/ar\/wp-json\/wp\/v2\/product_cat?post=32631"},{"taxonomy":"product_tag","embeddable":true,"href":"https:\/\/mafourniture.ma\/ar\/wp-json\/wp\/v2\/product_tag?post=32631"}],"curies":[{"name":"wp","href":"https:\/\/api.w.org\/{rel}","templated":true}]}}