{"id":32628,"date":"2024-12-15T00:17:52","date_gmt":"2024-12-14T23:17:52","guid":{"rendered":"https:\/\/mafourniture.ma\/produit\/panasonic-fax-kx-ft983cx\/"},"modified":"2026-04-15T10:42:05","modified_gmt":"2026-04-15T09:42:05","slug":"panasonic-fax-kx-ft983cx","status":"publish","type":"product","link":"https:\/\/mafourniture.ma\/ar\/product\/panasonic-fax-kx-ft983cx\/","title":{"rendered":"PANASONIC FAX KX-FT983CX"},"content":{"rendered":"<p>PRINCIPALES CARACT\u00c9RISTIQUES<br \/> Fax PANASONIC <br \/> Ecran: LCD 2 Lignes (Affichage nom et num\u00e9ro) <br \/> Technologie d&rsquo;impression: Thermique <br \/> Identification de l&rsquo;appelant: 1 <br \/> R\u00e9ception hors papier: 2 <br \/> Diffusion s\u00e9quentielle <br \/> Touche de navigation pour une utilisation simplifi\u00e9e <br \/> Chargeur Automatique de Documents: 10 pages <br \/> Fonction copieur <br \/> R\u00e9solution: Standard\/ Fine\/ Super Fine\/ photo <br \/> Conviviale r\u00e9ception de fax <br \/> Transmission diff\u00e9r\u00e9e <br \/> Fonction de rel\u00e9ve <br \/> M\u00e9moire flash asservie <\/p>","protected":false},"excerpt":{"rendered":"<p>PRINCIPALES CARACT\u00c9RISTIQUES Fax PANASONIC Ecran: LCD 2 Lignes (Affichage nom et num\u00e9ro) Technologie d&rsquo;impression: Thermique Identification de l&rsquo;appelant: 1 R\u00e9ception<\/p>","protected":false},"featured_media":58366,"comment_status":"open","ping_status":"closed","template":"","meta":[],"pwb-brand":[1084],"product_brand":[],"product_cat":[1083,710,585],"product_tag":[],"class_list":{"0":"post-32628","1":"product","2":"type-product","3":"status-publish","4":"has-post-thumbnail","6":"pwb-brand-panasonic","7":"product_cat-fax","8":"product_cat-materiel-dimpression","9":"product_cat-materiels-informatiques","11":"first","12":"instock","13":"taxable","14":"shipping-taxable","15":"purchasable","16":"product-type-simple"},"jetpack_sharing_enabled":true,"brands":[{"id":1084,"name":"PANASONIC","slug":"panasonic"}],"_links":{"self":[{"href":"https:\/\/mafourniture.ma\/ar\/wp-json\/wp\/v2\/product\/32628","targetHints":{"allow":["GET"]}}],"collection":[{"href":"https:\/\/mafourniture.ma\/ar\/wp-json\/wp\/v2\/product"}],"about":[{"href":"https:\/\/mafourniture.ma\/ar\/wp-json\/wp\/v2\/types\/product"}],"replies":[{"embeddable":true,"href":"https:\/\/mafourniture.ma\/ar\/wp-json\/wp\/v2\/comments?post=32628"}],"version-history":[{"count":2,"href":"https:\/\/mafourniture.ma\/ar\/wp-json\/wp\/v2\/product\/32628\/revisions"}],"predecessor-version":[{"id":36676,"href":"https:\/\/mafourniture.ma\/ar\/wp-json\/wp\/v2\/product\/32628\/revisions\/36676"}],"wp:featuredmedia":[{"embeddable":true,"href":"https:\/\/mafourniture.ma\/ar\/wp-json\/wp\/v2\/media\/58366"}],"wp:attachment":[{"href":"https:\/\/mafourniture.ma\/ar\/wp-json\/wp\/v2\/media?parent=32628"}],"wp:term":[{"taxonomy":"pwb-brand","embeddable":true,"href":"https:\/\/mafourniture.ma\/ar\/wp-json\/wp\/v2\/pwb-brand?post=32628"},{"taxonomy":"product_brand","embeddable":true,"href":"https:\/\/mafourniture.ma\/ar\/wp-json\/wp\/v2\/product_brand?post=32628"},{"taxonomy":"product_cat","embeddable":true,"href":"https:\/\/mafourniture.ma\/ar\/wp-json\/wp\/v2\/product_cat?post=32628"},{"taxonomy":"product_tag","embeddable":true,"href":"https:\/\/mafourniture.ma\/ar\/wp-json\/wp\/v2\/product_tag?post=32628"}],"curies":[{"name":"wp","href":"https:\/\/api.w.org\/{rel}","templated":true}]}}