{"id":32609,"date":"2024-12-15T00:12:33","date_gmt":"2024-12-14T23:12:33","guid":{"rendered":"https:\/\/mafourniture.ma\/produit\/calcul-casio-dw-120ms\/"},"modified":"2026-04-05T12:43:04","modified_gmt":"2026-04-05T11:43:04","slug":"calcul-casio-dw-120ms","status":"publish","type":"product","link":"https:\/\/mafourniture.ma\/ar\/product\/calcul-casio-dw-120ms\/","title":{"rendered":"CALCUL CASIO DW-120MS"},"content":{"rendered":"<p>Type de bureau<\/p>\n<p>CHIFFRE 12 chiffres<\/p>\n<p>Calcul de la taxe Calcul automatique du prix plus les taxes, du prix moins les taxes, de la remise, du prix de vente, du montant de la taxe, du montant de la remise et du montant de la marge.<\/p>\n<p>Co\u00fbt \/ Vente \/ Marge Calculez le co\u00fbt, le prix de vente ou la marge b\u00e9n\u00e9ficiaire d&rsquo;un article, compte tenu des deux autres valeurs.<\/p>\n<p>Batterie solaire Alimentation solaire lorsque la lumi\u00e8re est suffisante, aliment\u00e9e par batterie lorsque la lumi\u00e8re est insuffisante.<\/p>\n<p>Signes de commande de fonction Un symbole (+, -, \u00d7, \u00f7) sur l&rsquo;\u00e9cran indique l&rsquo;\u00e9tat de l&rsquo;op\u00e9ration en cours.<\/p>\n<p>S\u00e9lecteur d&rsquo;arrondi  F: d\u00e9cimales flottantes. CUT: les valeurs sont coup\u00e9es. UP: les valeurs sont arrondies. 5\/4: Les valeurs sont arrondies.<\/p>\n<p>S\u00e9lecteur d\u00e9cimal  4,3,2,1,0: sp\u00e9cifie le nombre de d\u00e9cimales sous la forme 4,3,2,1,0. ADD2: 2 d\u00e9cimales sont suppos\u00e9es pour les entr\u00e9es et les r\u00e9sultats de toutes les op\u00e9rations d&rsquo;addition et de soustraction.<\/p>\n<p>Renouvellement de cl\u00e9  Les op\u00e9rations cl\u00e9s sont stock\u00e9es dans une m\u00e9moire tampon, de sorte que rien n&rsquo;est perdu m\u00eame pendant une entr\u00e9e \u00e0 grande vitesse.<\/p>\n<p>\u00c9cran extra large  Un affichage plus grand facilite la lecture de plus de donn\u00e9es.<\/p>\n<p>Affichage inclinable  Le degr\u00e9 d&rsquo;affichage peut \u00eatre ajust\u00e9 librement.<\/p>\n<p>Cl\u00e9s en plastique  Con\u00e7u et fabriqu\u00e9 pour une utilisation facile.<\/p>\n<p>Pourcentage de marge b\u00e9n\u00e9ficiaire  La touche \u00ab\u00a0%\u00a0\u00bb donne un acc\u00e8s rapide aux prix et aux b\u00e9n\u00e9fices, et fournit \u00e9galement des add-ons, des remises, des ratios et des valeurs d&rsquo;augmentation \/ diminution.<\/p>\n<p>Plaque frontale en m\u00e9tal  La couverture dure r\u00e9siste \u00e0 un traitement brutal.<\/p>","protected":false},"excerpt":{"rendered":"<p>Type de bureau CHIFFRE 12 chiffres Calcul de la taxe Calcul automatique du prix plus les taxes, du prix moins<\/p>","protected":false},"featured_media":58340,"comment_status":"open","ping_status":"closed","template":"","meta":[],"pwb-brand":[656],"product_brand":[],"product_cat":[655,597,641],"product_tag":[],"class_list":{"0":"post-32609","1":"product","2":"type-product","3":"status-publish","4":"has-post-thumbnail","6":"pwb-brand-casio","7":"product_cat-calculatrices","8":"product_cat-fournitures-de-bureau","9":"product_cat-machines-de-bureau","11":"first","12":"instock","13":"taxable","14":"shipping-taxable","15":"purchasable","16":"product-type-simple"},"jetpack_sharing_enabled":true,"brands":[{"id":656,"name":"CASIO","slug":"casio"}],"_links":{"self":[{"href":"https:\/\/mafourniture.ma\/ar\/wp-json\/wp\/v2\/product\/32609","targetHints":{"allow":["GET"]}}],"collection":[{"href":"https:\/\/mafourniture.ma\/ar\/wp-json\/wp\/v2\/product"}],"about":[{"href":"https:\/\/mafourniture.ma\/ar\/wp-json\/wp\/v2\/types\/product"}],"replies":[{"embeddable":true,"href":"https:\/\/mafourniture.ma\/ar\/wp-json\/wp\/v2\/comments?post=32609"}],"version-history":[{"count":2,"href":"https:\/\/mafourniture.ma\/ar\/wp-json\/wp\/v2\/product\/32609\/revisions"}],"predecessor-version":[{"id":36647,"href":"https:\/\/mafourniture.ma\/ar\/wp-json\/wp\/v2\/product\/32609\/revisions\/36647"}],"wp:featuredmedia":[{"embeddable":true,"href":"https:\/\/mafourniture.ma\/ar\/wp-json\/wp\/v2\/media\/58340"}],"wp:attachment":[{"href":"https:\/\/mafourniture.ma\/ar\/wp-json\/wp\/v2\/media?parent=32609"}],"wp:term":[{"taxonomy":"pwb-brand","embeddable":true,"href":"https:\/\/mafourniture.ma\/ar\/wp-json\/wp\/v2\/pwb-brand?post=32609"},{"taxonomy":"product_brand","embeddable":true,"href":"https:\/\/mafourniture.ma\/ar\/wp-json\/wp\/v2\/product_brand?post=32609"},{"taxonomy":"product_cat","embeddable":true,"href":"https:\/\/mafourniture.ma\/ar\/wp-json\/wp\/v2\/product_cat?post=32609"},{"taxonomy":"product_tag","embeddable":true,"href":"https:\/\/mafourniture.ma\/ar\/wp-json\/wp\/v2\/product_tag?post=32609"}],"curies":[{"name":"wp","href":"https:\/\/api.w.org\/{rel}","templated":true}]}}