{"id":32590,"date":"2024-12-15T00:07:44","date_gmt":"2024-12-14T23:07:44","guid":{"rendered":"https:\/\/mafourniture.ma\/produit\/casio-original-classpad-330-plus-graphing-calculatrice-neuf-en-boite-avec-stylo\/"},"modified":"2026-04-05T12:27:43","modified_gmt":"2026-04-05T11:27:43","slug":"casio-original-classpad-330-plus-graphing-calculatrice-neuf-en-boite-avec-stylo","status":"publish","type":"product","link":"https:\/\/mafourniture.ma\/ar\/product\/casio-original-classpad-330-plus-graphing-calculatrice-neuf-en-boite-avec-stylo\/","title":{"rendered":"CASIO ORIGINAL CLASSPAD 330 PLUS GRAPHING CALCULATRICE NEUF EN BOITE AVEC STYLO"},"content":{"rendered":"<p>Mod\u00e8le Casio-Calculators: ClassPad 330 PLUS<\/p>\n<p>Contient:<br \/>Calculatrice Classpad 330<br \/>Cable USB<br \/>C\u00e2ble unit\u00e9 \u00e0 unit\u00e9<br \/>C\u00e2ble USB pour la connexion avec un PC<br \/>4 piles AAA du ClassPad 330 incluent la technologie CAS am\u00e9lior\u00e9e et l&rsquo;application de g\u00e9om\u00e9trie, de nouvelles fonctionnalit\u00e9s de statistiques AP et trois nouvelles applications Graphique d&rsquo;\u00e9quation diff\u00e9rentielle, financi\u00e8re et probabilit\u00e9s.<br \/>Guide de d\u00e9marrage rapide (espagnol et anglais)<\/p>\n<p>Caract\u00e9ristiques:<br \/>Fonctions math\u00e9matiques<br \/>Math\u00e9matiques informatiques<br \/>Math\u00e9matiques discr\u00e8tes<br \/>G\u00e9om\u00e9trie<br \/>Trigonom\u00e9trie<br \/>Analyse des statistiques et des donn\u00e9es<br \/>Calcul<br \/>Fonctions p\u00e9dagogiques utiles<br \/>Science<br \/>Les finances du ClassPad 330 comprennent une mise \u00e0 niveau de la technologie CAS et de l&rsquo;application de g\u00e9om\u00e9trie, de nouvelles fonctionnalit\u00e9s AP Statistics et trois nouvelles applications Diff\u00e9rentiel Equation Graph, Financial et Probability.<br \/>\u00c9cran d&rsquo;affichage: les \u00e9crans LCD du ClassPad 330 incluent la technologie CAS am\u00e9lior\u00e9e et l&rsquo;application de g\u00e9om\u00e9trie, de nouvelles fonctionnalit\u00e9s de statistiques AP et trois nouvelles applications Graphique d&rsquo;\u00e9quation diff\u00e9rentielle, financi\u00e8re et probabilit\u00e9.<br \/>M\u00e9moire: 500 Ko de RAM du ClassPad 330 incluent la technologie CAS et l&rsquo;application de g\u00e9om\u00e9trie am\u00e9lior\u00e9es, de nouvelles fonctionnalit\u00e9s AP Statistics et trois nouvelles applications Diff\u00e9rentiel Equation Graph, Financial and Probability. Les flashs de 5,4 Mo du ClassPad 330 incluent la technologie CAS am\u00e9lior\u00e9e et l&rsquo;application de g\u00e9om\u00e9trie, de nouvelles fonctionnalit\u00e9s de statistiques AP et trois nouvelles applications Graphique d&rsquo;\u00e9quation diff\u00e9rentielle, financi\u00e8re et probabilit\u00e9.<br \/>Source d&rsquo;alimentation: Les batteries du ClassPad 330 incluent la technologie CAS am\u00e9lior\u00e9e et l&rsquo;application de g\u00e9om\u00e9trie, de nouvelles fonctionnalit\u00e9s de statistiques AP et trois nouvelles applications Graphique d&rsquo;\u00e9quation diff\u00e9rentielle, financi\u00e8re et probabilit\u00e9.<\/p>","protected":false},"excerpt":{"rendered":"<p>Mod\u00e8le Casio-Calculators: ClassPad 330 PLUS Contient:Calculatrice Classpad 330Cable USBC\u00e2ble unit\u00e9 \u00e0 unit\u00e9C\u00e2ble USB pour la connexion avec un PC4 piles<\/p>","protected":false},"featured_media":58313,"comment_status":"open","ping_status":"closed","template":"","meta":[],"pwb-brand":[656],"product_brand":[],"product_cat":[655,597,641],"product_tag":[],"class_list":{"0":"post-32590","1":"product","2":"type-product","3":"status-publish","4":"has-post-thumbnail","6":"pwb-brand-casio","7":"product_cat-calculatrices","8":"product_cat-fournitures-de-bureau","9":"product_cat-machines-de-bureau","11":"first","12":"instock","13":"taxable","14":"shipping-taxable","15":"purchasable","16":"product-type-simple"},"jetpack_sharing_enabled":true,"brands":[{"id":656,"name":"CASIO","slug":"casio"}],"_links":{"self":[{"href":"https:\/\/mafourniture.ma\/ar\/wp-json\/wp\/v2\/product\/32590","targetHints":{"allow":["GET"]}}],"collection":[{"href":"https:\/\/mafourniture.ma\/ar\/wp-json\/wp\/v2\/product"}],"about":[{"href":"https:\/\/mafourniture.ma\/ar\/wp-json\/wp\/v2\/types\/product"}],"replies":[{"embeddable":true,"href":"https:\/\/mafourniture.ma\/ar\/wp-json\/wp\/v2\/comments?post=32590"}],"version-history":[{"count":2,"href":"https:\/\/mafourniture.ma\/ar\/wp-json\/wp\/v2\/product\/32590\/revisions"}],"predecessor-version":[{"id":36615,"href":"https:\/\/mafourniture.ma\/ar\/wp-json\/wp\/v2\/product\/32590\/revisions\/36615"}],"wp:featuredmedia":[{"embeddable":true,"href":"https:\/\/mafourniture.ma\/ar\/wp-json\/wp\/v2\/media\/58313"}],"wp:attachment":[{"href":"https:\/\/mafourniture.ma\/ar\/wp-json\/wp\/v2\/media?parent=32590"}],"wp:term":[{"taxonomy":"pwb-brand","embeddable":true,"href":"https:\/\/mafourniture.ma\/ar\/wp-json\/wp\/v2\/pwb-brand?post=32590"},{"taxonomy":"product_brand","embeddable":true,"href":"https:\/\/mafourniture.ma\/ar\/wp-json\/wp\/v2\/product_brand?post=32590"},{"taxonomy":"product_cat","embeddable":true,"href":"https:\/\/mafourniture.ma\/ar\/wp-json\/wp\/v2\/product_cat?post=32590"},{"taxonomy":"product_tag","embeddable":true,"href":"https:\/\/mafourniture.ma\/ar\/wp-json\/wp\/v2\/product_tag?post=32590"}],"curies":[{"name":"wp","href":"https:\/\/api.w.org\/{rel}","templated":true}]}}