{"id":32567,"date":"2024-12-15T00:01:35","date_gmt":"2024-12-14T23:01:35","guid":{"rendered":"https:\/\/mafourniture.ma\/produit\/lot-de-10-stylos-a-bille-triangulaires-aux-couleurs-staedtler-ref-432\/"},"modified":"2026-04-19T06:08:10","modified_gmt":"2026-04-19T05:08:10","slug":"lot-de-10-stylos-a-bille-triangulaires-aux-couleurs-staedtler-ref-432","status":"publish","type":"product","link":"https:\/\/mafourniture.ma\/ar\/product\/lot-de-10-stylos-a-bille-triangulaires-aux-couleurs-staedtler-ref-432\/","title":{"rendered":"LOT DE 10 STYLOS A BILLE TRIANGULAIRES AUX COULEURS STAEDTLER REF 432"},"content":{"rendered":"<p>Lot de 10 stylos \u00e0 bille triangulaires Staedtler aux couleurs de l&rsquo;arc-en-ciel. Forme triangulaire ergonomique pour une \u00e9criture d\u00e9tendue et facile. Ecriture fluide. Capuchon, pointe et embout en couleur d&rsquo;\u00e9criture. Largeur de trait 0,5.<br \/>L&rsquo;encre ne peut pas \u00eatre effac\u00e9e ou enlev\u00e9e. Convient aux avions &#8211; l&rsquo;\u00e9galisation automatique de la pression emp\u00eache le stylo de fuir \u00e0 bord des avions.<\/p>","protected":false},"excerpt":{"rendered":"<p>Lot de 10 stylos \u00e0 bille triangulaires Staedtler aux couleurs de l&rsquo;arc-en-ciel. Forme triangulaire ergonomique pour une \u00e9criture d\u00e9tendue et<\/p>","protected":false},"featured_media":57555,"comment_status":"open","ping_status":"closed","template":"","meta":[],"pwb-brand":[726],"product_brand":[],"product_cat":[682,593,721,712],"product_tag":[],"class_list":{"0":"post-32567","1":"product","2":"type-product","3":"status-publish","4":"has-post-thumbnail","6":"pwb-brand-staedlter","7":"product_cat-ecriture-et-correction-fournitures-scolaires","8":"product_cat-fournitures-scolaires","9":"product_cat-stylo-a-bille-stylos-ecriture-et-correction-fournitures-scolaires","10":"product_cat-stylos-ecriture-et-correction-fournitures-scolaires","12":"first","13":"instock","14":"purchasable","15":"product-type-simple"},"jetpack_sharing_enabled":true,"brands":[{"id":726,"name":"STAEDLTER","slug":"staedlter"}],"_links":{"self":[{"href":"https:\/\/mafourniture.ma\/ar\/wp-json\/wp\/v2\/product\/32567","targetHints":{"allow":["GET"]}}],"collection":[{"href":"https:\/\/mafourniture.ma\/ar\/wp-json\/wp\/v2\/product"}],"about":[{"href":"https:\/\/mafourniture.ma\/ar\/wp-json\/wp\/v2\/types\/product"}],"replies":[{"embeddable":true,"href":"https:\/\/mafourniture.ma\/ar\/wp-json\/wp\/v2\/comments?post=32567"}],"version-history":[{"count":2,"href":"https:\/\/mafourniture.ma\/ar\/wp-json\/wp\/v2\/product\/32567\/revisions"}],"predecessor-version":[{"id":35922,"href":"https:\/\/mafourniture.ma\/ar\/wp-json\/wp\/v2\/product\/32567\/revisions\/35922"}],"wp:featuredmedia":[{"embeddable":true,"href":"https:\/\/mafourniture.ma\/ar\/wp-json\/wp\/v2\/media\/57555"}],"wp:attachment":[{"href":"https:\/\/mafourniture.ma\/ar\/wp-json\/wp\/v2\/media?parent=32567"}],"wp:term":[{"taxonomy":"pwb-brand","embeddable":true,"href":"https:\/\/mafourniture.ma\/ar\/wp-json\/wp\/v2\/pwb-brand?post=32567"},{"taxonomy":"product_brand","embeddable":true,"href":"https:\/\/mafourniture.ma\/ar\/wp-json\/wp\/v2\/product_brand?post=32567"},{"taxonomy":"product_cat","embeddable":true,"href":"https:\/\/mafourniture.ma\/ar\/wp-json\/wp\/v2\/product_cat?post=32567"},{"taxonomy":"product_tag","embeddable":true,"href":"https:\/\/mafourniture.ma\/ar\/wp-json\/wp\/v2\/product_tag?post=32567"}],"curies":[{"name":"wp","href":"https:\/\/api.w.org\/{rel}","templated":true}]}}