{"id":32314,"date":"2024-12-14T00:12:07","date_gmt":"2024-12-13T23:12:07","guid":{"rendered":"https:\/\/mafourniture.ma\/produit\/stylo-a-bille-07mm-arris-ball-point-bleu-deli-q17-bl\/"},"modified":"2026-05-16T12:45:27","modified_gmt":"2026-05-16T11:45:27","slug":"stylo-a-bille-07mm-arris-ball-point-bleu-deli-q17-bl","status":"publish","type":"product","link":"https:\/\/mafourniture.ma\/ar\/product\/stylo-a-bille-07mm-arris-ball-point-bleu-deli-q17-bl\/","title":{"rendered":"STYLO A BILLE 0,7MM ARRIS BALL POINT BLEU DELI Q17-BL"},"content":{"rendered":"<p>Pointe mini 0,7mm<\/p>\n<p>Encre \u00e0 faible viscosit\u00e9 pour une \u00e9criture tr\u00e8s fine.<\/p>\n<p>Mat\u00e9riau tpr soft grip pour une prise en main confortable.<\/p>\n<p>Le design des formes ergonomiques.<\/p>\n<p>Design simple et \u00e9l\u00e9gant<\/p>\n<p>Convient pour le bureau, l&rsquo;\u00e9cole et la maison<\/p>","protected":false},"excerpt":{"rendered":"<p>Pointe mini 0,7mm Encre \u00e0 faible viscosit\u00e9 pour une \u00e9criture tr\u00e8s fine. Mat\u00e9riau tpr soft grip pour une prise en<\/p>","protected":false},"featured_media":72238,"comment_status":"open","ping_status":"closed","template":"","meta":[],"pwb-brand":[659],"product_brand":[],"product_cat":[593,746,689,680],"product_tag":[],"class_list":{"0":"post-32314","1":"product","2":"type-product","3":"status-publish","4":"has-post-thumbnail","6":"pwb-brand-deli","7":"product_cat-fournitures-scolaires","8":"product_cat-stylo-a-bille-stylos-stylos-et-crayons-scolaire","9":"product_cat-stylos-stylos-et-crayons-scolaire","10":"product_cat-stylos-et-crayons-scolaire","12":"first","13":"instock","14":"purchasable","15":"product-type-simple"},"jetpack_sharing_enabled":true,"brands":[{"id":659,"name":"DELI","slug":"deli"}],"_links":{"self":[{"href":"https:\/\/mafourniture.ma\/ar\/wp-json\/wp\/v2\/product\/32314","targetHints":{"allow":["GET"]}}],"collection":[{"href":"https:\/\/mafourniture.ma\/ar\/wp-json\/wp\/v2\/product"}],"about":[{"href":"https:\/\/mafourniture.ma\/ar\/wp-json\/wp\/v2\/types\/product"}],"replies":[{"embeddable":true,"href":"https:\/\/mafourniture.ma\/ar\/wp-json\/wp\/v2\/comments?post=32314"}],"version-history":[{"count":2,"href":"https:\/\/mafourniture.ma\/ar\/wp-json\/wp\/v2\/product\/32314\/revisions"}],"predecessor-version":[{"id":36922,"href":"https:\/\/mafourniture.ma\/ar\/wp-json\/wp\/v2\/product\/32314\/revisions\/36922"}],"wp:featuredmedia":[{"embeddable":true,"href":"https:\/\/mafourniture.ma\/ar\/wp-json\/wp\/v2\/media\/72238"}],"wp:attachment":[{"href":"https:\/\/mafourniture.ma\/ar\/wp-json\/wp\/v2\/media?parent=32314"}],"wp:term":[{"taxonomy":"pwb-brand","embeddable":true,"href":"https:\/\/mafourniture.ma\/ar\/wp-json\/wp\/v2\/pwb-brand?post=32314"},{"taxonomy":"product_brand","embeddable":true,"href":"https:\/\/mafourniture.ma\/ar\/wp-json\/wp\/v2\/product_brand?post=32314"},{"taxonomy":"product_cat","embeddable":true,"href":"https:\/\/mafourniture.ma\/ar\/wp-json\/wp\/v2\/product_cat?post=32314"},{"taxonomy":"product_tag","embeddable":true,"href":"https:\/\/mafourniture.ma\/ar\/wp-json\/wp\/v2\/product_tag?post=32314"}],"curies":[{"name":"wp","href":"https:\/\/api.w.org\/{rel}","templated":true}]}}