{"id":32313,"date":"2024-12-14T00:11:49","date_gmt":"2024-12-13T23:11:49","guid":{"rendered":"https:\/\/mafourniture.ma\/produit\/stylo-a-bille-07mm-noir-arrow-pro-ballpoint-deli-q10-bk\/"},"modified":"2026-05-16T12:45:27","modified_gmt":"2026-05-16T11:45:27","slug":"stylo-a-bille-07mm-noir-arrow-pro-ballpoint-deli-q10-bk","status":"publish","type":"product","link":"https:\/\/mafourniture.ma\/ar\/product\/stylo-a-bille-07mm-noir-arrow-pro-ballpoint-deli-q10-bk\/","title":{"rendered":"STYLO A BILLE 0,7MM NOIR ARROW PRO BALLPOINT DELI Q10-BK"},"content":{"rendered":"<p>DELI \u2013 stylo \u00e0 bille lisse \u00e0 faible viscosit\u00e9, recharge d&rsquo;encre pour signature, 0.7mm, noir, Q10<\/p>","protected":false},"excerpt":{"rendered":"<p>DELI \u2013 stylo \u00e0 bille lisse \u00e0 faible viscosit\u00e9, recharge d&rsquo;encre pour signature, 0.7mm, noir, Q10<\/p>","protected":false},"featured_media":72237,"comment_status":"open","ping_status":"closed","template":"","meta":[],"pwb-brand":[659],"product_brand":[],"product_cat":[593,746,689,680],"product_tag":[],"class_list":{"0":"post-32313","1":"product","2":"type-product","3":"status-publish","4":"has-post-thumbnail","6":"pwb-brand-deli","7":"product_cat-fournitures-scolaires","8":"product_cat-stylo-a-bille-stylos-stylos-et-crayons-scolaire","9":"product_cat-stylos-stylos-et-crayons-scolaire","10":"product_cat-stylos-et-crayons-scolaire","12":"first","13":"instock","14":"purchasable","15":"product-type-simple"},"jetpack_sharing_enabled":true,"brands":[{"id":659,"name":"DELI","slug":"deli"}],"_links":{"self":[{"href":"https:\/\/mafourniture.ma\/ar\/wp-json\/wp\/v2\/product\/32313","targetHints":{"allow":["GET"]}}],"collection":[{"href":"https:\/\/mafourniture.ma\/ar\/wp-json\/wp\/v2\/product"}],"about":[{"href":"https:\/\/mafourniture.ma\/ar\/wp-json\/wp\/v2\/types\/product"}],"replies":[{"embeddable":true,"href":"https:\/\/mafourniture.ma\/ar\/wp-json\/wp\/v2\/comments?post=32313"}],"version-history":[{"count":2,"href":"https:\/\/mafourniture.ma\/ar\/wp-json\/wp\/v2\/product\/32313\/revisions"}],"predecessor-version":[{"id":36920,"href":"https:\/\/mafourniture.ma\/ar\/wp-json\/wp\/v2\/product\/32313\/revisions\/36920"}],"wp:featuredmedia":[{"embeddable":true,"href":"https:\/\/mafourniture.ma\/ar\/wp-json\/wp\/v2\/media\/72237"}],"wp:attachment":[{"href":"https:\/\/mafourniture.ma\/ar\/wp-json\/wp\/v2\/media?parent=32313"}],"wp:term":[{"taxonomy":"pwb-brand","embeddable":true,"href":"https:\/\/mafourniture.ma\/ar\/wp-json\/wp\/v2\/pwb-brand?post=32313"},{"taxonomy":"product_brand","embeddable":true,"href":"https:\/\/mafourniture.ma\/ar\/wp-json\/wp\/v2\/product_brand?post=32313"},{"taxonomy":"product_cat","embeddable":true,"href":"https:\/\/mafourniture.ma\/ar\/wp-json\/wp\/v2\/product_cat?post=32313"},{"taxonomy":"product_tag","embeddable":true,"href":"https:\/\/mafourniture.ma\/ar\/wp-json\/wp\/v2\/product_tag?post=32313"}],"curies":[{"name":"wp","href":"https:\/\/api.w.org\/{rel}","templated":true}]}}