{"id":32311,"date":"2024-12-14T00:11:31","date_gmt":"2024-12-13T23:11:31","guid":{"rendered":"https:\/\/mafourniture.ma\/produit\/stylo-gel-05-mm-bleu-deli-q10430\/"},"modified":"2026-05-15T12:54:54","modified_gmt":"2026-05-15T11:54:54","slug":"stylo-gel-05-mm-bleu-deli-q10430","status":"publish","type":"product","link":"https:\/\/mafourniture.ma\/ar\/product\/stylo-gel-05-mm-bleu-deli-q10430\/","title":{"rendered":"STYLO GEL 0,5 MM BLEU DELI Q10430"},"content":{"rendered":"<p>Le stylo est durable et fluide, beau et \u00e9l\u00e9gant.<br \/>L&rsquo;\u00e9criture est claire, ne s&rsquo;efface pas facilement, l&rsquo;apparence du design est \u00e0 la mode.<br \/>Stylo haut de gamme, plume fine, prise en main confortable, capuchon \u00e0 la mode.<br \/>La pointe est recouverte par d\u00e9faut d&rsquo;un plastique rouge pour la prot\u00e9ger.<\/p>","protected":false},"excerpt":{"rendered":"<p>Le stylo est durable et fluide, beau et \u00e9l\u00e9gant.L&rsquo;\u00e9criture est claire, ne s&rsquo;efface pas facilement, l&rsquo;apparence du design est \u00e0<\/p>","protected":false},"featured_media":71154,"comment_status":"open","ping_status":"closed","template":"","meta":[],"pwb-brand":[659],"product_brand":[],"product_cat":[682,593,815,712],"product_tag":[],"class_list":{"0":"post-32311","1":"product","2":"type-product","3":"status-publish","4":"has-post-thumbnail","6":"pwb-brand-deli","7":"product_cat-ecriture-et-correction-fournitures-scolaires","8":"product_cat-fournitures-scolaires","9":"product_cat-stylo-gel-stylos-ecriture-et-correction-fournitures-scolaires","10":"product_cat-stylos-ecriture-et-correction-fournitures-scolaires","12":"first","13":"instock","14":"purchasable","15":"product-type-simple"},"jetpack_sharing_enabled":true,"brands":[{"id":659,"name":"DELI","slug":"deli"}],"_links":{"self":[{"href":"https:\/\/mafourniture.ma\/ar\/wp-json\/wp\/v2\/product\/32311","targetHints":{"allow":["GET"]}}],"collection":[{"href":"https:\/\/mafourniture.ma\/ar\/wp-json\/wp\/v2\/product"}],"about":[{"href":"https:\/\/mafourniture.ma\/ar\/wp-json\/wp\/v2\/types\/product"}],"replies":[{"embeddable":true,"href":"https:\/\/mafourniture.ma\/ar\/wp-json\/wp\/v2\/comments?post=32311"}],"version-history":[{"count":2,"href":"https:\/\/mafourniture.ma\/ar\/wp-json\/wp\/v2\/product\/32311\/revisions"}],"predecessor-version":[{"id":36918,"href":"https:\/\/mafourniture.ma\/ar\/wp-json\/wp\/v2\/product\/32311\/revisions\/36918"}],"wp:featuredmedia":[{"embeddable":true,"href":"https:\/\/mafourniture.ma\/ar\/wp-json\/wp\/v2\/media\/71154"}],"wp:attachment":[{"href":"https:\/\/mafourniture.ma\/ar\/wp-json\/wp\/v2\/media?parent=32311"}],"wp:term":[{"taxonomy":"pwb-brand","embeddable":true,"href":"https:\/\/mafourniture.ma\/ar\/wp-json\/wp\/v2\/pwb-brand?post=32311"},{"taxonomy":"product_brand","embeddable":true,"href":"https:\/\/mafourniture.ma\/ar\/wp-json\/wp\/v2\/product_brand?post=32311"},{"taxonomy":"product_cat","embeddable":true,"href":"https:\/\/mafourniture.ma\/ar\/wp-json\/wp\/v2\/product_cat?post=32311"},{"taxonomy":"product_tag","embeddable":true,"href":"https:\/\/mafourniture.ma\/ar\/wp-json\/wp\/v2\/product_tag?post=32311"}],"curies":[{"name":"wp","href":"https:\/\/api.w.org\/{rel}","templated":true}]}}