{"id":32295,"date":"2024-12-14T00:09:03","date_gmt":"2024-12-13T23:09:03","guid":{"rendered":"https:\/\/mafourniture.ma\/produit\/ramette-inacopia-papier-blanc-a3-80-g-500-feuilles\/"},"modified":"2026-04-16T11:45:56","modified_gmt":"2026-04-16T10:45:56","slug":"ramette-inacopia-papier-blanc-a3-80-g-500-feuilles","status":"publish","type":"product","link":"https:\/\/mafourniture.ma\/ar\/product\/ramette-inacopia-papier-blanc-a3-80-g-500-feuilles\/","title":{"rendered":"RAMETTE INACOPIA PAPIER BLANC A3 &#8211; 80 G &#8211; 500 FEUILLES"},"content":{"rendered":"<p>Ramette de papier blanc INACOPIA A3 80g\/m\u00b2 500 feuilles<\/p>\n<p>Papier blanc multifonctions de format A3, 80 g\/m\u00b2, 500 feuilles, con\u00e7u \u00e0 partir de p\u00e2te sans chlore \u00e9l\u00e9mentaire. particuli\u00e8rement d\u00e9velopp\u00e9 pour des applications couleur de haute qualit\u00e9. Id\u00e9al pour tous vos courriers, m\u00e9mos, rapports avec une pr\u00e9cision d\u2019impression exceptionnelle.<br \/>\u2013 Papier blanc multifonctions sp\u00e9cial inspiration<br \/>\u2013 Format : A3<br \/>\u2013 80g\/m\u00b2<br \/>\u2013 500 feuilles<br \/>\u2013 Fabriqu\u00e9 \u00e0 partir de p\u00e2te sans chlore \u00e9l\u00e9mentaire.<br \/>\u2013 Particuli\u00e8rement d\u00e9velopp\u00e9 pour des applications couleur de haute qualit\u00e9<br \/>\u2013 CIE 172<\/p>","protected":false},"excerpt":{"rendered":"<p>Ramette de papier blanc INACOPIA A3 80g\/m\u00b2 500 feuilles Papier blanc multifonctions de format A3, 80 g\/m\u00b2, 500 feuilles, con\u00e7u<\/p>","protected":false},"featured_media":58574,"comment_status":"open","ping_status":"closed","template":"","meta":[],"pwb-brand":[713],"product_brand":[],"product_cat":[615,616,617],"product_tag":[],"class_list":{"0":"post-32295","1":"product","2":"type-product","3":"status-publish","4":"has-post-thumbnail","6":"pwb-brand-inacopia","7":"product_cat-papeterie-et-fournitures-artistiques","8":"product_cat-papier","9":"product_cat-ramette-de-papier","11":"first","12":"instock","13":"taxable","14":"shipping-taxable","15":"purchasable","16":"product-type-simple"},"jetpack_sharing_enabled":true,"brands":[{"id":713,"name":"INACOPIA","slug":"inacopia"}],"_links":{"self":[{"href":"https:\/\/mafourniture.ma\/ar\/wp-json\/wp\/v2\/product\/32295","targetHints":{"allow":["GET"]}}],"collection":[{"href":"https:\/\/mafourniture.ma\/ar\/wp-json\/wp\/v2\/product"}],"about":[{"href":"https:\/\/mafourniture.ma\/ar\/wp-json\/wp\/v2\/types\/product"}],"replies":[{"embeddable":true,"href":"https:\/\/mafourniture.ma\/ar\/wp-json\/wp\/v2\/comments?post=32295"}],"version-history":[{"count":3,"href":"https:\/\/mafourniture.ma\/ar\/wp-json\/wp\/v2\/product\/32295\/revisions"}],"predecessor-version":[{"id":36903,"href":"https:\/\/mafourniture.ma\/ar\/wp-json\/wp\/v2\/product\/32295\/revisions\/36903"}],"wp:featuredmedia":[{"embeddable":true,"href":"https:\/\/mafourniture.ma\/ar\/wp-json\/wp\/v2\/media\/58574"}],"wp:attachment":[{"href":"https:\/\/mafourniture.ma\/ar\/wp-json\/wp\/v2\/media?parent=32295"}],"wp:term":[{"taxonomy":"pwb-brand","embeddable":true,"href":"https:\/\/mafourniture.ma\/ar\/wp-json\/wp\/v2\/pwb-brand?post=32295"},{"taxonomy":"product_brand","embeddable":true,"href":"https:\/\/mafourniture.ma\/ar\/wp-json\/wp\/v2\/product_brand?post=32295"},{"taxonomy":"product_cat","embeddable":true,"href":"https:\/\/mafourniture.ma\/ar\/wp-json\/wp\/v2\/product_cat?post=32295"},{"taxonomy":"product_tag","embeddable":true,"href":"https:\/\/mafourniture.ma\/ar\/wp-json\/wp\/v2\/product_tag?post=32295"}],"curies":[{"name":"wp","href":"https:\/\/api.w.org\/{rel}","templated":true}]}}