{"id":32259,"date":"2024-12-14T00:03:40","date_gmt":"2024-12-13T23:03:40","guid":{"rendered":"https:\/\/mafourniture.ma\/produit\/photocopieur-ricoh-mp2014ad-multifonction\/"},"modified":"2026-04-03T14:55:39","modified_gmt":"2026-04-03T13:55:39","slug":"photocopieur-ricoh-mp2014ad-multifonction","status":"publish","type":"product","link":"https:\/\/mafourniture.ma\/ar\/product\/photocopieur-ricoh-mp2014ad-multifonction\/","title":{"rendered":"PHOTOCOPIEUR RICOH MP2014AD MULTIFONCTION"},"content":{"rendered":"<p>Si vous avez besoin d&rsquo;une imprimante multifonction noir et blanc A3 qui ne prendra pas beaucoup d&rsquo;espace de bureau, le MP 2014AD est la solution. Un prix initial bas et des frais d&rsquo;exploitation tr\u00e8s comp\u00e9titifs vous offrent un co\u00fbt total de possession tr\u00e8s \u00e9conomique. Avec un ensemble complet de fonctionnalit\u00e9s, le MP 2014AD est dot\u00e9 de fonctionnalit\u00e9s avanc\u00e9es, con\u00e7ues pour am\u00e9liorer l&rsquo;efficacit\u00e9 de votre entreprise, vous faire gagner du temps et r\u00e9duire les co\u00fbts.<\/p>\n<p>Caract\u00e9ristiques et avantages<\/p>\n<p>Jusqu&rsquo;\u00e0 trois utilisateurs peuvent stocker deux documents fr\u00e9quemment utilis\u00e9s, tels que des formulaires, dans leur bo\u00eete m\u00e9moire personnelle, \u00e9liminant ainsi le besoin de conserver les originaux papier dans leurs dossiers. Pour une efficacit\u00e9 commerciale accrue, le chargeur automatique de documents (ARDF) acc\u00e9l\u00e8re la copie et la num\u00e9risation. Une fonction de num\u00e9risation de carte d&rsquo;identit\u00e9 \u00e9limine les processus en plusieurs \u00e9tapes g\u00e9n\u00e9ralement n\u00e9cessaires pour copier les deux c\u00f4t\u00e9s d&rsquo;une pi\u00e8ce d&rsquo;identit\u00e9 sur une seule feuille, ce qui vous fait gagner du temps.<\/p>\n<p>S\u00e9lection de papier flexible \u00e0 partir du bac principal de 250 feuilles et du bypass de 100 feuilles<br \/>La fonction recto verso vous permet d&rsquo;imprimer des deux c\u00f4t\u00e9s d&rsquo;une feuille, r\u00e9duisant vos co\u00fbts<br \/>Touche d&rsquo;\u00e9conomie d&rsquo;\u00e9nergie pour le mode veille instantan\u00e9, r\u00e9duisant les factures d&rsquo;\u00e9nergie<br \/>Personnalisez deux touches de raccourci pour les t\u00e2ches fr\u00e9quemment effectu\u00e9es<br \/>L&rsquo;option de tiroirs \u00e0 papier suppl\u00e9mentaires permet des tirages plus longs et ininterrompus<\/p>\n<p>G\u00c9N\u00c9RAL<br \/>Temps de pr\u00e9chauffage\t31 secondes<br \/>Premi\u00e8re vitesse de sortie &#8211; N \/ B\t8,8 secondes<br \/>Vitesse de sortie continue &#8211; N \/ B\t20 pages par minute<br \/>M\u00e9moire &#8211; Standard\t256 Mo<br \/>Dimensions (L x P x H)\t587 x 581 x 537 millim\u00e8tre<br \/>Poids\t33,5 kg<br \/>Source d&rsquo;\u00e9nergie\t220 \u00e0 240 V, 50\/60 Hz<\/p>\n<p>PHOTOCOPIEUSE<br \/>Processus de copie\tBalayage \/ marquage par faisceau laser et impression \u00e9lectrophotographique<br \/>Copie multiple\tJusqu&rsquo;\u00e0 99 copies<br \/>R\u00e9solution\t300 x 600 ppp, 600 x 600 ppp<br \/>Zoom\tDe 50% \u00e0 200%<\/p>\n<p>IMPRIMANTE<br \/>Langage de l&rsquo;imprimante &#8211; Standard\tGDI<br \/>R\u00e9solution d&rsquo;impression &#8211; GDI\t600 ppp<br \/>Interface &#8211; Standard\tUSB 2.0<br \/>Interface &#8211; Option\tEthernet<br \/>Protocole r\u00e9seau &#8211; Option\tTCP \/ IP<\/p>\n<p>SCANNER<br \/>Vitesse de num\u00e9risation &#8211; 200 dpi\tPleine couleur, A4, maximum 6 originaux par minute, N \/ B, A4, maximum 15 originaux par minute<br \/>R\u00e9solution &#8211; Standard\t&#8211; 600 ppp<br \/>Format de fichier\tTIFF d&rsquo;une page, JPEG d&rsquo;une page, PDF d&rsquo;une seule page, TIFF de plusieurs pages, PDF de plusieurs pages<br \/>Pilotes group\u00e9s\tR\u00e9seau TWAIN<br \/>Num\u00e9riser vers &#8211; E-mail\tExigence, SMTP (serveur de messagerie), exigence, TCP \/ IP<br \/>Num\u00e9riser vers &#8211; Dossier\tPrise en charge du protocole, SMB<\/p>\n<p>LA MANIPULATION DU PAPIER<br \/>Format de papier recommand\u00e9 &#8211; Bac (s) papier standard\tA3, A4, A5, B4, B5<br \/>Format de papier recommand\u00e9 &#8211; Bypass\tA3, A4, A5, A6, B4, B5, B6<br \/>Capacit\u00e9 d&rsquo;alimentation papier &#8211; Standard\t350 feuilles<br \/>Capacit\u00e9 d&rsquo;alimentation papier &#8211; Maximum\t1350 feuilles<br \/>Capacit\u00e9 de sortie papier &#8211; Standard\t250 feuilles<br \/>Grammage papier &#8211; Magasin (s) papier\t52 \u00e0 105 g \/ m\u00b2<br \/>Grammage papier &#8211; Bypass\t52 \u00e0 216 g \/ m\u00b2<br \/>Grammage papier &#8211; Recto verso\t64 \u00e0 105 g \/ m\u00b2<br \/>Grammage papier &#8211; ADF\t64 \u00e0 128 g \/ m\u00b2<br \/>Grammage papier\t&#8211; g \/ m\u00b2<\/p>\n<p>\u00c9COLOGIE<br \/>Consommation \u00e9lectrique &#8211; Maximum\tMoins de W<br \/>Consommation \u00e9lectrique &#8211; Mode pr\u00eat\t110 W<br \/>Consommation \u00e9lectrique &#8211; Mode faible consommation\t47,8 W<br \/>Consommation \u00e9lectrique &#8211; Mode veille\tPuissance, moins de 2,8 W, r\u00e9cup\u00e9ration, 20 s.<br \/>Consommation \u00e9lectrique &#8211; TEC (consommation \u00e9lectrique typique) *\t1,52 kWh<\/p>\n<p>CONSOMMABLES<br \/>Capacit\u00e9 de toner &#8211; Noir\t4000 impressions<br \/>Cartouche de toner (haut rendement) &#8211; Noir\t12 000 impressions<\/p>","protected":false},"excerpt":{"rendered":"<p>Si vous avez besoin d&rsquo;une imprimante multifonction noir et blanc A3 qui ne prendra pas beaucoup d&rsquo;espace de bureau, le<\/p>","protected":false},"featured_media":58515,"comment_status":"open","ping_status":"closed","template":"","meta":[],"pwb-brand":[915],"product_brand":[],"product_cat":[710,585,1051,1050],"product_tag":[],"class_list":{"0":"post-32259","1":"product","2":"type-product","3":"status-publish","4":"has-post-thumbnail","6":"pwb-brand-ricoh","7":"product_cat-materiel-dimpression","8":"product_cat-materiels-informatiques","9":"product_cat-multifonction","10":"product_cat-photocopieurs","12":"first","13":"instock","14":"taxable","15":"shipping-taxable","16":"purchasable","17":"product-type-simple"},"jetpack_sharing_enabled":true,"brands":[{"id":915,"name":"RICOH","slug":"ricoh"}],"_links":{"self":[{"href":"https:\/\/mafourniture.ma\/ar\/wp-json\/wp\/v2\/product\/32259","targetHints":{"allow":["GET"]}}],"collection":[{"href":"https:\/\/mafourniture.ma\/ar\/wp-json\/wp\/v2\/product"}],"about":[{"href":"https:\/\/mafourniture.ma\/ar\/wp-json\/wp\/v2\/types\/product"}],"replies":[{"embeddable":true,"href":"https:\/\/mafourniture.ma\/ar\/wp-json\/wp\/v2\/comments?post=32259"}],"version-history":[{"count":3,"href":"https:\/\/mafourniture.ma\/ar\/wp-json\/wp\/v2\/product\/32259\/revisions"}],"predecessor-version":[{"id":36871,"href":"https:\/\/mafourniture.ma\/ar\/wp-json\/wp\/v2\/product\/32259\/revisions\/36871"}],"wp:featuredmedia":[{"embeddable":true,"href":"https:\/\/mafourniture.ma\/ar\/wp-json\/wp\/v2\/media\/58515"}],"wp:attachment":[{"href":"https:\/\/mafourniture.ma\/ar\/wp-json\/wp\/v2\/media?parent=32259"}],"wp:term":[{"taxonomy":"pwb-brand","embeddable":true,"href":"https:\/\/mafourniture.ma\/ar\/wp-json\/wp\/v2\/pwb-brand?post=32259"},{"taxonomy":"product_brand","embeddable":true,"href":"https:\/\/mafourniture.ma\/ar\/wp-json\/wp\/v2\/product_brand?post=32259"},{"taxonomy":"product_cat","embeddable":true,"href":"https:\/\/mafourniture.ma\/ar\/wp-json\/wp\/v2\/product_cat?post=32259"},{"taxonomy":"product_tag","embeddable":true,"href":"https:\/\/mafourniture.ma\/ar\/wp-json\/wp\/v2\/product_tag?post=32259"}],"curies":[{"name":"wp","href":"https:\/\/api.w.org\/{rel}","templated":true}]}}