{"id":32153,"date":"2024-12-13T23:36:23","date_gmt":"2024-12-13T22:36:23","guid":{"rendered":"https:\/\/mafourniture.ma\/produit\/calculatrice-olympia-lcd-4112-12-digits\/"},"modified":"2026-05-01T09:00:57","modified_gmt":"2026-05-01T08:00:57","slug":"calculatrice-olympia-lcd-4112-12-digits","status":"publish","type":"product","link":"https:\/\/mafourniture.ma\/ar\/product\/calculatrice-olympia-lcd-4112-12-digits\/","title":{"rendered":"CALCULATRICE OLYMPIA LCD 4112 12 DIGITS"},"content":{"rendered":"<p>\u00c9cran LC 1 ligne r\u00e9glable \u00e0 12 chiffres<br \/>Fonctionnement \u00e0 piles \/ \u00e9nergie solaire avec arr\u00eat automatique<br \/>Calculs de base (+, -, x, .\/.)<br \/>Fonction m\u00e9moire (M+, M-, MRC)<br \/>Touches 0 et 00<br \/>Suppression du total (C)<br \/>Correction (CE)<br \/>S\u00e9lecteur de d\u00e9cimale (F, 4, 3, 2, 0, ADD)<br \/>S\u00e9lecteur d\u2019arrondi (jusqu\u2019\u00e0, 5\/4, \u00e0 partir de),<br \/>Inversion de signe (+\/-)<br \/>Suppression du dernier chiffre<br \/>Calcul des racines carr\u00e9es<br \/>Calcul des pourcentages<br \/>Grand total (GT)<br \/>Calcul des majorations (MU)<br \/>V\u00e9rification des \u00e9tapes du calcul (120 \u00e9tapes)<br \/>Recalcul automatique<\/p>","protected":false},"excerpt":{"rendered":"<p>\u00c9cran LC 1 ligne r\u00e9glable \u00e0 12 chiffresFonctionnement \u00e0 piles \/ \u00e9nergie solaire avec arr\u00eat automatiqueCalculs de base (+, -,<\/p>","protected":false},"featured_media":62303,"comment_status":"open","ping_status":"closed","template":"","meta":[],"pwb-brand":[699],"product_brand":[],"product_cat":[655,597,641],"product_tag":[],"class_list":{"0":"post-32153","1":"product","2":"type-product","3":"status-publish","4":"has-post-thumbnail","6":"pwb-brand-olympia","7":"product_cat-calculatrices","8":"product_cat-fournitures-de-bureau","9":"product_cat-machines-de-bureau","11":"first","12":"instock","13":"taxable","14":"shipping-taxable","15":"purchasable","16":"product-type-simple"},"jetpack_sharing_enabled":true,"brands":[{"id":699,"name":"OLYMPIA","slug":"olympia"}],"_links":{"self":[{"href":"https:\/\/mafourniture.ma\/ar\/wp-json\/wp\/v2\/product\/32153","targetHints":{"allow":["GET"]}}],"collection":[{"href":"https:\/\/mafourniture.ma\/ar\/wp-json\/wp\/v2\/product"}],"about":[{"href":"https:\/\/mafourniture.ma\/ar\/wp-json\/wp\/v2\/types\/product"}],"replies":[{"embeddable":true,"href":"https:\/\/mafourniture.ma\/ar\/wp-json\/wp\/v2\/comments?post=32153"}],"version-history":[{"count":2,"href":"https:\/\/mafourniture.ma\/ar\/wp-json\/wp\/v2\/product\/32153\/revisions"}],"predecessor-version":[{"id":36731,"href":"https:\/\/mafourniture.ma\/ar\/wp-json\/wp\/v2\/product\/32153\/revisions\/36731"}],"wp:featuredmedia":[{"embeddable":true,"href":"https:\/\/mafourniture.ma\/ar\/wp-json\/wp\/v2\/media\/62303"}],"wp:attachment":[{"href":"https:\/\/mafourniture.ma\/ar\/wp-json\/wp\/v2\/media?parent=32153"}],"wp:term":[{"taxonomy":"pwb-brand","embeddable":true,"href":"https:\/\/mafourniture.ma\/ar\/wp-json\/wp\/v2\/pwb-brand?post=32153"},{"taxonomy":"product_brand","embeddable":true,"href":"https:\/\/mafourniture.ma\/ar\/wp-json\/wp\/v2\/product_brand?post=32153"},{"taxonomy":"product_cat","embeddable":true,"href":"https:\/\/mafourniture.ma\/ar\/wp-json\/wp\/v2\/product_cat?post=32153"},{"taxonomy":"product_tag","embeddable":true,"href":"https:\/\/mafourniture.ma\/ar\/wp-json\/wp\/v2\/product_tag?post=32153"}],"curies":[{"name":"wp","href":"https:\/\/api.w.org\/{rel}","templated":true}]}}