{"id":31678,"date":"2024-12-13T20:57:16","date_gmt":"2024-12-13T19:57:16","guid":{"rendered":"https:\/\/mafourniture.ma\/produit\/marqueur-pour-tableau-blanc-avec-pointe-ogive-lumocolor-rouge-staedtler-ref-351r\/"},"modified":"2026-04-18T05:43:48","modified_gmt":"2026-04-18T04:43:48","slug":"marqueur-pour-tableau-blanc-avec-pointe-ogive-lumocolor-rouge-staedtler-ref-351r","status":"publish","type":"product","link":"https:\/\/mafourniture.ma\/ar\/product\/marqueur-pour-tableau-blanc-avec-pointe-ogive-lumocolor-rouge-staedtler-ref-351r\/","title":{"rendered":"MARQUEUR POUR TABLEAU BLANC AVEC POINTE OGIVE LUMOCOLOR ROUGE STAEDTLER REF 351R"},"content":{"rendered":"<p>Marqueur pour tableau blanc avec pointe ogive<br \/>Informations sur le produit<br \/>Peut \u00eatre essuy\u00e9 \u00e0 sec sur les tableaux blancs et les surfaces comme le verre et la porcelaine sans laisser de trace<br \/>S\u00e9chage rapide, faible odeur<br \/>Pointe verrouill\u00e9e<br \/>DRY SAFE &#8211; peut \u00eatre laiss\u00e9 sans capuchon pendant des jours sans s\u00e9cher<br \/>Le corps et le capuchon en PP garantissent une longue dur\u00e9e de vie<br \/>Convient aux avions &#8211; l&rsquo;\u00e9galisation automatique de la pression emp\u00eache le stylo de fuir \u00e0 bord des avions.<br \/>Largeur de trait d&rsquo;environ 2,0 mm<br \/>Rechargeable avec la station de recharge 488 51<br \/>Disponible dans une bo\u00eete STAEDTLER verticale<\/p>","protected":false},"excerpt":{"rendered":"<p>Marqueur pour tableau blanc avec pointe ogiveInformations sur le produitPeut \u00eatre essuy\u00e9 \u00e0 sec sur les tableaux blancs et les<\/p>","protected":false},"featured_media":57479,"comment_status":"open","ping_status":"closed","template":"","meta":[],"pwb-brand":[601],"product_brand":[],"product_cat":[645,597,739],"product_tag":[],"class_list":{"0":"post-31678","1":"product","2":"type-product","3":"status-publish","4":"has-post-thumbnail","6":"pwb-brand-staedtler","7":"product_cat-ecriture-et-correction","8":"product_cat-fournitures-de-bureau","9":"product_cat-marqueurs-ecriture-et-correction","11":"first","12":"instock","13":"taxable","14":"shipping-taxable","15":"purchasable","16":"product-type-simple"},"jetpack_sharing_enabled":true,"brands":[{"id":601,"name":"STAEDTLER","slug":"staedtler"}],"_links":{"self":[{"href":"https:\/\/mafourniture.ma\/ar\/wp-json\/wp\/v2\/product\/31678","targetHints":{"allow":["GET"]}}],"collection":[{"href":"https:\/\/mafourniture.ma\/ar\/wp-json\/wp\/v2\/product"}],"about":[{"href":"https:\/\/mafourniture.ma\/ar\/wp-json\/wp\/v2\/types\/product"}],"replies":[{"embeddable":true,"href":"https:\/\/mafourniture.ma\/ar\/wp-json\/wp\/v2\/comments?post=31678"}],"version-history":[{"count":2,"href":"https:\/\/mafourniture.ma\/ar\/wp-json\/wp\/v2\/product\/31678\/revisions"}],"predecessor-version":[{"id":35427,"href":"https:\/\/mafourniture.ma\/ar\/wp-json\/wp\/v2\/product\/31678\/revisions\/35427"}],"wp:featuredmedia":[{"embeddable":true,"href":"https:\/\/mafourniture.ma\/ar\/wp-json\/wp\/v2\/media\/57479"}],"wp:attachment":[{"href":"https:\/\/mafourniture.ma\/ar\/wp-json\/wp\/v2\/media?parent=31678"}],"wp:term":[{"taxonomy":"pwb-brand","embeddable":true,"href":"https:\/\/mafourniture.ma\/ar\/wp-json\/wp\/v2\/pwb-brand?post=31678"},{"taxonomy":"product_brand","embeddable":true,"href":"https:\/\/mafourniture.ma\/ar\/wp-json\/wp\/v2\/product_brand?post=31678"},{"taxonomy":"product_cat","embeddable":true,"href":"https:\/\/mafourniture.ma\/ar\/wp-json\/wp\/v2\/product_cat?post=31678"},{"taxonomy":"product_tag","embeddable":true,"href":"https:\/\/mafourniture.ma\/ar\/wp-json\/wp\/v2\/product_tag?post=31678"}],"curies":[{"name":"wp","href":"https:\/\/api.w.org\/{rel}","templated":true}]}}