{"id":31676,"date":"2024-12-13T20:56:57","date_gmt":"2024-12-13T19:56:57","guid":{"rendered":"https:\/\/mafourniture.ma\/produit\/marqueur-tableau-lumocor-bleu-staedtler-ref-351-b\/"},"modified":"2026-04-11T05:43:03","modified_gmt":"2026-04-11T04:43:03","slug":"marqueur-tableau-lumocor-bleu-staedtler-ref-351-b","status":"publish","type":"product","link":"https:\/\/mafourniture.ma\/ar\/product\/marqueur-tableau-lumocor-bleu-staedtler-ref-351-b\/","title":{"rendered":"MARQUEUR TABLEAU LUMOCOR BLEU STAEDTLER REF 351 B"},"content":{"rendered":"<p>Peut \u00eatre essuy\u00e9 \u00e0 sec sur les tableaux blancs et les surfaces comme le verre et la porcelaine sans laisser de trace.<br \/>S\u00e9chage rapide, faible odeur<br \/>Embout verrouill\u00e9<br \/>DRY SAFE &#8211; peut \u00eatre laiss\u00e9 sans capuchon pendant des jours sans s\u00e9cher<br \/>Le corps et le capuchon en PP garantissent une longue dur\u00e9e de vie<br \/>Convient aux avions &#8211; l&rsquo;\u00e9galisation automatique de la pression emp\u00eache le stylo de fuir \u00e0 bord des avions.<br \/>Largeur de trait d&rsquo;environ 2,0 &#8211; 5,0 mm<br \/>Rechargeable avec la station de recharge 488 51<\/p>","protected":false},"excerpt":{"rendered":"<p>Peut \u00eatre essuy\u00e9 \u00e0 sec sur les tableaux blancs et les surfaces comme le verre et la porcelaine sans laisser<\/p>","protected":false},"featured_media":57478,"comment_status":"open","ping_status":"closed","template":"","meta":[],"pwb-brand":[601],"product_brand":[],"product_cat":[645,597,739],"product_tag":[],"class_list":{"0":"post-31676","1":"product","2":"type-product","3":"status-publish","4":"has-post-thumbnail","6":"pwb-brand-staedtler","7":"product_cat-ecriture-et-correction","8":"product_cat-fournitures-de-bureau","9":"product_cat-marqueurs-ecriture-et-correction","11":"first","12":"instock","13":"taxable","14":"shipping-taxable","15":"purchasable","16":"product-type-simple"},"jetpack_sharing_enabled":true,"brands":[{"id":601,"name":"STAEDTLER","slug":"staedtler"}],"_links":{"self":[{"href":"https:\/\/mafourniture.ma\/ar\/wp-json\/wp\/v2\/product\/31676","targetHints":{"allow":["GET"]}}],"collection":[{"href":"https:\/\/mafourniture.ma\/ar\/wp-json\/wp\/v2\/product"}],"about":[{"href":"https:\/\/mafourniture.ma\/ar\/wp-json\/wp\/v2\/types\/product"}],"replies":[{"embeddable":true,"href":"https:\/\/mafourniture.ma\/ar\/wp-json\/wp\/v2\/comments?post=31676"}],"version-history":[{"count":3,"href":"https:\/\/mafourniture.ma\/ar\/wp-json\/wp\/v2\/product\/31676\/revisions"}],"predecessor-version":[{"id":35425,"href":"https:\/\/mafourniture.ma\/ar\/wp-json\/wp\/v2\/product\/31676\/revisions\/35425"}],"wp:featuredmedia":[{"embeddable":true,"href":"https:\/\/mafourniture.ma\/ar\/wp-json\/wp\/v2\/media\/57478"}],"wp:attachment":[{"href":"https:\/\/mafourniture.ma\/ar\/wp-json\/wp\/v2\/media?parent=31676"}],"wp:term":[{"taxonomy":"pwb-brand","embeddable":true,"href":"https:\/\/mafourniture.ma\/ar\/wp-json\/wp\/v2\/pwb-brand?post=31676"},{"taxonomy":"product_brand","embeddable":true,"href":"https:\/\/mafourniture.ma\/ar\/wp-json\/wp\/v2\/product_brand?post=31676"},{"taxonomy":"product_cat","embeddable":true,"href":"https:\/\/mafourniture.ma\/ar\/wp-json\/wp\/v2\/product_cat?post=31676"},{"taxonomy":"product_tag","embeddable":true,"href":"https:\/\/mafourniture.ma\/ar\/wp-json\/wp\/v2\/product_tag?post=31676"}],"curies":[{"name":"wp","href":"https:\/\/api.w.org\/{rel}","templated":true}]}}