{"id":31675,"date":"2024-12-13T20:56:38","date_gmt":"2024-12-13T19:56:38","guid":{"rendered":"https:\/\/mafourniture.ma\/produit\/marqueur-pour-tableau-blanc-pointe-ogive-lumocolor-351-noir-staedtler-ref-351-9\/"},"modified":"2026-04-18T05:43:48","modified_gmt":"2026-04-18T04:43:48","slug":"marqueur-pour-tableau-blanc-pointe-ogive-lumocolor-351-noir-staedtler-ref-351-9","status":"publish","type":"product","link":"https:\/\/mafourniture.ma\/ar\/product\/marqueur-pour-tableau-blanc-pointe-ogive-lumocolor-351-noir-staedtler-ref-351-9\/","title":{"rendered":"MARQUEUR POUR TABLEAU BLANC POINTE OGIVE LUMOCOLOR 351 NOIR STAEDTLER REF 351-9"},"content":{"rendered":"<p>Lumocolor\u00ae whiteboard marker 351<br \/>Marqueur pour tableaux blancs pointe ogive<br \/>Informations produit<br \/>Effa\u00e7able \u00e0 sec sur tableaux blancs et surfaces telles que le verre et la porcelaine sans laisser de traces<br \/>S\u00e9chage rapide, quasi inodore<br \/>Pointe bloqu\u00e9e<br \/>Etui chevalet STAEDTLER box<br \/>Encre DRY SAFE\u00a0\u00bb permettant de laisser d\u00e9capuchonn\u00e9 plusieurs jours sans s\u00e9cher (Test ISO 554)\u00a0\u00bb<br \/>Corps et capuchon en polypropyl\u00e8ne garantissant une longue dur\u00e9e de vie<br \/>S\u00e9curit\u00e9 avion : \u00e9quilibrage automatique de la pression emp\u00eachant l&rsquo;encre de fuir<br \/>Encre sans xyl\u00e8ne ni tolu\u00e8ne<br \/>Largeur de trait approx. 2 mm<\/p>","protected":false},"excerpt":{"rendered":"<p>Lumocolor\u00ae whiteboard marker 351Marqueur pour tableaux blancs pointe ogiveInformations produitEffa\u00e7able \u00e0 sec sur tableaux blancs et surfaces telles que le<\/p>","protected":false},"featured_media":57477,"comment_status":"open","ping_status":"closed","template":"","meta":[],"pwb-brand":[601],"product_brand":[],"product_cat":[645,597,739],"product_tag":[],"class_list":{"0":"post-31675","1":"product","2":"type-product","3":"status-publish","4":"has-post-thumbnail","6":"pwb-brand-staedtler","7":"product_cat-ecriture-et-correction","8":"product_cat-fournitures-de-bureau","9":"product_cat-marqueurs-ecriture-et-correction","11":"first","12":"instock","13":"taxable","14":"shipping-taxable","15":"purchasable","16":"product-type-simple"},"jetpack_sharing_enabled":true,"brands":[{"id":601,"name":"STAEDTLER","slug":"staedtler"}],"_links":{"self":[{"href":"https:\/\/mafourniture.ma\/ar\/wp-json\/wp\/v2\/product\/31675","targetHints":{"allow":["GET"]}}],"collection":[{"href":"https:\/\/mafourniture.ma\/ar\/wp-json\/wp\/v2\/product"}],"about":[{"href":"https:\/\/mafourniture.ma\/ar\/wp-json\/wp\/v2\/types\/product"}],"replies":[{"embeddable":true,"href":"https:\/\/mafourniture.ma\/ar\/wp-json\/wp\/v2\/comments?post=31675"}],"version-history":[{"count":2,"href":"https:\/\/mafourniture.ma\/ar\/wp-json\/wp\/v2\/product\/31675\/revisions"}],"predecessor-version":[{"id":35423,"href":"https:\/\/mafourniture.ma\/ar\/wp-json\/wp\/v2\/product\/31675\/revisions\/35423"}],"wp:featuredmedia":[{"embeddable":true,"href":"https:\/\/mafourniture.ma\/ar\/wp-json\/wp\/v2\/media\/57477"}],"wp:attachment":[{"href":"https:\/\/mafourniture.ma\/ar\/wp-json\/wp\/v2\/media?parent=31675"}],"wp:term":[{"taxonomy":"pwb-brand","embeddable":true,"href":"https:\/\/mafourniture.ma\/ar\/wp-json\/wp\/v2\/pwb-brand?post=31675"},{"taxonomy":"product_brand","embeddable":true,"href":"https:\/\/mafourniture.ma\/ar\/wp-json\/wp\/v2\/product_brand?post=31675"},{"taxonomy":"product_cat","embeddable":true,"href":"https:\/\/mafourniture.ma\/ar\/wp-json\/wp\/v2\/product_cat?post=31675"},{"taxonomy":"product_tag","embeddable":true,"href":"https:\/\/mafourniture.ma\/ar\/wp-json\/wp\/v2\/product_tag?post=31675"}],"curies":[{"name":"wp","href":"https:\/\/api.w.org\/{rel}","templated":true}]}}