{"id":31673,"date":"2024-12-13T20:55:53","date_gmt":"2024-12-13T19:55:53","guid":{"rendered":"https:\/\/mafourniture.ma\/produit\/marqueur-permanent-pointe-biseautee-lumocolor-350-vert-staedtler-ref-350-5\/"},"modified":"2026-05-02T05:56:06","modified_gmt":"2026-05-02T04:56:06","slug":"marqueur-permanent-pointe-biseautee-lumocolor-350-vert-staedtler-ref-350-5","status":"publish","type":"product","link":"https:\/\/mafourniture.ma\/ar\/product\/marqueur-permanent-pointe-biseautee-lumocolor-350-vert-staedtler-ref-350-5\/","title":{"rendered":"MARQUEUR PERMANENT POINTE BISEAUTEE LUMOCOLOR 350 VERT STAEDTLER REF 350-5"},"content":{"rendered":"<p>Lumocolor\u00ae permanent marker 350<br \/>Marqueur permanent pointe biseaut\u00e9e<br \/>Informations produit<br \/>Excellente r\u00e9sistance \u00e0 l&rsquo;eau et aux frottements sur la plupart des surfaces<br \/>S\u00e9chage rapide sur le support, id\u00e9al pour les gauchers<br \/>Couleurs intenses, quasi inodore<br \/>R\u00e9sistant aux U.V. (plus de 10 ans pour l&rsquo;encre verte et noire)<br \/>R\u00e9sistant aux intemp\u00e9ries (encre verte et noire)<br \/>Pointe bloqu\u00e9e<br \/>Etui chevalet STAEDTLER box<br \/>Corps et capuchon en polypropyl\u00e8ne garantissant une longue dur\u00e9e de vie<br \/>Encre DRY SAFE\u00a0\u00bb permettant de laisser d\u00e9capuchonn\u00e9 plusieurs jours sans s\u00e9cher (Test ISO 554)\u00a0\u00bb<br \/>S\u00e9curit\u00e9 avion : \u00e9quilibrage automatique de la pression emp\u00eachant l&rsquo;encre de fuir<br \/>Encre sans xyl\u00e8ne ni tolu\u00e8ne<br \/>Largeur de trait approx. 2 mm ou 5 mm<\/p>","protected":false},"excerpt":{"rendered":"<p>Lumocolor\u00ae permanent marker 350Marqueur permanent pointe biseaut\u00e9eInformations produitExcellente r\u00e9sistance \u00e0 l&rsquo;eau et aux frottements sur la plupart des surfacesS\u00e9chage rapide<\/p>","protected":false},"featured_media":61665,"comment_status":"open","ping_status":"closed","template":"","meta":[],"pwb-brand":[726],"product_brand":[],"product_cat":[645,597,739],"product_tag":[],"class_list":{"0":"post-31673","1":"product","2":"type-product","3":"status-publish","4":"has-post-thumbnail","6":"pwb-brand-staedlter","7":"product_cat-ecriture-et-correction","8":"product_cat-fournitures-de-bureau","9":"product_cat-marqueurs-ecriture-et-correction","11":"first","12":"instock","13":"taxable","14":"shipping-taxable","15":"purchasable","16":"product-type-simple"},"jetpack_sharing_enabled":true,"brands":[{"id":726,"name":"STAEDLTER","slug":"staedlter"}],"_links":{"self":[{"href":"https:\/\/mafourniture.ma\/ar\/wp-json\/wp\/v2\/product\/31673","targetHints":{"allow":["GET"]}}],"collection":[{"href":"https:\/\/mafourniture.ma\/ar\/wp-json\/wp\/v2\/product"}],"about":[{"href":"https:\/\/mafourniture.ma\/ar\/wp-json\/wp\/v2\/types\/product"}],"replies":[{"embeddable":true,"href":"https:\/\/mafourniture.ma\/ar\/wp-json\/wp\/v2\/comments?post=31673"}],"version-history":[{"count":2,"href":"https:\/\/mafourniture.ma\/ar\/wp-json\/wp\/v2\/product\/31673\/revisions"}],"predecessor-version":[{"id":35419,"href":"https:\/\/mafourniture.ma\/ar\/wp-json\/wp\/v2\/product\/31673\/revisions\/35419"}],"wp:featuredmedia":[{"embeddable":true,"href":"https:\/\/mafourniture.ma\/ar\/wp-json\/wp\/v2\/media\/61665"}],"wp:attachment":[{"href":"https:\/\/mafourniture.ma\/ar\/wp-json\/wp\/v2\/media?parent=31673"}],"wp:term":[{"taxonomy":"pwb-brand","embeddable":true,"href":"https:\/\/mafourniture.ma\/ar\/wp-json\/wp\/v2\/pwb-brand?post=31673"},{"taxonomy":"product_brand","embeddable":true,"href":"https:\/\/mafourniture.ma\/ar\/wp-json\/wp\/v2\/product_brand?post=31673"},{"taxonomy":"product_cat","embeddable":true,"href":"https:\/\/mafourniture.ma\/ar\/wp-json\/wp\/v2\/product_cat?post=31673"},{"taxonomy":"product_tag","embeddable":true,"href":"https:\/\/mafourniture.ma\/ar\/wp-json\/wp\/v2\/product_tag?post=31673"}],"curies":[{"name":"wp","href":"https:\/\/api.w.org\/{rel}","templated":true}]}}