{"id":31655,"date":"2024-12-13T20:50:36","date_gmt":"2024-12-13T19:50:36","guid":{"rendered":"https:\/\/mafourniture.ma\/produit\/feutre-a-pointe-en-fibre-set-de-10-couleurs-assorties-noris-staedtler-ref-326wp10\/"},"modified":"2026-04-04T06:30:52","modified_gmt":"2026-04-04T05:30:52","slug":"feutre-a-pointe-en-fibre-set-de-10-couleurs-assorties-noris-staedtler-ref-326wp10","status":"publish","type":"product","link":"https:\/\/mafourniture.ma\/ar\/product\/feutre-a-pointe-en-fibre-set-de-10-couleurs-assorties-noris-staedtler-ref-326wp10\/","title":{"rendered":"FEUTRE A POINTE EN FIBRE SET DE 10 COULEURS ASSORTIES NORIS STAEDTLER REF 326WP10"},"content":{"rendered":"<p>Etui contenant 10 stylos \u00e0 pointe en fibre de couleur assortie<\/p>\n<p>Informations sur le produit<br \/>Pointe stable et r\u00e9sistante \u00e0 la pression<br \/>SANS S\u00c9CHER &#8211; peut rester sans capuchon pendant des jours sans s\u00e9cher<br \/>Encre \u00e0 base d&rsquo;eau avec colorants alimentaires<br \/>Capuchon ventil\u00e9 conforme aux normes ISO 11540 et BS 7272-1\/2<br \/>Se lave facilement sur la plupart des textiles<br \/>Le corps et le capuchon en PP garantissent une longue dur\u00e9e de vie<br \/>Largeur de trait d&rsquo;environ 1,0 mm<br \/>Stylos individuels disponibles en 13 couleurs maximum<br \/>Disponible en 20 couleurs<\/p>","protected":false},"excerpt":{"rendered":"<p>Etui contenant 10 stylos \u00e0 pointe en fibre de couleur assortie Informations sur le produitPointe stable et r\u00e9sistante \u00e0 la<\/p>","protected":false},"featured_media":57458,"comment_status":"open","ping_status":"closed","template":"","meta":[],"pwb-brand":[726],"product_brand":[],"product_cat":[682,694,593],"product_tag":[],"class_list":{"0":"post-31655","1":"product","2":"type-product","3":"status-publish","4":"has-post-thumbnail","6":"pwb-brand-staedlter","7":"product_cat-ecriture-et-correction-fournitures-scolaires","8":"product_cat-feutres-ecriture-et-correction-fournitures-scolaires","9":"product_cat-fournitures-scolaires","11":"first","12":"instock","13":"purchasable","14":"product-type-simple"},"jetpack_sharing_enabled":true,"brands":[{"id":726,"name":"STAEDLTER","slug":"staedlter"}],"_links":{"self":[{"href":"https:\/\/mafourniture.ma\/ar\/wp-json\/wp\/v2\/product\/31655","targetHints":{"allow":["GET"]}}],"collection":[{"href":"https:\/\/mafourniture.ma\/ar\/wp-json\/wp\/v2\/product"}],"about":[{"href":"https:\/\/mafourniture.ma\/ar\/wp-json\/wp\/v2\/types\/product"}],"replies":[{"embeddable":true,"href":"https:\/\/mafourniture.ma\/ar\/wp-json\/wp\/v2\/comments?post=31655"}],"version-history":[{"count":3,"href":"https:\/\/mafourniture.ma\/ar\/wp-json\/wp\/v2\/product\/31655\/revisions"}],"predecessor-version":[{"id":35400,"href":"https:\/\/mafourniture.ma\/ar\/wp-json\/wp\/v2\/product\/31655\/revisions\/35400"}],"wp:featuredmedia":[{"embeddable":true,"href":"https:\/\/mafourniture.ma\/ar\/wp-json\/wp\/v2\/media\/57458"}],"wp:attachment":[{"href":"https:\/\/mafourniture.ma\/ar\/wp-json\/wp\/v2\/media?parent=31655"}],"wp:term":[{"taxonomy":"pwb-brand","embeddable":true,"href":"https:\/\/mafourniture.ma\/ar\/wp-json\/wp\/v2\/pwb-brand?post=31655"},{"taxonomy":"product_brand","embeddable":true,"href":"https:\/\/mafourniture.ma\/ar\/wp-json\/wp\/v2\/product_brand?post=31655"},{"taxonomy":"product_cat","embeddable":true,"href":"https:\/\/mafourniture.ma\/ar\/wp-json\/wp\/v2\/product_cat?post=31655"},{"taxonomy":"product_tag","embeddable":true,"href":"https:\/\/mafourniture.ma\/ar\/wp-json\/wp\/v2\/product_tag?post=31655"}],"curies":[{"name":"wp","href":"https:\/\/api.w.org\/{rel}","templated":true}]}}