{"id":31569,"date":"2024-12-13T20:24:58","date_gmt":"2024-12-13T19:24:58","guid":{"rendered":"https:\/\/mafourniture.ma\/produit\/gouache-de-qualite-fluo-flacon-300-ml-avec-bouchon-doseur-orange-primo-ref-255tf300250\/"},"modified":"2026-05-01T05:25:12","modified_gmt":"2026-05-01T04:25:12","slug":"gouache-de-qualite-fluo-flacon-300-ml-avec-bouchon-doseur-orange-primo-ref-255tf300250","status":"publish","type":"product","link":"https:\/\/mafourniture.ma\/ar\/product\/gouache-de-qualite-fluo-flacon-300-ml-avec-bouchon-doseur-orange-primo-ref-255tf300250\/","title":{"rendered":"GOUACHE DE QUALITE FLUO FLACON 300 ML AVEC BOUCHON DOSEUR ORANGE PRIMO REF 255TF300250"},"content":{"rendered":"<p>Peinture gouache pr\u00eate \u00e0 l&rsquo;usage, de premi\u00e8re qualit\u00e9, en 6 couleurs fluos. Facile \u00e0 appliquer, elle permet de r\u00e9aliser des travaux \u00e0 effet fluo intense en superposant les couches. Si appliqu\u00e9e en couches fines elle permet d&rsquo;obtenir un voile fluorescent. Bien qu&rsquo;elle soit compatible avec toutes les peintures \u00e0 l&rsquo;eau de la ligne Morocolor, les peintures vont ensemble et constituent une famille \u00e0 part. Le coup de pinceau qui en r\u00e9sulte est uniforme avec de magnifiques r\u00e9sultats brillants et intenses dans les tonalit\u00e9s. Elle peut \u00eatre utilis\u00e9e sur diff\u00e9rentes surfaces : papier, papier cartonn\u00e9, bois, textile, verre, m\u00e9tal, plastique et terre cuite. Elle peut \u00eatre fix\u00e9e avec un vernis ou un fixateur de couleur appropri\u00e9. Nettoyer les taches sur textiles en suivant les instructions. Retirez le bouchon de s\u00e9curit\u00e9 avant l&rsquo;utilisation.<\/p>","protected":false},"excerpt":{"rendered":"<p>Peinture gouache pr\u00eate \u00e0 l&rsquo;usage, de premi\u00e8re qualit\u00e9, en 6 couleurs fluos. Facile \u00e0 appliquer, elle permet de r\u00e9aliser des<\/p>","protected":false},"featured_media":61601,"comment_status":"open","ping_status":"closed","template":"","meta":[],"pwb-brand":[768],"product_brand":[],"product_cat":[602,593,766,767],"product_tag":[],"class_list":{"0":"post-31569","1":"product","2":"type-product","3":"status-publish","4":"has-post-thumbnail","6":"pwb-brand-primo","7":"product_cat-dessin-et-peinture","8":"product_cat-fournitures-scolaires","9":"product_cat-peinture-dessin-et-peinture","10":"product_cat-peinture-gouache-peinture-dessin-et-peinture","12":"first","13":"instock","14":"purchasable","15":"product-type-simple"},"jetpack_sharing_enabled":true,"brands":[{"id":768,"name":"PRIMO","slug":"primo"}],"_links":{"self":[{"href":"https:\/\/mafourniture.ma\/ar\/wp-json\/wp\/v2\/product\/31569","targetHints":{"allow":["GET"]}}],"collection":[{"href":"https:\/\/mafourniture.ma\/ar\/wp-json\/wp\/v2\/product"}],"about":[{"href":"https:\/\/mafourniture.ma\/ar\/wp-json\/wp\/v2\/types\/product"}],"replies":[{"embeddable":true,"href":"https:\/\/mafourniture.ma\/ar\/wp-json\/wp\/v2\/comments?post=31569"}],"version-history":[{"count":2,"href":"https:\/\/mafourniture.ma\/ar\/wp-json\/wp\/v2\/product\/31569\/revisions"}],"predecessor-version":[{"id":35312,"href":"https:\/\/mafourniture.ma\/ar\/wp-json\/wp\/v2\/product\/31569\/revisions\/35312"}],"wp:featuredmedia":[{"embeddable":true,"href":"https:\/\/mafourniture.ma\/ar\/wp-json\/wp\/v2\/media\/61601"}],"wp:attachment":[{"href":"https:\/\/mafourniture.ma\/ar\/wp-json\/wp\/v2\/media?parent=31569"}],"wp:term":[{"taxonomy":"pwb-brand","embeddable":true,"href":"https:\/\/mafourniture.ma\/ar\/wp-json\/wp\/v2\/pwb-brand?post=31569"},{"taxonomy":"product_brand","embeddable":true,"href":"https:\/\/mafourniture.ma\/ar\/wp-json\/wp\/v2\/product_brand?post=31569"},{"taxonomy":"product_cat","embeddable":true,"href":"https:\/\/mafourniture.ma\/ar\/wp-json\/wp\/v2\/product_cat?post=31569"},{"taxonomy":"product_tag","embeddable":true,"href":"https:\/\/mafourniture.ma\/ar\/wp-json\/wp\/v2\/product_tag?post=31569"}],"curies":[{"name":"wp","href":"https:\/\/api.w.org\/{rel}","templated":true}]}}