{"id":31568,"date":"2024-12-13T20:24:40","date_gmt":"2024-12-13T19:24:40","guid":{"rendered":"https:\/\/mafourniture.ma\/produit\/marqueur-permanent-bleu-faber-castell-ref-254251\/"},"modified":"2026-04-29T05:24:53","modified_gmt":"2026-04-29T04:24:53","slug":"marqueur-permanent-bleu-faber-castell-ref-254251","status":"publish","type":"product","link":"https:\/\/mafourniture.ma\/ar\/product\/marqueur-permanent-bleu-faber-castell-ref-254251\/","title":{"rendered":"MARQUEUR PERMANENT BLEU FABER CASTELL REF 254251"},"content":{"rendered":"<p>Marque sur la plupart des surfaces, marquage permanent et brillant, encre haute intensit\u00e9 pour une lecture facile, garder le bouchon ferm\u00e9 lorsqu&rsquo;il n&rsquo;est pas utilis\u00e9.<\/p>","protected":false},"excerpt":{"rendered":"<p>Marque sur la plupart des surfaces, marquage permanent et brillant, encre haute intensit\u00e9 pour une lecture facile, garder le bouchon<\/p>","protected":false},"featured_media":59434,"comment_status":"open","ping_status":"closed","template":"","meta":[],"pwb-brand":[604],"product_brand":[],"product_cat":[645,597,739],"product_tag":[],"class_list":{"0":"post-31568","1":"product","2":"type-product","3":"status-publish","4":"has-post-thumbnail","6":"pwb-brand-faber-castell","7":"product_cat-ecriture-et-correction","8":"product_cat-fournitures-de-bureau","9":"product_cat-marqueurs-ecriture-et-correction","11":"first","12":"instock","13":"taxable","14":"shipping-taxable","15":"purchasable","16":"product-type-simple"},"jetpack_sharing_enabled":true,"brands":[{"id":604,"name":"FABER CASTELL","slug":"faber-castell"}],"_links":{"self":[{"href":"https:\/\/mafourniture.ma\/ar\/wp-json\/wp\/v2\/product\/31568","targetHints":{"allow":["GET"]}}],"collection":[{"href":"https:\/\/mafourniture.ma\/ar\/wp-json\/wp\/v2\/product"}],"about":[{"href":"https:\/\/mafourniture.ma\/ar\/wp-json\/wp\/v2\/types\/product"}],"replies":[{"embeddable":true,"href":"https:\/\/mafourniture.ma\/ar\/wp-json\/wp\/v2\/comments?post=31568"}],"version-history":[{"count":2,"href":"https:\/\/mafourniture.ma\/ar\/wp-json\/wp\/v2\/product\/31568\/revisions"}],"predecessor-version":[{"id":35310,"href":"https:\/\/mafourniture.ma\/ar\/wp-json\/wp\/v2\/product\/31568\/revisions\/35310"}],"wp:featuredmedia":[{"embeddable":true,"href":"https:\/\/mafourniture.ma\/ar\/wp-json\/wp\/v2\/media\/59434"}],"wp:attachment":[{"href":"https:\/\/mafourniture.ma\/ar\/wp-json\/wp\/v2\/media?parent=31568"}],"wp:term":[{"taxonomy":"pwb-brand","embeddable":true,"href":"https:\/\/mafourniture.ma\/ar\/wp-json\/wp\/v2\/pwb-brand?post=31568"},{"taxonomy":"product_brand","embeddable":true,"href":"https:\/\/mafourniture.ma\/ar\/wp-json\/wp\/v2\/product_brand?post=31568"},{"taxonomy":"product_cat","embeddable":true,"href":"https:\/\/mafourniture.ma\/ar\/wp-json\/wp\/v2\/product_cat?post=31568"},{"taxonomy":"product_tag","embeddable":true,"href":"https:\/\/mafourniture.ma\/ar\/wp-json\/wp\/v2\/product_tag?post=31568"}],"curies":[{"name":"wp","href":"https:\/\/api.w.org\/{rel}","templated":true}]}}