{"id":31567,"date":"2024-12-13T20:24:22","date_gmt":"2024-12-13T19:24:22","guid":{"rendered":"https:\/\/mafourniture.ma\/produit\/marqueur-tableau-non-permanent-vert-faber-castell-ref-254063\/"},"modified":"2026-05-15T05:24:53","modified_gmt":"2026-05-15T04:24:53","slug":"marqueur-tableau-non-permanent-vert-faber-castell-ref-254063","status":"publish","type":"product","link":"https:\/\/mafourniture.ma\/ar\/product\/marqueur-tableau-non-permanent-vert-faber-castell-ref-254063\/","title":{"rendered":"MARQUEUR TABLEAU NON PERMANENT VERT FABER-CASTELL REF 254063"},"content":{"rendered":"<p>Marqueur pour tableau blanc W20, vert<br \/>Marqueur pour tableau blanc rechargeable avec une encre exceptionnellement fonc\u00e9e et une largeur de trait de 2,25 mm rendant le texte sur le tableau blanc tr\u00e8s visible et clair. Pointe ogive durable qui peut durer pendant plusieurs recharges. Syst\u00e8me de recharge pratique. Facile \u00e0 essuyer, m\u00eame apr\u00e8s une semaine. Pour une meilleure performance, placez le marqueur pointe en bas pendant une heure avant de commencer \u00e0 \u00e9crire.<\/p>\n<p>D\u00e9tails du produit<br \/>Jusqu&rsquo;\u00e0 48 heures de temps de bouchage<br \/>Sans xyl\u00e8ne<br \/>Faible odeur<br \/>Recharge disponible<br \/>Disponible en plusieurs couleurs<br \/>Couleur : vert<\/p>","protected":false},"excerpt":{"rendered":"<p>Marqueur pour tableau blanc W20, vertMarqueur pour tableau blanc rechargeable avec une encre exceptionnellement fonc\u00e9e et une largeur de trait<\/p>","protected":false},"featured_media":70307,"comment_status":"open","ping_status":"closed","template":"","meta":[],"pwb-brand":[604],"product_brand":[],"product_cat":[645,597,739],"product_tag":[],"class_list":{"0":"post-31567","1":"product","2":"type-product","3":"status-publish","4":"has-post-thumbnail","6":"pwb-brand-faber-castell","7":"product_cat-ecriture-et-correction","8":"product_cat-fournitures-de-bureau","9":"product_cat-marqueurs-ecriture-et-correction","11":"first","12":"instock","13":"taxable","14":"shipping-taxable","15":"purchasable","16":"product-type-simple"},"jetpack_sharing_enabled":true,"brands":[{"id":604,"name":"FABER CASTELL","slug":"faber-castell"}],"_links":{"self":[{"href":"https:\/\/mafourniture.ma\/ar\/wp-json\/wp\/v2\/product\/31567","targetHints":{"allow":["GET"]}}],"collection":[{"href":"https:\/\/mafourniture.ma\/ar\/wp-json\/wp\/v2\/product"}],"about":[{"href":"https:\/\/mafourniture.ma\/ar\/wp-json\/wp\/v2\/types\/product"}],"replies":[{"embeddable":true,"href":"https:\/\/mafourniture.ma\/ar\/wp-json\/wp\/v2\/comments?post=31567"}],"version-history":[{"count":2,"href":"https:\/\/mafourniture.ma\/ar\/wp-json\/wp\/v2\/product\/31567\/revisions"}],"predecessor-version":[{"id":35308,"href":"https:\/\/mafourniture.ma\/ar\/wp-json\/wp\/v2\/product\/31567\/revisions\/35308"}],"wp:featuredmedia":[{"embeddable":true,"href":"https:\/\/mafourniture.ma\/ar\/wp-json\/wp\/v2\/media\/70307"}],"wp:attachment":[{"href":"https:\/\/mafourniture.ma\/ar\/wp-json\/wp\/v2\/media?parent=31567"}],"wp:term":[{"taxonomy":"pwb-brand","embeddable":true,"href":"https:\/\/mafourniture.ma\/ar\/wp-json\/wp\/v2\/pwb-brand?post=31567"},{"taxonomy":"product_brand","embeddable":true,"href":"https:\/\/mafourniture.ma\/ar\/wp-json\/wp\/v2\/product_brand?post=31567"},{"taxonomy":"product_cat","embeddable":true,"href":"https:\/\/mafourniture.ma\/ar\/wp-json\/wp\/v2\/product_cat?post=31567"},{"taxonomy":"product_tag","embeddable":true,"href":"https:\/\/mafourniture.ma\/ar\/wp-json\/wp\/v2\/product_tag?post=31567"}],"curies":[{"name":"wp","href":"https:\/\/api.w.org\/{rel}","templated":true}]}}