{"id":31541,"date":"2024-12-13T20:17:24","date_gmt":"2024-12-13T19:17:24","guid":{"rendered":"https:\/\/mafourniture.ma\/produit\/taille-crayon-juicy-milan-ref-20164132\/"},"modified":"2026-05-15T05:14:58","modified_gmt":"2026-05-15T04:14:58","slug":"taille-crayon-juicy-milan-ref-20164132","status":"publish","type":"product","link":"https:\/\/mafourniture.ma\/ar\/product\/taille-crayon-juicy-milan-ref-20164132\/","title":{"rendered":"TAILLE CRAYON JUICY MILAN REF 20164132"},"content":{"rendered":"<p>Taille-crayons \u00e0 r\u00e9servoir. Le taille-crayons poss\u00e8de une lame en aciercarbone, coupante et r\u00e9sistante, id\u00e9ale pour tout type de crayons. Article avec une lame de s\u00e9curit\u00e9. Ce syst\u00e8me emp\u00eache la s\u00e9paration de la lame et du corps du taille-crayonjaune, pour un usage scolaire. Con\u00e7u enen Espagne par le d\u00e9partement R+D de Milan. Couleurs assorties disponibles: jaune, bleu, orange, vert.<\/p>","protected":false},"excerpt":{"rendered":"<p>Taille-crayons \u00e0 r\u00e9servoir. Le taille-crayons poss\u00e8de une lame en aciercarbone, coupante et r\u00e9sistante, id\u00e9ale pour tout type de crayons. Article<\/p>","protected":false},"featured_media":70294,"comment_status":"open","ping_status":"closed","template":"","meta":[],"pwb-brand":[654],"product_brand":[],"product_cat":[683,682,593,747],"product_tag":[],"class_list":{"0":"post-31541","1":"product","2":"type-product","3":"status-publish","4":"has-post-thumbnail","6":"pwb-brand-milan","7":"product_cat-crayons-porte-mines-et-tailles-crayons-ecriture-et-correction-fournitures-scolaires","8":"product_cat-ecriture-et-correction-fournitures-scolaires","9":"product_cat-fournitures-scolaires","10":"product_cat-tailles-crayons-crayons-porte-mines-et-tailles-crayons-ecriture-et-correction-fournitures-scolaires","12":"first","13":"instock","14":"purchasable","15":"product-type-simple"},"jetpack_sharing_enabled":true,"brands":[{"id":654,"name":"MILAN","slug":"milan"}],"_links":{"self":[{"href":"https:\/\/mafourniture.ma\/ar\/wp-json\/wp\/v2\/product\/31541","targetHints":{"allow":["GET"]}}],"collection":[{"href":"https:\/\/mafourniture.ma\/ar\/wp-json\/wp\/v2\/product"}],"about":[{"href":"https:\/\/mafourniture.ma\/ar\/wp-json\/wp\/v2\/types\/product"}],"replies":[{"embeddable":true,"href":"https:\/\/mafourniture.ma\/ar\/wp-json\/wp\/v2\/comments?post=31541"}],"version-history":[{"count":3,"href":"https:\/\/mafourniture.ma\/ar\/wp-json\/wp\/v2\/product\/31541\/revisions"}],"predecessor-version":[{"id":35279,"href":"https:\/\/mafourniture.ma\/ar\/wp-json\/wp\/v2\/product\/31541\/revisions\/35279"}],"wp:featuredmedia":[{"embeddable":true,"href":"https:\/\/mafourniture.ma\/ar\/wp-json\/wp\/v2\/media\/70294"}],"wp:attachment":[{"href":"https:\/\/mafourniture.ma\/ar\/wp-json\/wp\/v2\/media?parent=31541"}],"wp:term":[{"taxonomy":"pwb-brand","embeddable":true,"href":"https:\/\/mafourniture.ma\/ar\/wp-json\/wp\/v2\/pwb-brand?post=31541"},{"taxonomy":"product_brand","embeddable":true,"href":"https:\/\/mafourniture.ma\/ar\/wp-json\/wp\/v2\/product_brand?post=31541"},{"taxonomy":"product_cat","embeddable":true,"href":"https:\/\/mafourniture.ma\/ar\/wp-json\/wp\/v2\/product_cat?post=31541"},{"taxonomy":"product_tag","embeddable":true,"href":"https:\/\/mafourniture.ma\/ar\/wp-json\/wp\/v2\/product_tag?post=31541"}],"curies":[{"name":"wp","href":"https:\/\/api.w.org\/{rel}","templated":true}]}}