{"id":31510,"date":"2024-12-13T20:07:59","date_gmt":"2024-12-13T19:07:59","guid":{"rendered":"https:\/\/mafourniture.ma\/produit\/lave-pinceau-faber-castell-bleu-ref-181510\/"},"modified":"2026-04-03T05:32:12","modified_gmt":"2026-04-03T04:32:12","slug":"lave-pinceau-faber-castell-bleu-ref-181510","status":"publish","type":"product","link":"https:\/\/mafourniture.ma\/ar\/product\/lave-pinceau-faber-castell-bleu-ref-181510\/","title":{"rendered":"LAVE PINCEAU FABER CASTELL BLEU REF 181510"},"content":{"rendered":"<p>Le gobelet \u00e0 eau pratique de Faber-Castell est pliable et passe au lave-vaisselle. Le rebord ondul\u00e9 sert de plateau \u00e0 brosses, de sorte que le poste de travail reste propre. C&rsquo;est le compagnon id\u00e9al pour tous les crayons d&rsquo;aquarelle et les bo\u00eetes de peinture.<\/p>\n<p>Informations sur Faber-Castell CLIC&amp;GO Water Mug Blue<br \/>&#8211; Mug en plastique, lavable au lave-vaisselle<br \/>&#8211; M\u00e9canisme de pliage pour un rangement facile<br \/>&#8211; Bord ondul\u00e9 comme plateau de brosse<br \/>&#8211; taille 100 x 100 x 100 mm<\/p>","protected":false},"excerpt":{"rendered":"<p>Le gobelet \u00e0 eau pratique de Faber-Castell est pliable et passe au lave-vaisselle. Le rebord ondul\u00e9 sert de plateau \u00e0<\/p>","protected":false},"featured_media":57325,"comment_status":"open","ping_status":"closed","template":"","meta":[],"pwb-brand":[604],"product_brand":[],"product_cat":[1173,920,1174],"product_tag":[],"class_list":{"0":"post-31510","1":"product","2":"type-product","3":"status-publish","4":"has-post-thumbnail","6":"pwb-brand-faber-castell","7":"product_cat-dessin-et-peinture-mobilier-de-bureau","8":"product_cat-mobilier-de-bureau","9":"product_cat-pinceaux-dessin-et-peinture-mobilier-de-bureau","11":"first","12":"instock","13":"taxable","14":"shipping-taxable","15":"purchasable","16":"product-type-simple"},"jetpack_sharing_enabled":true,"brands":[{"id":604,"name":"FABER CASTELL","slug":"faber-castell"}],"_links":{"self":[{"href":"https:\/\/mafourniture.ma\/ar\/wp-json\/wp\/v2\/product\/31510","targetHints":{"allow":["GET"]}}],"collection":[{"href":"https:\/\/mafourniture.ma\/ar\/wp-json\/wp\/v2\/product"}],"about":[{"href":"https:\/\/mafourniture.ma\/ar\/wp-json\/wp\/v2\/types\/product"}],"replies":[{"embeddable":true,"href":"https:\/\/mafourniture.ma\/ar\/wp-json\/wp\/v2\/comments?post=31510"}],"version-history":[{"count":3,"href":"https:\/\/mafourniture.ma\/ar\/wp-json\/wp\/v2\/product\/31510\/revisions"}],"predecessor-version":[{"id":35238,"href":"https:\/\/mafourniture.ma\/ar\/wp-json\/wp\/v2\/product\/31510\/revisions\/35238"}],"wp:featuredmedia":[{"embeddable":true,"href":"https:\/\/mafourniture.ma\/ar\/wp-json\/wp\/v2\/media\/57325"}],"wp:attachment":[{"href":"https:\/\/mafourniture.ma\/ar\/wp-json\/wp\/v2\/media?parent=31510"}],"wp:term":[{"taxonomy":"pwb-brand","embeddable":true,"href":"https:\/\/mafourniture.ma\/ar\/wp-json\/wp\/v2\/pwb-brand?post=31510"},{"taxonomy":"product_brand","embeddable":true,"href":"https:\/\/mafourniture.ma\/ar\/wp-json\/wp\/v2\/product_brand?post=31510"},{"taxonomy":"product_cat","embeddable":true,"href":"https:\/\/mafourniture.ma\/ar\/wp-json\/wp\/v2\/product_cat?post=31510"},{"taxonomy":"product_tag","embeddable":true,"href":"https:\/\/mafourniture.ma\/ar\/wp-json\/wp\/v2\/product_tag?post=31510"}],"curies":[{"name":"wp","href":"https:\/\/api.w.org\/{rel}","templated":true}]}}