{"id":31503,"date":"2024-12-13T20:06:03","date_gmt":"2024-12-13T19:06:03","guid":{"rendered":"https:\/\/mafourniture.ma\/produit\/boite-de-12-stylos-p1-touch-couleur-orange-milan-ref-176550212\/"},"modified":"2026-05-15T05:04:31","modified_gmt":"2026-05-15T04:04:31","slug":"boite-de-12-stylos-p1-touch-couleur-orange-milan-ref-176550212","status":"publish","type":"product","link":"https:\/\/mafourniture.ma\/ar\/product\/boite-de-12-stylos-p1-touch-couleur-orange-milan-ref-176550212\/","title":{"rendered":"BOITE DE 12 STYLOS P1 TOUCH COULEUR ORANGE MILAN REF 176550212"},"content":{"rendered":"<p>Stylo P1 touch Colours lilas, avec corps de la m\u00eame couleur que l\u2019encre. Longueur d\u2019\u00e9criture approximative de 1.200 m\u00e8tres. Pointe 1 mm. Design original con\u00e7u par le d\u00e9partement R+D de MILAN. Dimensions du stylo : 14,1 x 1,7 cm. 1 cm \u00d8.<\/p>","protected":false},"excerpt":{"rendered":"<p>Stylo P1 touch Colours lilas, avec corps de la m\u00eame couleur que l\u2019encre. Longueur d\u2019\u00e9criture approximative de 1.200 m\u00e8tres. Pointe<\/p>","protected":false},"featured_media":70277,"comment_status":"open","ping_status":"closed","template":"","meta":[],"pwb-brand":[654],"product_brand":[],"product_cat":[682,593,712],"product_tag":[],"class_list":{"0":"post-31503","1":"product","2":"type-product","3":"status-publish","4":"has-post-thumbnail","6":"pwb-brand-milan","7":"product_cat-ecriture-et-correction-fournitures-scolaires","8":"product_cat-fournitures-scolaires","9":"product_cat-stylos-ecriture-et-correction-fournitures-scolaires","11":"first","12":"instock","13":"purchasable","14":"product-type-simple"},"jetpack_sharing_enabled":true,"brands":[{"id":654,"name":"MILAN","slug":"milan"}],"_links":{"self":[{"href":"https:\/\/mafourniture.ma\/ar\/wp-json\/wp\/v2\/product\/31503","targetHints":{"allow":["GET"]}}],"collection":[{"href":"https:\/\/mafourniture.ma\/ar\/wp-json\/wp\/v2\/product"}],"about":[{"href":"https:\/\/mafourniture.ma\/ar\/wp-json\/wp\/v2\/types\/product"}],"replies":[{"embeddable":true,"href":"https:\/\/mafourniture.ma\/ar\/wp-json\/wp\/v2\/comments?post=31503"}],"version-history":[{"count":3,"href":"https:\/\/mafourniture.ma\/ar\/wp-json\/wp\/v2\/product\/31503\/revisions"}],"predecessor-version":[{"id":35230,"href":"https:\/\/mafourniture.ma\/ar\/wp-json\/wp\/v2\/product\/31503\/revisions\/35230"}],"wp:featuredmedia":[{"embeddable":true,"href":"https:\/\/mafourniture.ma\/ar\/wp-json\/wp\/v2\/media\/70277"}],"wp:attachment":[{"href":"https:\/\/mafourniture.ma\/ar\/wp-json\/wp\/v2\/media?parent=31503"}],"wp:term":[{"taxonomy":"pwb-brand","embeddable":true,"href":"https:\/\/mafourniture.ma\/ar\/wp-json\/wp\/v2\/pwb-brand?post=31503"},{"taxonomy":"product_brand","embeddable":true,"href":"https:\/\/mafourniture.ma\/ar\/wp-json\/wp\/v2\/product_brand?post=31503"},{"taxonomy":"product_cat","embeddable":true,"href":"https:\/\/mafourniture.ma\/ar\/wp-json\/wp\/v2\/product_cat?post=31503"},{"taxonomy":"product_tag","embeddable":true,"href":"https:\/\/mafourniture.ma\/ar\/wp-json\/wp\/v2\/product_tag?post=31503"}],"curies":[{"name":"wp","href":"https:\/\/api.w.org\/{rel}","templated":true}]}}