{"id":31500,"date":"2024-12-13T20:05:05","date_gmt":"2024-12-13T19:05:05","guid":{"rendered":"https:\/\/mafourniture.ma\/produit\/stylo-p1-touch-bleu-milan-ref-176513925\/"},"modified":"2026-04-29T05:04:52","modified_gmt":"2026-04-29T04:04:52","slug":"stylo-p1-touch-bleu-milan-ref-176513925","status":"publish","type":"product","link":"https:\/\/mafourniture.ma\/ar\/product\/stylo-p1-touch-bleu-milan-ref-176513925\/","title":{"rendered":"STYLO P1 TOUCH BLEU MILAN REF 176513925"},"content":{"rendered":"<p>Stylo P1 touch vert, avec corps de la m\u00eame couleur que l\u2019encre. Longueur d\u2019\u00e9criture approximative de 1.200 m\u00e8tres. Pointe 1 mm. Encre fabriqu\u00e9een Allemagne. Design original con\u00e7u par le d\u00e9partement R+D de MILAN. Dimensions du stylo : 14,1 x 1,7 lilas,\u00d8.<\/p>","protected":false},"excerpt":{"rendered":"<p>Stylo P1 touch vert, avec corps de la m\u00eame couleur que l\u2019encre. Longueur d\u2019\u00e9criture approximative de 1.200 m\u00e8tres. Pointe 1<\/p>","protected":false},"featured_media":59401,"comment_status":"open","ping_status":"closed","template":"","meta":[],"pwb-brand":[654],"product_brand":[],"product_cat":[645,597,693],"product_tag":[],"class_list":{"0":"post-31500","1":"product","2":"type-product","3":"status-publish","4":"has-post-thumbnail","6":"pwb-brand-milan","7":"product_cat-ecriture-et-correction","8":"product_cat-fournitures-de-bureau","9":"product_cat-stylos-ecriture-et-correction","11":"first","12":"instock","13":"taxable","14":"shipping-taxable","15":"purchasable","16":"product-type-simple"},"jetpack_sharing_enabled":true,"brands":[{"id":654,"name":"MILAN","slug":"milan"}],"_links":{"self":[{"href":"https:\/\/mafourniture.ma\/ar\/wp-json\/wp\/v2\/product\/31500","targetHints":{"allow":["GET"]}}],"collection":[{"href":"https:\/\/mafourniture.ma\/ar\/wp-json\/wp\/v2\/product"}],"about":[{"href":"https:\/\/mafourniture.ma\/ar\/wp-json\/wp\/v2\/types\/product"}],"replies":[{"embeddable":true,"href":"https:\/\/mafourniture.ma\/ar\/wp-json\/wp\/v2\/comments?post=31500"}],"version-history":[{"count":3,"href":"https:\/\/mafourniture.ma\/ar\/wp-json\/wp\/v2\/product\/31500\/revisions"}],"predecessor-version":[{"id":35224,"href":"https:\/\/mafourniture.ma\/ar\/wp-json\/wp\/v2\/product\/31500\/revisions\/35224"}],"wp:featuredmedia":[{"embeddable":true,"href":"https:\/\/mafourniture.ma\/ar\/wp-json\/wp\/v2\/media\/59401"}],"wp:attachment":[{"href":"https:\/\/mafourniture.ma\/ar\/wp-json\/wp\/v2\/media?parent=31500"}],"wp:term":[{"taxonomy":"pwb-brand","embeddable":true,"href":"https:\/\/mafourniture.ma\/ar\/wp-json\/wp\/v2\/pwb-brand?post=31500"},{"taxonomy":"product_brand","embeddable":true,"href":"https:\/\/mafourniture.ma\/ar\/wp-json\/wp\/v2\/product_brand?post=31500"},{"taxonomy":"product_cat","embeddable":true,"href":"https:\/\/mafourniture.ma\/ar\/wp-json\/wp\/v2\/product_cat?post=31500"},{"taxonomy":"product_tag","embeddable":true,"href":"https:\/\/mafourniture.ma\/ar\/wp-json\/wp\/v2\/product_tag?post=31500"}],"curies":[{"name":"wp","href":"https:\/\/api.w.org\/{rel}","templated":true}]}}