{"id":31493,"date":"2024-12-13T20:02:39","date_gmt":"2024-12-13T19:02:39","guid":{"rendered":"https:\/\/mafourniture.ma\/produit\/fluorescent-capsule-fluo-marker-vert-milan-ref-161898412\/"},"modified":"2026-04-17T04:57:11","modified_gmt":"2026-04-17T03:57:11","slug":"fluorescent-capsule-fluo-marker-vert-milan-ref-161898412","status":"publish","type":"product","link":"https:\/\/mafourniture.ma\/ar\/product\/fluorescent-capsule-fluo-marker-vert-milan-ref-161898412\/","title":{"rendered":"FLUORESCENT CAPSULE FLUO MARKER VERT MILAN REF 161898412"},"content":{"rendered":"<p>Feutres fluorescents CAPSULE couleur verte. Mod\u00e8le CAPSULE original, cr\u00e9\u00e9 et enregistr\u00e9 par MILAN. Pointe biseaut\u00e9e 2 &#8211; 4 mm. Pour souligner etfaire ressortir des parties de texte sur le papier, les photocopies ou le papier thermique.<\/p>","protected":false},"excerpt":{"rendered":"<p>Feutres fluorescents CAPSULE couleur verte. Mod\u00e8le CAPSULE original, cr\u00e9\u00e9 et enregistr\u00e9 par MILAN. Pointe biseaut\u00e9e 2 &#8211; 4 mm. Pour<\/p>","protected":false},"featured_media":57308,"comment_status":"open","ping_status":"closed","template":"","meta":[],"pwb-brand":[654],"product_brand":[],"product_cat":[645,597,646],"product_tag":[],"class_list":{"0":"post-31493","1":"product","2":"type-product","3":"status-publish","4":"has-post-thumbnail","6":"pwb-brand-milan","7":"product_cat-ecriture-et-correction","8":"product_cat-fournitures-de-bureau","9":"product_cat-surligneur","11":"first","12":"instock","13":"taxable","14":"shipping-taxable","15":"purchasable","16":"product-type-simple"},"jetpack_sharing_enabled":true,"brands":[{"id":654,"name":"MILAN","slug":"milan"}],"_links":{"self":[{"href":"https:\/\/mafourniture.ma\/ar\/wp-json\/wp\/v2\/product\/31493","targetHints":{"allow":["GET"]}}],"collection":[{"href":"https:\/\/mafourniture.ma\/ar\/wp-json\/wp\/v2\/product"}],"about":[{"href":"https:\/\/mafourniture.ma\/ar\/wp-json\/wp\/v2\/types\/product"}],"replies":[{"embeddable":true,"href":"https:\/\/mafourniture.ma\/ar\/wp-json\/wp\/v2\/comments?post=31493"}],"version-history":[{"count":2,"href":"https:\/\/mafourniture.ma\/ar\/wp-json\/wp\/v2\/product\/31493\/revisions"}],"predecessor-version":[{"id":35211,"href":"https:\/\/mafourniture.ma\/ar\/wp-json\/wp\/v2\/product\/31493\/revisions\/35211"}],"wp:featuredmedia":[{"embeddable":true,"href":"https:\/\/mafourniture.ma\/ar\/wp-json\/wp\/v2\/media\/57308"}],"wp:attachment":[{"href":"https:\/\/mafourniture.ma\/ar\/wp-json\/wp\/v2\/media?parent=31493"}],"wp:term":[{"taxonomy":"pwb-brand","embeddable":true,"href":"https:\/\/mafourniture.ma\/ar\/wp-json\/wp\/v2\/pwb-brand?post=31493"},{"taxonomy":"product_brand","embeddable":true,"href":"https:\/\/mafourniture.ma\/ar\/wp-json\/wp\/v2\/product_brand?post=31493"},{"taxonomy":"product_cat","embeddable":true,"href":"https:\/\/mafourniture.ma\/ar\/wp-json\/wp\/v2\/product_cat?post=31493"},{"taxonomy":"product_tag","embeddable":true,"href":"https:\/\/mafourniture.ma\/ar\/wp-json\/wp\/v2\/product_tag?post=31493"}],"curies":[{"name":"wp","href":"https:\/\/api.w.org\/{rel}","templated":true}]}}